{"id":35903,"date":"2025-03-05T18:24:51","date_gmt":"2025-03-05T18:24:51","guid":{"rendered":"https:\/\/marqalicante-admin.qwair.com\/item\/antoniniano-anos-283-284-d-c\/"},"modified":"2025-03-05T18:27:53","modified_gmt":"2025-03-05T18:27:53","slug":"antoniniano-anos-283-284-d-c","status":"publish","type":"product","link":"https:\/\/marqalicante-admin.qwair.com\/en\/product\/antoniniano-anos-283-284-d-c\/","title":{"rendered":"<b>Antoninianum<\/b>   Years 283-284 AD"},"content":{"rendered":"","protected":false},"excerpt":{"rendered":"<h3>Roman Empire<\/h3>\n<p><b>Metal:<\/b> Copper.<br \/><b>Issuing entity: <\/b> Rome. Numeriano.<br \/><b>Mint:<\/b> Antioch (Syria).<br \/><b>Date:<\/b> Years 283-284 AD<br \/><b>Obverse:<\/b><br \/> Radiate and draped bust right. Legend: IMP CM AVR NUMERIANVS NOB C.<br \/><b>Reverse:<\/b><br \/> Emperor standing right holding sceptre with left arm and receiving globe from Jupiter (or Caro), standing left, holding sceptre. Legend: VIRTVS AVGG. Mint mark: A\/XXI.<br \/><b>Weight:<\/b> 3.42 g - <b>Diameter:<\/b> 24 mm - <b>Axes:<\/b> 6 h.<br \/><b>Described in:<\/b> RIC V.2, 376\/466.<br \/><b>Published in:<\/b><br \/>Ram\u00f3n S\u00e1nchez, J.J., Garc\u00eda Barrachina, A., Verd\u00fa Parra, E., Bayo Fuentes, S., 2010: \"Cat\u00e1logo. Antig\u00fcedad\", in Ram\u00f3n S\u00e1nchez, J.J. (ed.), Monedas. Todas las caras de la Historia. Numismatic collections of the MARQ, Alicante, p. 120.<br \/><b>Monetary Inventory Number:<\/b> 4477.<br \/>Excavation. Fontcalent<\/p>","protected":false},"featured_media":35483,"template":"","meta":{"kia_subtitle":""},"product_brand":[],"product_cat":[2316],"product_tag":[],"class_list":{"0":"post-35903","1":"product","2":"type-product","3":"status-publish","4":"has-post-thumbnail","6":"product_cat-catalogo-numismatico","8":"first","9":"instock","10":"virtual","11":"product-type-simple"},"meta_box":{"ia_expediente":"","ia_ano":"","ia_fechas_de_actuacion":"","ia_municipios_comarcas":"","ia_directores":"","ia_periodos_culturales":"","ia_tipos_de_intervencion":"","ia_equipo_tecnico":"","ia_autores":"","ia_promotores":"","ia_deposito_de_materiales":"","ia_coordenadas_utm":""},"_links":{"self":[{"href":"https:\/\/marqalicante-admin.qwair.com\/en\/wp-json\/wp\/v2\/product\/35903","targetHints":{"allow":["GET"]}}],"collection":[{"href":"https:\/\/marqalicante-admin.qwair.com\/en\/wp-json\/wp\/v2\/product"}],"about":[{"href":"https:\/\/marqalicante-admin.qwair.com\/en\/wp-json\/wp\/v2\/types\/product"}],"wp:featuredmedia":[{"embeddable":true,"href":"https:\/\/marqalicante-admin.qwair.com\/en\/wp-json\/wp\/v2\/media\/35483"}],"wp:attachment":[{"href":"https:\/\/marqalicante-admin.qwair.com\/en\/wp-json\/wp\/v2\/media?parent=35903"}],"wp:term":[{"taxonomy":"product_brand","embeddable":true,"href":"https:\/\/marqalicante-admin.qwair.com\/en\/wp-json\/wp\/v2\/product_brand?post=35903"},{"taxonomy":"product_cat","embeddable":true,"href":"https:\/\/marqalicante-admin.qwair.com\/en\/wp-json\/wp\/v2\/product_cat?post=35903"},{"taxonomy":"product_tag","embeddable":true,"href":"https:\/\/marqalicante-admin.qwair.com\/en\/wp-json\/wp\/v2\/product_tag?post=35903"}],"curies":[{"name":"wp","href":"https:\/\/api.w.org\/{rel}","templated":true}]}}