{"id":35897,"date":"2025-03-05T18:24:49","date_gmt":"2025-03-05T18:24:49","guid":{"rendered":"https:\/\/marqalicante-admin.qwair.com\/item\/sestercio-anos-161-176-d-c\/"},"modified":"2025-03-05T18:27:51","modified_gmt":"2025-03-05T18:27:51","slug":"sestercio-anos-161-176-d-c","status":"publish","type":"product","link":"https:\/\/marqalicante-admin.qwair.com\/en\/product\/sestercio-anos-161-176-d-c\/","title":{"rendered":"<b>Sestertius<\/b>   161-176 AD"},"content":{"rendered":"","protected":false},"excerpt":{"rendered":"<h3>Imperio romano<\/h3>\n<p><b>Metal:<\/b> Bronce.<br \/><b>Entidad emisora: <\/b> Roma. Marco Aurelio (a nombre de Faustina II).<br \/><b>Ceca:<\/b> Roma.<br \/><b>Fecha:<\/b> A\u00f1os 161-176 d. C.<br \/><b>Anverso:<\/b><br \/> Busto drapeado a derecha con peinado de emperatriz. Leyenda: FAVSTINA &#8211; AVGVS[ta].<br \/><b>Reverso:<\/b><br \/> Faustina de pie a izquierda con ni\u00f1os en brazos y junto a ella. Leyenda: [te]MPOR &#8211; F[elic]&#44; S-C<br \/><b>Peso:<\/b> 25.15 g &#8211; <b>Di\u00e1metro:<\/b> 31 mm &#8211; <b>Ejes:<\/b> 2 h.<br \/><b>Descrita en:<\/b> RIC III 1674.<br \/><b>Publicada en:<\/b><br \/>Abascal Palaz\u00f3n&#44; J.M.&#44; Olcina Dom\u00e9nech&#44; M.&#44; Ram\u00f3n S\u00e1nchez&#44; J.J.&#44; 1995: \u00abUn tesoro de sestercios procedente del Territorium de Dianium (Hispania Citerior)\u00bb. Alicante&#44; p. 61&#44; n\u00ba 520.<br \/><b>N\u00famero Inventario Monetario:<\/b> 3001.<br \/>Compra. Tesoro Territorium de Dianium<\/p>\n","protected":false},"featured_media":35465,"template":"","meta":{"kia_subtitle":""},"product_brand":[],"product_cat":[2316],"product_tag":[],"class_list":{"0":"post-35897","1":"product","2":"type-product","3":"status-publish","4":"has-post-thumbnail","6":"product_cat-catalogo-numismatico","8":"first","9":"instock","10":"virtual","11":"product-type-simple"},"meta_box":{"ia_expediente":"","ia_ano":"","ia_fechas_de_actuacion":"","ia_municipios_comarcas":"","ia_directores":"","ia_periodos_culturales":"","ia_tipos_de_intervencion":"","ia_equipo_tecnico":"","ia_autores":"","ia_promotores":"","ia_deposito_de_materiales":"","ia_coordenadas_utm":""},"_links":{"self":[{"href":"https:\/\/marqalicante-admin.qwair.com\/en\/wp-json\/wp\/v2\/product\/35897","targetHints":{"allow":["GET"]}}],"collection":[{"href":"https:\/\/marqalicante-admin.qwair.com\/en\/wp-json\/wp\/v2\/product"}],"about":[{"href":"https:\/\/marqalicante-admin.qwair.com\/en\/wp-json\/wp\/v2\/types\/product"}],"wp:featuredmedia":[{"embeddable":true,"href":"https:\/\/marqalicante-admin.qwair.com\/en\/wp-json\/wp\/v2\/media\/35465"}],"wp:attachment":[{"href":"https:\/\/marqalicante-admin.qwair.com\/en\/wp-json\/wp\/v2\/media?parent=35897"}],"wp:term":[{"taxonomy":"product_brand","embeddable":true,"href":"https:\/\/marqalicante-admin.qwair.com\/en\/wp-json\/wp\/v2\/product_brand?post=35897"},{"taxonomy":"product_cat","embeddable":true,"href":"https:\/\/marqalicante-admin.qwair.com\/en\/wp-json\/wp\/v2\/product_cat?post=35897"},{"taxonomy":"product_tag","embeddable":true,"href":"https:\/\/marqalicante-admin.qwair.com\/en\/wp-json\/wp\/v2\/product_tag?post=35897"}],"curies":[{"name":"wp","href":"https:\/\/api.w.org\/{rel}","templated":true}]}}