{"id":35895,"date":"2025-03-05T18:24:48","date_gmt":"2025-03-05T18:24:48","guid":{"rendered":"https:\/\/marqalicante-admin.qwair.com\/item\/semis-inicios-del-siglo-i-a-c\/"},"modified":"2025-03-05T18:27:51","modified_gmt":"2025-03-05T18:27:51","slug":"semis-inicios-del-siglo-i-a-c","status":"publish","type":"product","link":"https:\/\/marqalicante-admin.qwair.com\/en\/product\/semis-inicios-del-siglo-i-a-c\/","title":{"rendered":"<b>Semis<\/b>   Early 1st century BC"},"content":{"rendered":"","protected":false},"excerpt":{"rendered":"<h3>Late Iberian or Late Republican<\/h3>\n<p><b>Metal:<\/b> Bronze.<br \/><b>Issuing entity: <\/b> Gades (C\u00e1diz).<br \/><b>Mint:<\/b> Gades (C\u00e1diz).<br \/><b>Date:<\/b> Early 1st century BC<br \/><b>Obverse:<\/b><br \/> Head of Melqart left, covered with lion skin. In front nailed.<br \/><b>Reverse:<\/b><br \/> Two tunas left, between the heads external crescent with central dot, between the tails Phoenician letter 'aleph'. Central dot, above it Phoenician inscription MP'L, below it 'GDR.<br \/>\n<br \/><b>Weight:<\/b> 4.7 g - <b>Diameter:<\/b> 19 mm - <b>Axes:<\/b> 11 h.<br \/><b>Described in:<\/b> CNH, 89, no. 58; Vives, 79-6.<br \/><b>Published in:<\/b><br \/>Ripoll\u00e8s Alegre, P. P., 1982: La circulaci\u00f3n monetaria en la Tarraconense Mediterr\u00e1nea, Valencia, p. 223, plate 34, no. 149; Ram\u00f3n S\u00e1nchez, J.J., Garc\u00eda Barrachina, A., Verd\u00fa Parra, E., Bayo Fuentes, S., 2010: \"Cat\u00e1logo. Antig\u00fcedad\", in Ram\u00f3n S\u00e1nchez, J.J. (ed.), Monedas. Todas las caras de la Historia. Colecciones numism\u00e1ticas del MARQ, Alicante, p. 104.<br \/><b>Monetary Inventory Number:<\/b> 106.<br \/>Purchase. Isidro Albert Collection<\/p>","protected":false},"featured_media":35459,"template":"","meta":{"kia_subtitle":""},"product_brand":[],"product_cat":[2316],"product_tag":[],"class_list":{"0":"post-35895","1":"product","2":"type-product","3":"status-publish","4":"has-post-thumbnail","6":"product_cat-catalogo-numismatico","8":"first","9":"instock","10":"virtual","11":"product-type-simple"},"meta_box":{"ia_expediente":"","ia_ano":"","ia_fechas_de_actuacion":"","ia_municipios_comarcas":"","ia_directores":"","ia_periodos_culturales":"","ia_tipos_de_intervencion":"","ia_equipo_tecnico":"","ia_autores":"","ia_promotores":"","ia_deposito_de_materiales":"","ia_coordenadas_utm":""},"_links":{"self":[{"href":"https:\/\/marqalicante-admin.qwair.com\/en\/wp-json\/wp\/v2\/product\/35895","targetHints":{"allow":["GET"]}}],"collection":[{"href":"https:\/\/marqalicante-admin.qwair.com\/en\/wp-json\/wp\/v2\/product"}],"about":[{"href":"https:\/\/marqalicante-admin.qwair.com\/en\/wp-json\/wp\/v2\/types\/product"}],"wp:featuredmedia":[{"embeddable":true,"href":"https:\/\/marqalicante-admin.qwair.com\/en\/wp-json\/wp\/v2\/media\/35459"}],"wp:attachment":[{"href":"https:\/\/marqalicante-admin.qwair.com\/en\/wp-json\/wp\/v2\/media?parent=35895"}],"wp:term":[{"taxonomy":"product_brand","embeddable":true,"href":"https:\/\/marqalicante-admin.qwair.com\/en\/wp-json\/wp\/v2\/product_brand?post=35895"},{"taxonomy":"product_cat","embeddable":true,"href":"https:\/\/marqalicante-admin.qwair.com\/en\/wp-json\/wp\/v2\/product_cat?post=35895"},{"taxonomy":"product_tag","embeddable":true,"href":"https:\/\/marqalicante-admin.qwair.com\/en\/wp-json\/wp\/v2\/product_tag?post=35895"}],"curies":[{"name":"wp","href":"https:\/\/api.w.org\/{rel}","templated":true}]}}