{"id":35891,"date":"2025-03-05T18:24:47","date_gmt":"2025-03-05T18:24:47","guid":{"rendered":"https:\/\/marqalicante-admin.qwair.com\/item\/unidad-y-media-as-anos-130-72-a-c\/"},"modified":"2025-03-05T18:27:50","modified_gmt":"2025-03-05T18:27:50","slug":"unidad-y-media-as-anos-130-72-a-c","status":"publish","type":"product","link":"https:\/\/marqalicante-admin.qwair.com\/en\/product\/unidad-y-media-as-anos-130-72-a-c\/","title":{"rendered":"<b>Unity and media<\/b>   130-72 BC"},"content":{"rendered":"","protected":false},"excerpt":{"rendered":"<h3>Late Iberian or Late Republican<\/h3>\n<p><b>Metal:<\/b> Bronze.<br \/><b>Issuing entity: <\/b> Arse\/Saguntum (Sagunto).<br \/><b>Mint:<\/b> Arse\/Saguntum (Sagunto).<br \/><b>Date:<\/b> 130-72 BC<br \/><b>Obverse:<\/b><br \/> Gaulish head of Rome to the right. Front internal Iberian inscription IKORBELES, back external BALKAKALTUR.<br \/><b>Reverse:<\/b><br \/> Ship's prow right, Victory above, caduceus in front. Iberian inscription ARSE.<br \/><b>Weight:<\/b> 23.22 g - <b>Diameter:<\/b> 33 mm - <b>Axes:<\/b> 6 h.<br \/><b>Described in:<\/b> CNH, 309, n\u00ba 39; Vives, 17-2; Ripoll\u00e8s Alegre, P.P and Llorens Forcada, M.M, 2002: Arse-Saguntum. Historia monetaria de la ciudad y su territorio, Sagunto, p. 426.<br \/><b>Published in:<\/b><br \/>Ram\u00f3n S\u00e1nchez, J.J., Garc\u00eda Barrachina, A., Verd\u00fa Parra, E., Bayo Fuentes, S., 2010: \"Cat\u00e1logo. Antig\u00fcedad\", in Ram\u00f3n S\u00e1nchez, J.J. (ed.), Monedas. Todas las caras de la Historia. Colecciones numism\u00e1ticas del MARQ, Alicante, p. 102.<br \/><b>Monetary Inventory Number:<\/b> 6300.<br \/>Purchase. Enrique Llobregat Collection<\/p>","protected":false},"featured_media":35447,"template":"","meta":{"kia_subtitle":""},"product_brand":[],"product_cat":[2316],"product_tag":[],"class_list":{"0":"post-35891","1":"product","2":"type-product","3":"status-publish","4":"has-post-thumbnail","6":"product_cat-catalogo-numismatico","8":"first","9":"instock","10":"virtual","11":"product-type-simple"},"meta_box":{"ia_expediente":"","ia_ano":"","ia_fechas_de_actuacion":"","ia_municipios_comarcas":"","ia_directores":"","ia_periodos_culturales":"","ia_tipos_de_intervencion":"","ia_equipo_tecnico":"","ia_autores":"","ia_promotores":"","ia_deposito_de_materiales":"","ia_coordenadas_utm":""},"_links":{"self":[{"href":"https:\/\/marqalicante-admin.qwair.com\/en\/wp-json\/wp\/v2\/product\/35891","targetHints":{"allow":["GET"]}}],"collection":[{"href":"https:\/\/marqalicante-admin.qwair.com\/en\/wp-json\/wp\/v2\/product"}],"about":[{"href":"https:\/\/marqalicante-admin.qwair.com\/en\/wp-json\/wp\/v2\/types\/product"}],"wp:featuredmedia":[{"embeddable":true,"href":"https:\/\/marqalicante-admin.qwair.com\/en\/wp-json\/wp\/v2\/media\/35447"}],"wp:attachment":[{"href":"https:\/\/marqalicante-admin.qwair.com\/en\/wp-json\/wp\/v2\/media?parent=35891"}],"wp:term":[{"taxonomy":"product_brand","embeddable":true,"href":"https:\/\/marqalicante-admin.qwair.com\/en\/wp-json\/wp\/v2\/product_brand?post=35891"},{"taxonomy":"product_cat","embeddable":true,"href":"https:\/\/marqalicante-admin.qwair.com\/en\/wp-json\/wp\/v2\/product_cat?post=35891"},{"taxonomy":"product_tag","embeddable":true,"href":"https:\/\/marqalicante-admin.qwair.com\/en\/wp-json\/wp\/v2\/product_tag?post=35891"}],"curies":[{"name":"wp","href":"https:\/\/api.w.org\/{rel}","templated":true}]}}