{"id":35888,"date":"2025-03-05T18:24:46","date_gmt":"2025-03-05T18:24:46","guid":{"rendered":"https:\/\/marqalicante-admin.qwair.com\/item\/divisor-cuarto-anos-214-150-a-c\/"},"modified":"2025-03-05T18:27:50","modified_gmt":"2025-03-05T18:27:50","slug":"divisor-cuarto-anos-214-150-a-c","status":"publish","type":"product","link":"https:\/\/marqalicante-admin.qwair.com\/en\/product\/divisor-cuarto-anos-214-150-a-c\/","title":{"rendered":"<b>Divider (quarter)<\/b>   214-150 BC"},"content":{"rendered":"","protected":false},"excerpt":{"rendered":"<h3>Late Iberian or Late Republican<\/h3>\n<p><b>Metal:<\/b> Bronze.<br \/><b>Issuing entity: <\/b> Ebusus (Ibiza).<br \/><b>Mint:<\/b> Ebusus (Ibiza).<br \/><b>Date:<\/b> 214-150 BC<br \/><b>Obverse:<\/b><br \/> God Bes with a plume of feathers on his head and a kilt, holding a mace and a coiled serpent on one arm.<br \/><b>Reverse:<\/b><br \/> Bull charging left.<br \/><b>Weight:<\/b> 2.52 g - <b>Diameter:<\/b> 17 mm - <b>Axes:<\/b> 6 h.<br \/><b>Described in:<\/b> CNH, 93, no. 22; Vives 11; Campo D\u00edaz, M., 1976: The coins of Ebusus. Barcelona, period II, group XII.<br \/><b>Published in:<\/b><br \/>Lafuente Vidal, J., 1932: Alicante en la Antig\u00fcedad, Alicante, photo 5; Ripoll\u00e8s Alegre, P. P., 1982: La circulaci\u00f3n monetaria en la Tarraconense Mediterr\u00e1nea, Valencia, p. 223, plate 35, no. 162; Ram\u00f3n S\u00e1nchez, J.J., Garc\u00eda Barrachina, A., Verd\u00fa Parra, E., Bayo Fuentes, S., 2010: \"Cat\u00e1logo. Antig\u00fcedad\", in Ram\u00f3n S\u00e1nchez, J.J. (ed.), Monedas. Todas las caras de la Historia. Colecciones numism\u00e1ticas del MARQ, Alicante, p. 99; Verd\u00fa Parra, E., 2010: \"Sobre la presencia de monedas p\u00fanicas en sepulturas de la necr\u00f3polis de l'Albufereta (Alacant) y sus implicaciones en el ritual funerario\", Los P\u00fanicos de Iberia: proyectos, revisiones y s\u00edntesis. VI International Colloquium of the Centre for Phoenician and Punic Studies, Seville (30 September-2 October 2009), Mainake 32, 1, M\u00e1laga, pp. 302, 307, 309, plate VI.<br \/><b>Monetary Inventory Number:<\/b> 697.<br \/>Excavation. Necropolis of l'Albufereta<\/p>","protected":false},"featured_media":35438,"template":"","meta":{"kia_subtitle":""},"product_brand":[],"product_cat":[2316],"product_tag":[],"class_list":{"0":"post-35888","1":"product","2":"type-product","3":"status-publish","4":"has-post-thumbnail","6":"product_cat-catalogo-numismatico","8":"first","9":"instock","10":"virtual","11":"product-type-simple"},"meta_box":{"ia_expediente":"","ia_ano":"","ia_fechas_de_actuacion":"","ia_municipios_comarcas":"","ia_directores":"","ia_periodos_culturales":"","ia_tipos_de_intervencion":"","ia_equipo_tecnico":"","ia_autores":"","ia_promotores":"","ia_deposito_de_materiales":"","ia_coordenadas_utm":""},"_links":{"self":[{"href":"https:\/\/marqalicante-admin.qwair.com\/en\/wp-json\/wp\/v2\/product\/35888","targetHints":{"allow":["GET"]}}],"collection":[{"href":"https:\/\/marqalicante-admin.qwair.com\/en\/wp-json\/wp\/v2\/product"}],"about":[{"href":"https:\/\/marqalicante-admin.qwair.com\/en\/wp-json\/wp\/v2\/types\/product"}],"wp:featuredmedia":[{"embeddable":true,"href":"https:\/\/marqalicante-admin.qwair.com\/en\/wp-json\/wp\/v2\/media\/35438"}],"wp:attachment":[{"href":"https:\/\/marqalicante-admin.qwair.com\/en\/wp-json\/wp\/v2\/media?parent=35888"}],"wp:term":[{"taxonomy":"product_brand","embeddable":true,"href":"https:\/\/marqalicante-admin.qwair.com\/en\/wp-json\/wp\/v2\/product_brand?post=35888"},{"taxonomy":"product_cat","embeddable":true,"href":"https:\/\/marqalicante-admin.qwair.com\/en\/wp-json\/wp\/v2\/product_cat?post=35888"},{"taxonomy":"product_tag","embeddable":true,"href":"https:\/\/marqalicante-admin.qwair.com\/en\/wp-json\/wp\/v2\/product_tag?post=35888"}],"curies":[{"name":"wp","href":"https:\/\/api.w.org\/{rel}","templated":true}]}}