{"id":35885,"date":"2025-03-05T18:24:45","date_gmt":"2025-03-05T18:24:45","guid":{"rendered":"https:\/\/marqalicante-admin.qwair.com\/item\/dirham-siglos-xii-xiii-2\/"},"modified":"2025-03-05T18:27:50","modified_gmt":"2025-03-05T18:27:50","slug":"dirham-siglos-xii-xiii-2","status":"publish","type":"product","link":"https:\/\/marqalicante-admin.qwair.com\/en\/product\/dirham-siglos-xii-xiii-2\/","title":{"rendered":"<b>Dirham<\/b>   12th-13th centuries."},"content":{"rendered":"","protected":false},"excerpt":{"rendered":"<h3>Medieval Islamic<\/h3>\n<p><b>Metal:<\/b> Silver.<br \/><b>Issuing entity: <\/b> Almohad. Anonymous.<br \/><b>Mint:<\/b> Not specified.<br \/><b>Date:<\/b> 12th-13th centuries.<br \/><b>Obverse:<\/b><br \/> IA: \u0644\u0627 \u0627\u0644\u0627 \u0627\u0644\u0644\u0647 \u0627\u0644\u0627 \u0627\u0644\u0644\u0647<br \/>\n        &#1575;&#1604;&#1575;&#1605;&#1585; &#1603;&#1604;&#1607; &#1604;&#1604;&#1607;<br \/>\n        &#1604;&#1575; &#1602;&#1608;&#1577; &#1575;&#1604;&#1575; &#1576;&#1575;&#1604;&#1604;&#1607;<br \/>\n    <br \/><b>Reverse:<\/b><br \/> IIA: \u0627\u0644\u0644\u0647 \u0631\u0628\u0646\u0627<br \/>\n           &#1605;&#1581;&#1605;&#1583; &#1585;&#1587;&#1608;&#1604;&#1606;&#1575;<br \/>\n           &#1575;&#1604;&#1605;&#1607;&#1583;&#1609; &#1575;&#1605;&#1575;&#1605;&#1606;&#1575;<br \/><b>Weight:<\/b> 1.45 g - <b>Diameter:<\/b> 15 mm - <b>Axes:<\/b> 6 h.<br \/><b>Described in:<\/b> Vives 2088.<br \/><b>Published in:<\/b><br \/>Dom\u00e9nech Belda, C., Ram\u00f3n S\u00e1nchez, J.J., Ahuir Dom\u00ednguez, J.A., 2010: \"Cat\u00e1logo. Edad Media\", in Ram\u00f3n S\u00e1nchez, J.J. (ed.), Coins. Todas las caras de la Historia. Numismatic collections of the MARQ, Alicante, p. 142.<br \/><b>Monetary Inventory Number:<\/b> 7443.<br \/>Assignment. Julio Furg\u00fas Collection<\/p>","protected":false},"featured_media":35429,"template":"","meta":{"kia_subtitle":""},"product_brand":[],"product_cat":[2316],"product_tag":[],"class_list":{"0":"post-35885","1":"product","2":"type-product","3":"status-publish","4":"has-post-thumbnail","6":"product_cat-catalogo-numismatico","8":"first","9":"instock","10":"virtual","11":"product-type-simple"},"meta_box":{"ia_expediente":"","ia_ano":"","ia_fechas_de_actuacion":"","ia_municipios_comarcas":"","ia_directores":"","ia_periodos_culturales":"","ia_tipos_de_intervencion":"","ia_equipo_tecnico":"","ia_autores":"","ia_promotores":"","ia_deposito_de_materiales":"","ia_coordenadas_utm":""},"_links":{"self":[{"href":"https:\/\/marqalicante-admin.qwair.com\/en\/wp-json\/wp\/v2\/product\/35885","targetHints":{"allow":["GET"]}}],"collection":[{"href":"https:\/\/marqalicante-admin.qwair.com\/en\/wp-json\/wp\/v2\/product"}],"about":[{"href":"https:\/\/marqalicante-admin.qwair.com\/en\/wp-json\/wp\/v2\/types\/product"}],"wp:featuredmedia":[{"embeddable":true,"href":"https:\/\/marqalicante-admin.qwair.com\/en\/wp-json\/wp\/v2\/media\/35429"}],"wp:attachment":[{"href":"https:\/\/marqalicante-admin.qwair.com\/en\/wp-json\/wp\/v2\/media?parent=35885"}],"wp:term":[{"taxonomy":"product_brand","embeddable":true,"href":"https:\/\/marqalicante-admin.qwair.com\/en\/wp-json\/wp\/v2\/product_brand?post=35885"},{"taxonomy":"product_cat","embeddable":true,"href":"https:\/\/marqalicante-admin.qwair.com\/en\/wp-json\/wp\/v2\/product_cat?post=35885"},{"taxonomy":"product_tag","embeddable":true,"href":"https:\/\/marqalicante-admin.qwair.com\/en\/wp-json\/wp\/v2\/product_tag?post=35885"}],"curies":[{"name":"wp","href":"https:\/\/api.w.org\/{rel}","templated":true}]}}