{"id":35881,"date":"2025-03-05T18:24:43","date_gmt":"2025-03-05T18:24:43","guid":{"rendered":"https:\/\/marqalicante-admin.qwair.com\/item\/felus-siglo-x\/"},"modified":"2025-03-05T18:27:49","modified_gmt":"2025-03-05T18:27:49","slug":"felus-siglo-x","status":"publish","type":"product","link":"https:\/\/marqalicante-admin.qwair.com\/en\/product\/felus-siglo-x\/","title":{"rendered":"<b>Fel\u00fas<\/b>   10th century."},"content":{"rendered":"","protected":false},"excerpt":{"rendered":"<h3>Medieval Islamic<\/h3>\n<p><b>Metal:<\/b> Copper.<br \/><b>Issuing entity: <\/b> Independent Emirate.<br \/><b>Mint:<\/b> Al-Andalus.<br \/><b>Date:<\/b> 10th century.<br \/><b>Obverse:<\/b><br \/> IA: IC: \u0644\u0627 \u0627\u0644\u0647 \u0627\u0644\u0627<br \/>\n             &#1604;&#1604;&#1607; &#1608;&#1581;&#1583;&#1607;<br \/>\n             &#1604;&#1575; &#1588;&#1585;&#1610;&#1603; &#1604;&#1607;<br \/>\nIM: Value, mint and date<br \/><b>Reverse:<\/b><br \/> IIA: IIC: \u0645\u062d\u0645\u062f<br \/>\n               &#1585;&#1587;&#1608;&#1604;<br \/>\n                 &#1604;&#1604;&#1607;<br \/>\n               &#1576;&#1606; &#1576;&#1607;&#1604;&#1608;&#1604;<br \/>\nIIM: Koran 61, 9.<br \/><b>Weight:<\/b> 1.94 g - <b>Diameter:<\/b> 22 mm - <b>Axes:<\/b> 3 h.<br \/><b>Described in:<\/b> Vives 344-345; Frochoso, 2001, I-77.<br \/><b>Published in:<\/b><br \/>Dom\u00e9nech Belda, C., Ram\u00f3n S\u00e1nchez, J.J., Ahuir Dom\u00ednguez, J.A., 2010: \"Cat\u00e1logo. Edad Media\", in Ram\u00f3n S\u00e1nchez, J.J. (ed.), Coins. Todas las caras de la Historia. Numismatic collections of the MARQ, Alicante, p. 134.<br \/><b>Monetary Inventory Number:<\/b> 6023.<br \/>Donation. Andrea Azuar Collection<\/p>","protected":false},"featured_media":35417,"template":"","meta":{"kia_subtitle":""},"product_brand":[],"product_cat":[2316],"product_tag":[],"class_list":{"0":"post-35881","1":"product","2":"type-product","3":"status-publish","4":"has-post-thumbnail","6":"product_cat-catalogo-numismatico","8":"first","9":"instock","10":"virtual","11":"product-type-simple"},"meta_box":{"ia_expediente":"","ia_ano":"","ia_fechas_de_actuacion":"","ia_municipios_comarcas":"","ia_directores":"","ia_periodos_culturales":"","ia_tipos_de_intervencion":"","ia_equipo_tecnico":"","ia_autores":"","ia_promotores":"","ia_deposito_de_materiales":"","ia_coordenadas_utm":""},"_links":{"self":[{"href":"https:\/\/marqalicante-admin.qwair.com\/en\/wp-json\/wp\/v2\/product\/35881","targetHints":{"allow":["GET"]}}],"collection":[{"href":"https:\/\/marqalicante-admin.qwair.com\/en\/wp-json\/wp\/v2\/product"}],"about":[{"href":"https:\/\/marqalicante-admin.qwair.com\/en\/wp-json\/wp\/v2\/types\/product"}],"wp:featuredmedia":[{"embeddable":true,"href":"https:\/\/marqalicante-admin.qwair.com\/en\/wp-json\/wp\/v2\/media\/35417"}],"wp:attachment":[{"href":"https:\/\/marqalicante-admin.qwair.com\/en\/wp-json\/wp\/v2\/media?parent=35881"}],"wp:term":[{"taxonomy":"product_brand","embeddable":true,"href":"https:\/\/marqalicante-admin.qwair.com\/en\/wp-json\/wp\/v2\/product_brand?post=35881"},{"taxonomy":"product_cat","embeddable":true,"href":"https:\/\/marqalicante-admin.qwair.com\/en\/wp-json\/wp\/v2\/product_cat?post=35881"},{"taxonomy":"product_tag","embeddable":true,"href":"https:\/\/marqalicante-admin.qwair.com\/en\/wp-json\/wp\/v2\/product_tag?post=35881"}],"curies":[{"name":"wp","href":"https:\/\/api.w.org\/{rel}","templated":true}]}}