{"id":35880,"date":"2025-03-05T18:24:43","date_gmt":"2025-03-05T18:24:43","guid":{"rendered":"https:\/\/marqalicante-admin.qwair.com\/item\/dirham-anos-524-558-h-1129-1163-d-c\/"},"modified":"2025-03-05T18:27:49","modified_gmt":"2025-03-05T18:27:49","slug":"dirham-anos-524-558-h-1129-1163-d-c","status":"publish","type":"product","link":"https:\/\/marqalicante-admin.qwair.com\/en\/product\/dirham-anos-524-558-h-1129-1163-d-c\/","title":{"rendered":"<b>Dirham<\/b>   Years AH 524-558 \/ AD 1129-1163."},"content":{"rendered":"","protected":false},"excerpt":{"rendered":"<h3>Medieval Islamic<\/h3>\n<p><b>Metal:<\/b> Fleece.<br \/><b>Issuing entity: <\/b> Almohad. Abd al-Mumin ibn 'Ali.<br \/><b>Mint:<\/b> Not specified.<br \/><b>Date:<\/b> Years AH 524-558 \/ AD 1129-1163.<br \/><b>Obverse:<\/b><br \/> IA: \u0627\u0644\u062d\u0645\u062f \u0644\u0644\u0647<br \/>\n        &#1585;&#1576;<br \/>\n        &#1575;&#1604;&#1593;&#1575;&#1604;&#1605;&#1610;&#1606;<br \/><b>Reverse:<\/b><br \/> IIA: \u0627\u0628\u0648\u0645\u062d\u0645\u062f\u062f\u0639\u0628\u062f<br \/>\n         &#1575;&#1604;&#1605;&#1608;&#1605;&#1606; &#1576;&#1606; &#1593;&#1604;&#1609;<br \/>\n          &#1575;&#1605;&#1610;&#1585; &#1575;&#1604;&#1605;&#1608;&#1605;&#1606;&#1610;&#1606;<br \/><b>Weight:<\/b> 1.36 g - <b>Diameter:<\/b> 18 mm - <b>Axes:<\/b> 12 h.<br \/><b>Described in:<\/b> Vives 2046.<br \/><b>Published in:<\/b><br \/>Dom\u00e9nech Belda, C., Ram\u00f3n S\u00e1nchez, J.J., Ahuir Dom\u00ednguez, J.A., 2010: \"Cat\u00e1logo. Edad Media\", in Ram\u00f3n S\u00e1nchez, J.J. (ed.), Coins. Todas las caras de la Historia. Numismatic collections of the MARQ, Alicante, p. 141.<br \/><b>Monetary Inventory Number:<\/b> 5829.<br \/>Purchase. P\u00e9rez Cort\u00e9s Collection<\/p>","protected":false},"featured_media":35414,"template":"","meta":{"kia_subtitle":""},"product_brand":[],"product_cat":[2316],"product_tag":[],"class_list":{"0":"post-35880","1":"product","2":"type-product","3":"status-publish","4":"has-post-thumbnail","6":"product_cat-catalogo-numismatico","8":"first","9":"instock","10":"virtual","11":"product-type-simple"},"meta_box":{"ia_expediente":"","ia_ano":"","ia_fechas_de_actuacion":"","ia_municipios_comarcas":"","ia_directores":"","ia_periodos_culturales":"","ia_tipos_de_intervencion":"","ia_equipo_tecnico":"","ia_autores":"","ia_promotores":"","ia_deposito_de_materiales":"","ia_coordenadas_utm":""},"_links":{"self":[{"href":"https:\/\/marqalicante-admin.qwair.com\/en\/wp-json\/wp\/v2\/product\/35880","targetHints":{"allow":["GET"]}}],"collection":[{"href":"https:\/\/marqalicante-admin.qwair.com\/en\/wp-json\/wp\/v2\/product"}],"about":[{"href":"https:\/\/marqalicante-admin.qwair.com\/en\/wp-json\/wp\/v2\/types\/product"}],"wp:featuredmedia":[{"embeddable":true,"href":"https:\/\/marqalicante-admin.qwair.com\/en\/wp-json\/wp\/v2\/media\/35414"}],"wp:attachment":[{"href":"https:\/\/marqalicante-admin.qwair.com\/en\/wp-json\/wp\/v2\/media?parent=35880"}],"wp:term":[{"taxonomy":"product_brand","embeddable":true,"href":"https:\/\/marqalicante-admin.qwair.com\/en\/wp-json\/wp\/v2\/product_brand?post=35880"},{"taxonomy":"product_cat","embeddable":true,"href":"https:\/\/marqalicante-admin.qwair.com\/en\/wp-json\/wp\/v2\/product_cat?post=35880"},{"taxonomy":"product_tag","embeddable":true,"href":"https:\/\/marqalicante-admin.qwair.com\/en\/wp-json\/wp\/v2\/product_tag?post=35880"}],"curies":[{"name":"wp","href":"https:\/\/api.w.org\/{rel}","templated":true}]}}