{"id":35879,"date":"2025-03-05T18:24:43","date_gmt":"2025-03-05T18:24:43","guid":{"rendered":"https:\/\/marqalicante-admin.qwair.com\/item\/dirham-ano-400-h-1009-1010-d-c\/"},"modified":"2025-03-05T18:27:48","modified_gmt":"2025-03-05T18:27:48","slug":"dirham-ano-400-h-1009-1010-d-c","status":"publish","type":"product","link":"https:\/\/marqalicante-admin.qwair.com\/en\/product\/dirham-ano-400-h-1009-1010-d-c\/","title":{"rendered":"<b>Dirham<\/b>   400 AH \/ AD 1009-1010."},"content":{"rendered":"","protected":false},"excerpt":{"rendered":"<h3>Medieval Islamic<\/h3>\n<p><b>Metal:<\/b> Silver.<br \/><b>Issuing entity: <\/b> Umayyad Caliphate. Sulayman.<br \/><b>Mint:<\/b> Al-Andalus.<br \/><b>Date:<\/b> 400 AH \/ AD 1009-1010.<br \/><b>Obverse:<\/b><br \/> IA: IC: \u0644\u0627 \u0627\u0644\u0647 \u0627\u0644\u0627<br \/>\n               &#1604;&#1604;&#1607; &#1608;&#1581;&#1583;&#1607;<br \/>\n               &#1604;&#1575; &#1588;&#1585;&#1610;&#1603; &#1604;&#1607;<br \/>\n              &#1575;&#1576;&#1606; &#1605;&#1587;&#1604;&#1605;&#1577;<br \/>\n IM: Value, date and mint.<br \/><b>Reverse:<\/b><br \/> IIA: IIC: \u0627\u0644\u0627\u0645\u0627\u0645 \u0633\u0644\u064a\u0645\u0646<br \/>\n             &#1575;&#1605;&#1610;&#1585; &#1575;&#1604;&#1605;&#1608;&#1605;&#1606;&#1610;&#1606;<br \/>\n             &#1575;&#1604;&#1605;&#1587;&#1578;&#1593;&#1610;&#1606; &#1576;&#1575;&#1604;&#1604;&#1607;<br \/>\nIIM: \u0645\u062d\u0645\u062f\u0631\u0633\u0648\u0644 \u0627\u0644\u0644\u0647 \u0627\u0631\u0633\u0644\u06be \u0628\u0627\u0644\u0647\u062f\u064a \u0648\u062f\ufef4\ufee6 \u0627\ufedf\ufea4\u0642<br \/>\n        &#1604;&#1610;&#1592;&#1607;&#1585;&#1607;&#1593;&#1604;&#1740; &#1575;&#1604;&#1583;&#65268;&#65254; &#1603;&#1604;&#1726; &#1608;&#1604;&#1608;&#1603;&#1585;&#1607; &#1575;&#65247;&#65252;&#1588;&#1585;&#1603;&#1608;&#1606;  <br \/><b>Weight:<\/b> 3.15 g - <b>Diameter:<\/b> 23 mm - <b>Axes:<\/b> 1 h.<br \/><b>Described in:<\/b> Vives 691; Miles 342.<br \/><b>Published in:<\/b><br \/>Dom\u00e9nech Belda, C., Ram\u00f3n S\u00e1nchez, J.J., Ahuir Dom\u00ednguez, J.A., 2010: \"Cat\u00e1logo. Edad Media\", in Ram\u00f3n S\u00e1nchez, J.J. (ed.), Coins. Todas las caras de la Historia. Numismatic collections of the MARQ, Alicante, p. 137.<br \/><b>Monetary Inventory Number:<\/b> 582.<br \/>Purchase. Quiles Collection<\/p>","protected":false},"featured_media":35411,"template":"","meta":{"kia_subtitle":""},"product_brand":[],"product_cat":[2316],"product_tag":[],"class_list":{"0":"post-35879","1":"product","2":"type-product","3":"status-publish","4":"has-post-thumbnail","6":"product_cat-catalogo-numismatico","8":"first","9":"instock","10":"virtual","11":"product-type-simple"},"meta_box":{"ia_expediente":"","ia_ano":"","ia_fechas_de_actuacion":"","ia_municipios_comarcas":"","ia_directores":"","ia_periodos_culturales":"","ia_tipos_de_intervencion":"","ia_equipo_tecnico":"","ia_autores":"","ia_promotores":"","ia_deposito_de_materiales":"","ia_coordenadas_utm":""},"_links":{"self":[{"href":"https:\/\/marqalicante-admin.qwair.com\/en\/wp-json\/wp\/v2\/product\/35879","targetHints":{"allow":["GET"]}}],"collection":[{"href":"https:\/\/marqalicante-admin.qwair.com\/en\/wp-json\/wp\/v2\/product"}],"about":[{"href":"https:\/\/marqalicante-admin.qwair.com\/en\/wp-json\/wp\/v2\/types\/product"}],"wp:featuredmedia":[{"embeddable":true,"href":"https:\/\/marqalicante-admin.qwair.com\/en\/wp-json\/wp\/v2\/media\/35411"}],"wp:attachment":[{"href":"https:\/\/marqalicante-admin.qwair.com\/en\/wp-json\/wp\/v2\/media?parent=35879"}],"wp:term":[{"taxonomy":"product_brand","embeddable":true,"href":"https:\/\/marqalicante-admin.qwair.com\/en\/wp-json\/wp\/v2\/product_brand?post=35879"},{"taxonomy":"product_cat","embeddable":true,"href":"https:\/\/marqalicante-admin.qwair.com\/en\/wp-json\/wp\/v2\/product_cat?post=35879"},{"taxonomy":"product_tag","embeddable":true,"href":"https:\/\/marqalicante-admin.qwair.com\/en\/wp-json\/wp\/v2\/product_tag?post=35879"}],"curies":[{"name":"wp","href":"https:\/\/api.w.org\/{rel}","templated":true}]}}