{"id":35876,"date":"2025-03-05T18:24:41","date_gmt":"2025-03-05T18:24:41","guid":{"rendered":"https:\/\/marqalicante-admin.qwair.com\/item\/dirham-anos-487-508-h-1094-1114-d-c\/"},"modified":"2025-03-05T18:27:48","modified_gmt":"2025-03-05T18:27:48","slug":"dirham-anos-487-508-h-1094-1114-d-c","status":"publish","type":"product","link":"https:\/\/marqalicante-admin.qwair.com\/en\/product\/dirham-anos-487-508-h-1094-1114-d-c\/","title":{"rendered":"<b>Dirham<\/b>   AH 487-508 \/ AD 1094-1114"},"content":{"rendered":"","protected":false},"excerpt":{"rendered":"<h3>Medieval Islamic<\/h3>\n<p><b>Metal:<\/b> Silver.<br \/><b>Issuing entity: <\/b> Taifa of Majorca. Muba\u0161\u0161ir.<br \/><b>Mint:<\/b> Mallorca.<br \/><b>Date:<\/b> AH 487-508 \/ AD 1094-1114<br \/><b>Obverse:<\/b><br \/> IA: IC: \u0645\u0628\u0634\u0631 \u0627\u0628\u0646<br \/>\n              &#1604;&#1575; &#1575;&#1604;&#1607; &#1575;&#1604;&#1575; &#1604;&#1604;&#1607;<br \/>\n              &#1605;&#1581;&#1605;&#1583; &#1585;&#1587;&#1608;&#1604; &#1575;&#1604;&#1604;&#1607;<br \/>\n              &#1587;&#1604;&#1610;&#1605;&#1606;<br \/>\nIM: Value, date and mint.<br \/><b>Reverse:<\/b><br \/> IA: IC: \u0645\u0628\u0634\u0631 \u0627\u0628\u0646<br \/>\n              &#1604;&#1575; &#1575;&#1604;&#1607; &#1575;&#1604;&#1575; &#1604;&#1604;&#1607;<br \/>\n              &#1605;&#1581;&#1605;&#1583; &#1585;&#1587;&#1608;&#1604; &#1575;&#1604;&#1604;&#1607;<br \/>\n              &#1587;&#1604;&#1610;&#1605;&#1606;<br \/>\nIM: Value, date and dry.<br \/><b>Weight:<\/b> 3.74 g - <b>Diameter:<\/b> 22 mm - <b>Axes:<\/b> 3 h.<br \/><b>Described in:<\/b> Prieto y Vives, A. 1926: Los Reyes de Taifas: Estudio hist\u00f3rico-numism\u00e1tico de los musulmanes espa\u00f1oles en el siglo V de la H\u00e9gira (XI de J.C.), Madrid, 219.<br \/><b>Published in:<\/b><br \/>Dom\u00e9nech Belda, C., Ram\u00f3n S\u00e1nchez, J.J., Ahuir Dom\u00ednguez, J.A., 2010: \"Cat\u00e1logo. Edad Media\", in Ram\u00f3n S\u00e1nchez, J.J. (ed.), Coins. Todas las caras de la Historia. Numismatic collections of the MARQ, Alicante, p. 139.<br \/><b>Monetary Inventory Number:<\/b> 340.<br \/>Purchase. Isidro Albert Collection<\/p>","protected":false},"featured_media":35402,"template":"","meta":{"kia_subtitle":""},"product_brand":[],"product_cat":[2316],"product_tag":[],"class_list":{"0":"post-35876","1":"product","2":"type-product","3":"status-publish","4":"has-post-thumbnail","6":"product_cat-catalogo-numismatico","8":"first","9":"instock","10":"virtual","11":"product-type-simple"},"meta_box":{"ia_expediente":"","ia_ano":"","ia_fechas_de_actuacion":"","ia_municipios_comarcas":"","ia_directores":"","ia_periodos_culturales":"","ia_tipos_de_intervencion":"","ia_equipo_tecnico":"","ia_autores":"","ia_promotores":"","ia_deposito_de_materiales":"","ia_coordenadas_utm":""},"_links":{"self":[{"href":"https:\/\/marqalicante-admin.qwair.com\/en\/wp-json\/wp\/v2\/product\/35876","targetHints":{"allow":["GET"]}}],"collection":[{"href":"https:\/\/marqalicante-admin.qwair.com\/en\/wp-json\/wp\/v2\/product"}],"about":[{"href":"https:\/\/marqalicante-admin.qwair.com\/en\/wp-json\/wp\/v2\/types\/product"}],"wp:featuredmedia":[{"embeddable":true,"href":"https:\/\/marqalicante-admin.qwair.com\/en\/wp-json\/wp\/v2\/media\/35402"}],"wp:attachment":[{"href":"https:\/\/marqalicante-admin.qwair.com\/en\/wp-json\/wp\/v2\/media?parent=35876"}],"wp:term":[{"taxonomy":"product_brand","embeddable":true,"href":"https:\/\/marqalicante-admin.qwair.com\/en\/wp-json\/wp\/v2\/product_brand?post=35876"},{"taxonomy":"product_cat","embeddable":true,"href":"https:\/\/marqalicante-admin.qwair.com\/en\/wp-json\/wp\/v2\/product_cat?post=35876"},{"taxonomy":"product_tag","embeddable":true,"href":"https:\/\/marqalicante-admin.qwair.com\/en\/wp-json\/wp\/v2\/product_tag?post=35876"}],"curies":[{"name":"wp","href":"https:\/\/api.w.org\/{rel}","templated":true}]}}