{"id":35872,"date":"2025-03-05T18:24:39","date_gmt":"2025-03-05T18:24:39","guid":{"rendered":"https:\/\/marqalicante-admin.qwair.com\/item\/moneda-de-bronce-anos-270-250-a-c\/"},"modified":"2025-03-05T18:27:47","modified_gmt":"2025-03-05T18:27:47","slug":"moneda-de-bronce-anos-270-250-a-c","status":"publish","type":"product","link":"https:\/\/marqalicante-admin.qwair.com\/en\/product\/moneda-de-bronce-anos-270-250-a-c\/","title":{"rendered":"<b>Bronze coin<\/b>   270-250 BC"},"content":{"rendered":"","protected":false},"excerpt":{"rendered":"<h3>Ib\u00e9rico pleno<\/h3>\n<p><b>Metal:<\/b> Bronce.<br \/><b>Entidad emisora: <\/b> Neapolis (N\u00e1poles&#44; Italia).<br \/><b>Ceca:<\/b> Neapolis (N\u00e1poles&#44; Italia).<br \/><b>Fecha:<\/b> A\u00f1os 270-250 a. C.<br \/><b>Anverso:<\/b><br \/> Cabeza laureada de Apolo a izquierda. Leyenda: [\u03b7\u03b5\u03bf\u03c0\u03bf\u03bb]IT\u03a9N.<br \/><b>Reverso:<\/b><br \/> Toro androc\u00e9falo coronado por Nik\u00e9. Debajo suyo&#44; en exergo leyenda \u0399\u03a3.<br \/><b>Peso:<\/b> 17.18 g &#8211; <b>Di\u00e1metro:<\/b> 28 mm &#8211; <b>Ejes:<\/b> 9 h.<br \/><b>Descrita en:<\/b> Rutter&#44; N. K. (ed.)&#44; 2001: Historia Numorum. Italy&#44; Londres&#44; p. 71.<br \/><b>Publicada en:<\/b><br \/>Ripoll\u00e8s Alegre&#44; P. P.&#44; 1982: La circulaci\u00f3n monetaria en la Tarraconense<br \/>\nMediterr\u00e1nea&#44; Valencia&#44; p. 215&#44; l\u00e1m. 24&#44; n\u00ba 7; Rosell\u00f3 Cremades&#44; N.&#44; 1990: \u201cCatalogaci\u00f3n de los fondos numism\u00e1ticos ib\u00e9ricos y romanos de las colecciones de: D. Isidro Albert&#44; D. Ram\u00f3n Quiles y de un tesorillo de monedas tardo-romanas\u201d&#44; Ayudas a la investigaci\u00f3n 1986-1987. Instituto de Cultura Juan Gil-Albert&#44; pp. 178&#44; 183; Ram\u00f3n S\u00e1nchez&#44; J.J.&#44; Garc\u00eda Barrachina&#44; A.&#44; Verd\u00fa Parra&#44; E.&#44; Bayo Fuentes&#44; S.&#44; 2010: \u00abCat\u00e1logo. Antig\u00fcedad\u00bb&#44; en Ram\u00f3n S\u00e1nchez&#44; J.J. (ed.)&#44; Monedas. Todas las caras de la Historia. Colecciones numism\u00e1ticas del MARQ&#44; Alicante&#44; p. 96. <br \/><b>N\u00famero Inventario Monetario:<\/b> 149.<br \/>Compra. Colecci\u00f3n Isidro Albert<\/p>\n","protected":false},"featured_media":35390,"template":"","meta":{"kia_subtitle":""},"product_brand":[],"product_cat":[2316],"product_tag":[],"class_list":{"0":"post-35872","1":"product","2":"type-product","3":"status-publish","4":"has-post-thumbnail","6":"product_cat-catalogo-numismatico","8":"first","9":"instock","10":"virtual","11":"product-type-simple"},"meta_box":{"ia_expediente":"","ia_ano":"","ia_fechas_de_actuacion":"","ia_municipios_comarcas":"","ia_directores":"","ia_periodos_culturales":"","ia_tipos_de_intervencion":"","ia_equipo_tecnico":"","ia_autores":"","ia_promotores":"","ia_deposito_de_materiales":"","ia_coordenadas_utm":""},"_links":{"self":[{"href":"https:\/\/marqalicante-admin.qwair.com\/en\/wp-json\/wp\/v2\/product\/35872","targetHints":{"allow":["GET"]}}],"collection":[{"href":"https:\/\/marqalicante-admin.qwair.com\/en\/wp-json\/wp\/v2\/product"}],"about":[{"href":"https:\/\/marqalicante-admin.qwair.com\/en\/wp-json\/wp\/v2\/types\/product"}],"wp:featuredmedia":[{"embeddable":true,"href":"https:\/\/marqalicante-admin.qwair.com\/en\/wp-json\/wp\/v2\/media\/35390"}],"wp:attachment":[{"href":"https:\/\/marqalicante-admin.qwair.com\/en\/wp-json\/wp\/v2\/media?parent=35872"}],"wp:term":[{"taxonomy":"product_brand","embeddable":true,"href":"https:\/\/marqalicante-admin.qwair.com\/en\/wp-json\/wp\/v2\/product_brand?post=35872"},{"taxonomy":"product_cat","embeddable":true,"href":"https:\/\/marqalicante-admin.qwair.com\/en\/wp-json\/wp\/v2\/product_cat?post=35872"},{"taxonomy":"product_tag","embeddable":true,"href":"https:\/\/marqalicante-admin.qwair.com\/en\/wp-json\/wp\/v2\/product_tag?post=35872"}],"curies":[{"name":"wp","href":"https:\/\/api.w.org\/{rel}","templated":true}]}}