{"id":35871,"date":"2025-03-05T18:24:39","date_gmt":"2025-03-05T18:24:39","guid":{"rendered":"https:\/\/marqalicante-admin.qwair.com\/item\/diez-kopeks-ano-1861\/"},"modified":"2025-03-05T18:27:47","modified_gmt":"2025-03-05T18:27:47","slug":"diez-kopeks-ano-1861","status":"publish","type":"product","link":"https:\/\/marqalicante-admin.qwair.com\/en\/product\/diez-kopeks-ano-1861\/","title":{"rendered":"<b>Ten kopeks<\/b>   Year 1861."},"content":{"rendered":"","protected":false},"excerpt":{"rendered":"<h3>Contemporary age<\/h3>\n<p><b>Metal:<\/b> Silver.<br \/><b>Issuing entity: <\/b> Russia. Alexander II.<br \/><b>Mint:<\/b> St Petersburg.<br \/><b>Date:<\/b> Year 1861.<br \/><b>Obverse:<\/b><br \/> Crowned double-headed imperial eagle holding imperial sceptre in right talon and orb in left. Inside the chest escutcheon, image of Saint George the Victorious Martyr.<br \/>\n<br \/><b>Reverse:<\/b><br \/> Value, year of issue and mintmark in Cyrillic surrounded by wreath, wreath on the value. Legend: 10 KOPEKS 1861 CPB.<br \/>\n<br \/><b>Weight:<\/b> 2.06 g - <b>Diameter:<\/b> 18 mm - <b>Axes:<\/b> 12 h.<br \/><b>Described in:<\/b> Krause, C. L. and Mishler, C., 1980: Standard Catalog of World Coins, Wisconsin, p. 1490, no. 20.<br \/>\n<br \/><b>Published in:<\/b><br \/>Bayo Fuentes, S., Ram\u00f3n S\u00e1nchez, J.J., 2010: \"Cat\u00e1logo. Collections\", in Ram\u00f3n S\u00e1nchez, J.J. (ed.), Coins. Todas las caras de la Historia. Colecciones numism\u00e1ticas del MARQ, Alicante, p. 181.<br \/><b>Monetary Inventory Number:<\/b> 7621.<br \/>Assignment. Julio Furg\u00fas Collection<\/p>","protected":false},"featured_media":35387,"template":"","meta":{"kia_subtitle":""},"product_brand":[],"product_cat":[2316],"product_tag":[],"class_list":{"0":"post-35871","1":"product","2":"type-product","3":"status-publish","4":"has-post-thumbnail","6":"product_cat-catalogo-numismatico","8":"first","9":"instock","10":"virtual","11":"product-type-simple"},"meta_box":{"ia_expediente":"","ia_ano":"","ia_fechas_de_actuacion":"","ia_municipios_comarcas":"","ia_directores":"","ia_periodos_culturales":"","ia_tipos_de_intervencion":"","ia_equipo_tecnico":"","ia_autores":"","ia_promotores":"","ia_deposito_de_materiales":"","ia_coordenadas_utm":""},"_links":{"self":[{"href":"https:\/\/marqalicante-admin.qwair.com\/en\/wp-json\/wp\/v2\/product\/35871","targetHints":{"allow":["GET"]}}],"collection":[{"href":"https:\/\/marqalicante-admin.qwair.com\/en\/wp-json\/wp\/v2\/product"}],"about":[{"href":"https:\/\/marqalicante-admin.qwair.com\/en\/wp-json\/wp\/v2\/types\/product"}],"wp:featuredmedia":[{"embeddable":true,"href":"https:\/\/marqalicante-admin.qwair.com\/en\/wp-json\/wp\/v2\/media\/35387"}],"wp:attachment":[{"href":"https:\/\/marqalicante-admin.qwair.com\/en\/wp-json\/wp\/v2\/media?parent=35871"}],"wp:term":[{"taxonomy":"product_brand","embeddable":true,"href":"https:\/\/marqalicante-admin.qwair.com\/en\/wp-json\/wp\/v2\/product_brand?post=35871"},{"taxonomy":"product_cat","embeddable":true,"href":"https:\/\/marqalicante-admin.qwair.com\/en\/wp-json\/wp\/v2\/product_cat?post=35871"},{"taxonomy":"product_tag","embeddable":true,"href":"https:\/\/marqalicante-admin.qwair.com\/en\/wp-json\/wp\/v2\/product_tag?post=35871"}],"curies":[{"name":"wp","href":"https:\/\/api.w.org\/{rel}","templated":true}]}}