{"id":35870,"date":"2025-03-05T18:24:39","date_gmt":"2025-03-05T18:24:39","guid":{"rendered":"https:\/\/marqalicante-admin.qwair.com\/item\/medalla-conmemorativa-de-la-inauguracion-de-la-via-de-ferrocarril-barcelona-mataro-ano-1848\/"},"modified":"2025-03-05T18:27:46","modified_gmt":"2025-03-05T18:27:46","slug":"medalla-conmemorativa-de-la-inauguracion-de-la-via-de-ferrocarril-barcelona-mataro-ano-1848","status":"publish","type":"product","link":"https:\/\/marqalicante-admin.qwair.com\/en\/product\/medalla-conmemorativa-de-la-inauguracion-de-la-via-de-ferrocarril-barcelona-mataro-ano-1848\/","title":{"rendered":"<b>Commemorative medal for the inauguration of the Barcelona-Matar\u00f3 railway line.<\/b>   Year 1848."},"content":{"rendered":"","protected":false},"excerpt":{"rendered":"<h3>Contemporary age<\/h3>\n<p><b>Metal:<\/b> Copper.<br \/><b>Issuing entity: <\/b> Barcelona City Council.<br \/><b>Mint:<\/b> Barcelona.<br \/><b>Date:<\/b> Year 1848.<br \/><b>Obverse:<\/b><br \/> Act of blessing of the train and the first section of the line, with locomotive in the foreground, altar and bishops of Barcelona and Puerto Rico to the left in the background and captain general, civil governor and mayors and other civil and military authorities to the right. Legend: NIHIL IPSA VELOCIUS \/ YNAUGURATA DIE XXVIII OCTOBRIS ANNI MDCCCXLVIII. Designer's mark: LORENZALE D. Engraver's mark: JUBANY D.<br \/><b>Reverse:<\/b><br \/> Eight-line legend: OPTIMAE SOCIETATI \/ QUAE PRIMA IN HISPANIA \/ VIAM FERREAM AD YLLURUM USQUE DUCENTEM \/ SUMMO LABORE VIGILIIS SUMPTIBUSQUE \/ CONSTRUERE FECIT \/ BARCINONENSIS SENATUS \/ HOC CIVIUM LAUDIS ET GRATI ANIMI PIGNVS \/ D O C.<br \/><b>Weight:<\/b> 74.55 g - <b>Diameter:<\/b> 54 mm - <b>Axes:<\/b> 12 h.<br \/><b>Described in:<\/b> Borr\u00e0s Costa, R., 1984: \"Medalles commemoratives del Carril de Matar\u00f3\", Acta Numismatica, 14, p. 280.<br \/><b>Published in:<\/b><br \/>Bayo Fuentes, S., Ram\u00f3n S\u00e1nchez, J.J., 2010: \"Cat\u00e1logo. Collections\", in Ram\u00f3n S\u00e1nchez, J.J. (ed.), Coins. Todas las caras de la Historia. Colecciones numism\u00e1ticas del MARQ, Alicante, p. 180.<br \/><b>Monetary Inventory Number:<\/b> 7948.<br \/>Assignment. Julio Furg\u00fas Collection<\/p>","protected":false},"featured_media":35384,"template":"","meta":{"kia_subtitle":""},"product_brand":[],"product_cat":[2316],"product_tag":[],"class_list":{"0":"post-35870","1":"product","2":"type-product","3":"status-publish","4":"has-post-thumbnail","6":"product_cat-catalogo-numismatico","8":"first","9":"instock","10":"virtual","11":"product-type-simple"},"meta_box":{"ia_expediente":"","ia_ano":"","ia_fechas_de_actuacion":"","ia_municipios_comarcas":"","ia_directores":"","ia_periodos_culturales":"","ia_tipos_de_intervencion":"","ia_equipo_tecnico":"","ia_autores":"","ia_promotores":"","ia_deposito_de_materiales":"","ia_coordenadas_utm":""},"_links":{"self":[{"href":"https:\/\/marqalicante-admin.qwair.com\/en\/wp-json\/wp\/v2\/product\/35870","targetHints":{"allow":["GET"]}}],"collection":[{"href":"https:\/\/marqalicante-admin.qwair.com\/en\/wp-json\/wp\/v2\/product"}],"about":[{"href":"https:\/\/marqalicante-admin.qwair.com\/en\/wp-json\/wp\/v2\/types\/product"}],"wp:featuredmedia":[{"embeddable":true,"href":"https:\/\/marqalicante-admin.qwair.com\/en\/wp-json\/wp\/v2\/media\/35384"}],"wp:attachment":[{"href":"https:\/\/marqalicante-admin.qwair.com\/en\/wp-json\/wp\/v2\/media?parent=35870"}],"wp:term":[{"taxonomy":"product_brand","embeddable":true,"href":"https:\/\/marqalicante-admin.qwair.com\/en\/wp-json\/wp\/v2\/product_brand?post=35870"},{"taxonomy":"product_cat","embeddable":true,"href":"https:\/\/marqalicante-admin.qwair.com\/en\/wp-json\/wp\/v2\/product_cat?post=35870"},{"taxonomy":"product_tag","embeddable":true,"href":"https:\/\/marqalicante-admin.qwair.com\/en\/wp-json\/wp\/v2\/product_tag?post=35870"}],"curies":[{"name":"wp","href":"https:\/\/api.w.org\/{rel}","templated":true}]}}