{"id":35867,"date":"2025-03-05T18:24:38","date_gmt":"2025-03-05T18:24:38","guid":{"rendered":"https:\/\/marqalicante-admin.qwair.com\/item\/medalla-conmemorativa-de-la-boda-de-alfonso-xiii-ano-1906\/"},"modified":"2025-03-05T18:27:46","modified_gmt":"2025-03-05T18:27:46","slug":"medalla-conmemorativa-de-la-boda-de-alfonso-xiii-ano-1906","status":"publish","type":"product","link":"https:\/\/marqalicante-admin.qwair.com\/en\/product\/medalla-conmemorativa-de-la-boda-de-alfonso-xiii-ano-1906\/","title":{"rendered":"<b>Commemorative medal of the wedding of Alfonso XIII<\/b>   Year 1906."},"content":{"rendered":"","protected":false},"excerpt":{"rendered":"<h3>Contemporary age<\/h3>\n<p><b>Metal:<\/b> Copper.<br \/><b>Issuing entity: <\/b> Spain. Alfonso XIII.<br \/><b>Mint:<\/b> Nuremberg (Germany).<br \/><b>Date:<\/b> Year 1906.<br \/><b>Obverse:<\/b><br \/> Superimposed busts of the Kings on the left. Legend: ALFONSO XIII AND VICTORIA EUGENIA KINGS OF SPAIN.<br \/>\n<br \/><b>Reverse:<\/b><br \/> Image of the exterior of the Royal Palace in Madrid. Caption: REMEMBRANCE OF THE ROYAL WEDDING 1906 ROYAL PALACE. On line: to the left LAUER, to the right Nuremberg.<br \/>\n<br \/><b>Weight:<\/b> 3.79 g - <b>Diameter:<\/b> 22 mm - <b>Axes:<\/b> 12 h.<br \/><b>Described in:<\/b> http:\/\/www.coinpeople.com\/index.php?\/topic\/19173-any-idea-token\/.<br \/><b>Published in:<\/b><br \/>Bayo Fuentes, S., Ram\u00f3n S\u00e1nchez, J.J., 2010: \"Cat\u00e1logo. Collections\", in Ram\u00f3n S\u00e1nchez, J.J. (ed.), Coins. Todas las caras de la Historia. Colecciones numism\u00e1ticas del MARQ, Alicante, p. 174.<br \/><b>Monetary Inventory Number:<\/b> 2691.<br \/>MARQ collection. Ancient Numismatic Collection<\/p>","protected":false},"featured_media":35375,"template":"","meta":{"kia_subtitle":""},"product_brand":[],"product_cat":[2316],"product_tag":[],"class_list":{"0":"post-35867","1":"product","2":"type-product","3":"status-publish","4":"has-post-thumbnail","6":"product_cat-catalogo-numismatico","8":"first","9":"instock","10":"virtual","11":"product-type-simple"},"meta_box":{"ia_expediente":"","ia_ano":"","ia_fechas_de_actuacion":"","ia_municipios_comarcas":"","ia_directores":"","ia_periodos_culturales":"","ia_tipos_de_intervencion":"","ia_equipo_tecnico":"","ia_autores":"","ia_promotores":"","ia_deposito_de_materiales":"","ia_coordenadas_utm":""},"_links":{"self":[{"href":"https:\/\/marqalicante-admin.qwair.com\/en\/wp-json\/wp\/v2\/product\/35867","targetHints":{"allow":["GET"]}}],"collection":[{"href":"https:\/\/marqalicante-admin.qwair.com\/en\/wp-json\/wp\/v2\/product"}],"about":[{"href":"https:\/\/marqalicante-admin.qwair.com\/en\/wp-json\/wp\/v2\/types\/product"}],"wp:featuredmedia":[{"embeddable":true,"href":"https:\/\/marqalicante-admin.qwair.com\/en\/wp-json\/wp\/v2\/media\/35375"}],"wp:attachment":[{"href":"https:\/\/marqalicante-admin.qwair.com\/en\/wp-json\/wp\/v2\/media?parent=35867"}],"wp:term":[{"taxonomy":"product_brand","embeddable":true,"href":"https:\/\/marqalicante-admin.qwair.com\/en\/wp-json\/wp\/v2\/product_brand?post=35867"},{"taxonomy":"product_cat","embeddable":true,"href":"https:\/\/marqalicante-admin.qwair.com\/en\/wp-json\/wp\/v2\/product_cat?post=35867"},{"taxonomy":"product_tag","embeddable":true,"href":"https:\/\/marqalicante-admin.qwair.com\/en\/wp-json\/wp\/v2\/product_tag?post=35867"}],"curies":[{"name":"wp","href":"https:\/\/api.w.org\/{rel}","templated":true}]}}