{"id":35866,"date":"2025-03-05T18:24:38","date_gmt":"2025-03-05T18:24:38","guid":{"rendered":"https:\/\/marqalicante-admin.qwair.com\/item\/medalla-conmemorativa-de-la-inauguracion-del-canal-de-isabel-ii-ano-1858\/"},"modified":"2025-03-05T18:27:46","modified_gmt":"2025-03-05T18:27:46","slug":"medalla-conmemorativa-de-la-inauguracion-del-canal-de-isabel-ii-ano-1858","status":"publish","type":"product","link":"https:\/\/marqalicante-admin.qwair.com\/en\/product\/medalla-conmemorativa-de-la-inauguracion-del-canal-de-isabel-ii-ano-1858\/","title":{"rendered":"<b>Commemorative medal for the inauguration of the Isabel II Canal.<\/b>   Year 1858."},"content":{"rendered":"","protected":false},"excerpt":{"rendered":"<h3>Contemporary age<\/h3>\n<p><b>Metal:<\/b> Copper.<br \/><b>Issuing entity: <\/b> Spain. Isabella II.<br \/><b>Mint:<\/b> Madrid.<br \/><b>Date:<\/b> Year 1858.<br \/><b>Obverse:<\/b><br \/> Laureate female bust left. Legend: ISABEL 2nd QUEEN OF SPAIN.<br \/>\n<br \/><b>Reverse:<\/b><br \/> In the field, under a star, and in six lines, the legend: INAUGURACION DEL CANAL DE ISABEL 2\u00aa 24 DE JUNIO DE 1858. Medalist: Jos\u00e9 P\u00e9rez Varela. Engraver: Francisco Coromina.<br \/>\n<br \/><b>Weight:<\/b> 7.47 g - <b>Diameter:<\/b> 23 mm - <b>Axes:<\/b> 12 h.<br \/><b>Described in:<\/b> Almagro-Gorbea, M., 2005: Medallas Espa\u00f1olas: Cat\u00e1logo del Gabinete de Antig\u00fcedades, Real Academia de la Historia, Madrid, p. 277, n\u00ba 624.<br \/><b>Published in:<\/b><br \/>Bayo Fuentes, S., Ram\u00f3n S\u00e1nchez, J.J., 2010: \"Cat\u00e1logo. Collections\", in Ram\u00f3n S\u00e1nchez, J.J. (ed.), Coins. Todas las caras de la Historia. Colecciones numism\u00e1ticas del MARQ, Alicante, p. 174.<br \/><b>Monetary Inventory Number:<\/b> 2684.<br \/>MARQ collection. Ancient Numismatic Collection<\/p>","protected":false},"featured_media":35372,"template":"","meta":{"kia_subtitle":""},"product_brand":[],"product_cat":[2316],"product_tag":[],"class_list":{"0":"post-35866","1":"product","2":"type-product","3":"status-publish","4":"has-post-thumbnail","6":"product_cat-catalogo-numismatico","8":"first","9":"instock","10":"virtual","11":"product-type-simple"},"meta_box":{"ia_expediente":"","ia_ano":"","ia_fechas_de_actuacion":"","ia_municipios_comarcas":"","ia_directores":"","ia_periodos_culturales":"","ia_tipos_de_intervencion":"","ia_equipo_tecnico":"","ia_autores":"","ia_promotores":"","ia_deposito_de_materiales":"","ia_coordenadas_utm":""},"_links":{"self":[{"href":"https:\/\/marqalicante-admin.qwair.com\/en\/wp-json\/wp\/v2\/product\/35866","targetHints":{"allow":["GET"]}}],"collection":[{"href":"https:\/\/marqalicante-admin.qwair.com\/en\/wp-json\/wp\/v2\/product"}],"about":[{"href":"https:\/\/marqalicante-admin.qwair.com\/en\/wp-json\/wp\/v2\/types\/product"}],"wp:featuredmedia":[{"embeddable":true,"href":"https:\/\/marqalicante-admin.qwair.com\/en\/wp-json\/wp\/v2\/media\/35372"}],"wp:attachment":[{"href":"https:\/\/marqalicante-admin.qwair.com\/en\/wp-json\/wp\/v2\/media?parent=35866"}],"wp:term":[{"taxonomy":"product_brand","embeddable":true,"href":"https:\/\/marqalicante-admin.qwair.com\/en\/wp-json\/wp\/v2\/product_brand?post=35866"},{"taxonomy":"product_cat","embeddable":true,"href":"https:\/\/marqalicante-admin.qwair.com\/en\/wp-json\/wp\/v2\/product_cat?post=35866"},{"taxonomy":"product_tag","embeddable":true,"href":"https:\/\/marqalicante-admin.qwair.com\/en\/wp-json\/wp\/v2\/product_tag?post=35866"}],"curies":[{"name":"wp","href":"https:\/\/api.w.org\/{rel}","templated":true}]}}