{"id":35865,"date":"2025-03-05T18:24:37","date_gmt":"2025-03-05T18:24:37","guid":{"rendered":"https:\/\/marqalicante-admin.qwair.com\/item\/medalla-conmemorativa-del-traslado-del-cuerpo-de-napoleon-i-ano-1840\/"},"modified":"2025-03-05T18:27:46","modified_gmt":"2025-03-05T18:27:46","slug":"medalla-conmemorativa-del-traslado-del-cuerpo-de-napoleon-i-ano-1840","status":"publish","type":"product","link":"https:\/\/marqalicante-admin.qwair.com\/en\/product\/medalla-conmemorativa-del-traslado-del-cuerpo-de-napoleon-i-ano-1840\/","title":{"rendered":"<b>Medal commemorating the transfer of the body of Napoleon I<\/b>   Year 1840."},"content":{"rendered":"","protected":false},"excerpt":{"rendered":"<h3>Contemporary age<\/h3>\n<p><b>Metal:<\/b> Copper.<br \/><b>Issuing entity: <\/b> France.<br \/><b>Mint:<\/b> Not specified.<br \/><b>Date:<\/b> Year 1840.<br \/><b>Obverse:<\/b><br \/> Laureate bust to the right of Napoleon. Caption: NAPOLEON EMPEREUR \/ JE D\u00c9SIRE QUE MES CENDRES REPOSENT SUR LES RIVES DE LA<br \/>\nSEINE AU MILIEU DE CE PEUPLE QUE J'AI SO MUCH AIM\u00c9.<br \/>\n<br \/><b>Reverse:<\/b><br \/> The troops climb a staircase carrying Napoleon's coffin, the allegory of France greets him dressed in mourning and holding palm and olive branches in her hand; in the background on the right is the warship that has transported the remains of Napoleon.<br \/>\nNapoleon from St. Helena; on the left, the church of Les Invalides in Paris, on top of which is the eagle on which the emperor is mounted, surrounded by lightning bolts.<br \/>\nAnepigraphic. Engraver: Montagny. Exergue: 1840.<br \/><b>Weight:<\/b> 9.62 g - <b>Diameter:<\/b> 26 mm - <b>Axes:<\/b> 12 h.<br \/><b>Described in:<\/b> : http:\/\/maxentius.lamoneta.it\/PagineMedaglie\/Ritorno_<br \/>\nrestiNapoleone_6.htm; http:\/\/www.nmm.ac.uk\/ collections\/explore\/object.cfm?ID=MEC0699<br \/>\n<br \/><b>Published in:<\/b><br \/>Bayo Fuentes, S., Ram\u00f3n S\u00e1nchez, J.J., 2010: \"Cat\u00e1logo. Collections\", in Ram\u00f3n S\u00e1nchez, J.J. (ed.), Coins. Todas las caras de la Historia. Colecciones numism\u00e1ticas del MARQ, Alicante, p. 173.<br \/><b>Monetary Inventory Number:<\/b> 2619.<br \/>MARQ collection. Ancient Numismatic Collection<\/p>","protected":false},"featured_media":35369,"template":"","meta":{"kia_subtitle":""},"product_brand":[],"product_cat":[2316],"product_tag":[],"class_list":{"0":"post-35865","1":"product","2":"type-product","3":"status-publish","4":"has-post-thumbnail","6":"product_cat-catalogo-numismatico","8":"first","9":"instock","10":"virtual","11":"product-type-simple"},"meta_box":{"ia_expediente":"","ia_ano":"","ia_fechas_de_actuacion":"","ia_municipios_comarcas":"","ia_directores":"","ia_periodos_culturales":"","ia_tipos_de_intervencion":"","ia_equipo_tecnico":"","ia_autores":"","ia_promotores":"","ia_deposito_de_materiales":"","ia_coordenadas_utm":""},"_links":{"self":[{"href":"https:\/\/marqalicante-admin.qwair.com\/en\/wp-json\/wp\/v2\/product\/35865","targetHints":{"allow":["GET"]}}],"collection":[{"href":"https:\/\/marqalicante-admin.qwair.com\/en\/wp-json\/wp\/v2\/product"}],"about":[{"href":"https:\/\/marqalicante-admin.qwair.com\/en\/wp-json\/wp\/v2\/types\/product"}],"wp:featuredmedia":[{"embeddable":true,"href":"https:\/\/marqalicante-admin.qwair.com\/en\/wp-json\/wp\/v2\/media\/35369"}],"wp:attachment":[{"href":"https:\/\/marqalicante-admin.qwair.com\/en\/wp-json\/wp\/v2\/media?parent=35865"}],"wp:term":[{"taxonomy":"product_brand","embeddable":true,"href":"https:\/\/marqalicante-admin.qwair.com\/en\/wp-json\/wp\/v2\/product_brand?post=35865"},{"taxonomy":"product_cat","embeddable":true,"href":"https:\/\/marqalicante-admin.qwair.com\/en\/wp-json\/wp\/v2\/product_cat?post=35865"},{"taxonomy":"product_tag","embeddable":true,"href":"https:\/\/marqalicante-admin.qwair.com\/en\/wp-json\/wp\/v2\/product_tag?post=35865"}],"curies":[{"name":"wp","href":"https:\/\/api.w.org\/{rel}","templated":true}]}}