{"id":35864,"date":"2025-03-05T18:24:37","date_gmt":"2025-03-05T18:24:37","guid":{"rendered":"https:\/\/marqalicante-admin.qwair.com\/item\/jeton-ano-1791\/"},"modified":"2025-03-05T18:27:46","modified_gmt":"2025-03-05T18:27:46","slug":"jeton-ano-1791","status":"publish","type":"product","link":"https:\/\/marqalicante-admin.qwair.com\/en\/product\/jeton-ano-1791\/","title":{"rendered":"<b>Jeton<\/b>   Year 1791."},"content":{"rendered":"","protected":false},"excerpt":{"rendered":"<h3>Contemporary age<\/h3>\n<p><b>Metal:<\/b> Brass.<br \/><b>Issuing entity: <\/b> France.<br \/><b>Mint:<\/b> Not specified.<br \/><b>Date:<\/b> Year 1791.<br \/><b>Obverse:<\/b><br \/> Head of Louis XVI to the right. Legend: LUD XVI D G FR N REX.<br \/><b>Reverse:<\/b><br \/> Parterre surrounded by trees, in the centre a fountain. Legend: MIT LUST. In exergue, maker's mark: L (Lauer).<br \/>\n<br \/><b>Weight:<\/b> 1.19 g - <b>Diameter:<\/b> 21 mm - <b>Axes:<\/b> 12 h.<br \/><b>Described in:<\/b> Hennin, 1826, no. 273, pl. 26.<br \/><b>Published in:<\/b><br \/>Bayo Fuentes, S., Ram\u00f3n S\u00e1nchez, J.J., 2010: \"Cat\u00e1logo. Collections\", in Ram\u00f3n S\u00e1nchez, J.J. (ed.), Coins. Todas las caras de la Historia. Colecciones numism\u00e1ticas del MARQ, Alicante, p. 172.<br \/><b>Monetary Inventory Number:<\/b> 2377.<br \/>MARQ collection. Ancient Numismatic Collection<\/p>","protected":false},"featured_media":35366,"template":"","meta":{"kia_subtitle":""},"product_brand":[],"product_cat":[2316],"product_tag":[],"class_list":{"0":"post-35864","1":"product","2":"type-product","3":"status-publish","4":"has-post-thumbnail","6":"product_cat-catalogo-numismatico","8":"first","9":"instock","10":"virtual","11":"product-type-simple"},"meta_box":{"ia_expediente":"","ia_ano":"","ia_fechas_de_actuacion":"","ia_municipios_comarcas":"","ia_directores":"","ia_periodos_culturales":"","ia_tipos_de_intervencion":"","ia_equipo_tecnico":"","ia_autores":"","ia_promotores":"","ia_deposito_de_materiales":"","ia_coordenadas_utm":""},"_links":{"self":[{"href":"https:\/\/marqalicante-admin.qwair.com\/en\/wp-json\/wp\/v2\/product\/35864","targetHints":{"allow":["GET"]}}],"collection":[{"href":"https:\/\/marqalicante-admin.qwair.com\/en\/wp-json\/wp\/v2\/product"}],"about":[{"href":"https:\/\/marqalicante-admin.qwair.com\/en\/wp-json\/wp\/v2\/types\/product"}],"wp:featuredmedia":[{"embeddable":true,"href":"https:\/\/marqalicante-admin.qwair.com\/en\/wp-json\/wp\/v2\/media\/35366"}],"wp:attachment":[{"href":"https:\/\/marqalicante-admin.qwair.com\/en\/wp-json\/wp\/v2\/media?parent=35864"}],"wp:term":[{"taxonomy":"product_brand","embeddable":true,"href":"https:\/\/marqalicante-admin.qwair.com\/en\/wp-json\/wp\/v2\/product_brand?post=35864"},{"taxonomy":"product_cat","embeddable":true,"href":"https:\/\/marqalicante-admin.qwair.com\/en\/wp-json\/wp\/v2\/product_cat?post=35864"},{"taxonomy":"product_tag","embeddable":true,"href":"https:\/\/marqalicante-admin.qwair.com\/en\/wp-json\/wp\/v2\/product_tag?post=35864"}],"curies":[{"name":"wp","href":"https:\/\/api.w.org\/{rel}","templated":true}]}}