{"id":35863,"date":"2025-03-05T18:24:37","date_gmt":"2025-03-05T18:24:37","guid":{"rendered":"https:\/\/marqalicante-admin.qwair.com\/item\/token-jeton-publicitario-de-medio-penique-anos-1790-1800\/"},"modified":"2025-03-05T18:27:45","modified_gmt":"2025-03-05T18:27:45","slug":"token-jeton-publicitario-de-medio-penique-anos-1790-1800","status":"publish","type":"product","link":"https:\/\/marqalicante-admin.qwair.com\/en\/product\/token-jeton-publicitario-de-medio-penique-anos-1790-1800\/","title":{"rendered":"<b>Halfpenny advertising token (jeton)<\/b>   Years 1790-1800."},"content":{"rendered":"","protected":false},"excerpt":{"rendered":"<h3>Contemporary age<\/h3>\n<p><b>Metal:<\/b> Alloy.<br \/><b>Issuing entity: <\/b> Basil Burchell (Great Britain).<br \/><b>Mint:<\/b> Not specified.<br \/><b>Date:<\/b> Years 1790-1800.<br \/><b>Obverse:<\/b><br \/> BASIL BURCHELL, SOLE PROPRIETOR OF THE FAMOUS SUGARPLUMBS FOR WORMS, N\u00ba 79, LONG-ACRE.<br \/>\n<br \/><b>Reverse:<\/b><br \/> BASIL BURCHELL, COLES PROPRIETOR OF THE ANODYNE NECKLACE FOR CHILDREN, CUTTING TEETH.<br \/>\n<br \/><b>Weight:<\/b> 7.57 g - <b>Diameter:<\/b> 29 mm - <b>Axes:<\/b> 12 h.<br \/><b>Described in:<\/b> Conder, 1798, 85, no. 133; Hart et alii, 1966, 1311-1317;<br \/>\nhttp:\/\/thequackdoctor.com\/index.php\/the-famous-little-sugar-plums\/<br \/>\n<br \/><b>Published in:<\/b><br \/>Bayo Fuentes, S., Ram\u00f3n S\u00e1nchez, J.J., 2010: \"Cat\u00e1logo. Collections\", in Ram\u00f3n S\u00e1nchez, J.J. (ed.), Coins. Todas las caras de la Historia. Colecciones numism\u00e1ticas del MARQ, Alicante, p. 172.<br \/><b>Monetary Inventory Number:<\/b> 5861.<br \/>MARQ collection. Ancient Numismatic Collection<\/p>","protected":false},"featured_media":35363,"template":"","meta":{"kia_subtitle":""},"product_brand":[],"product_cat":[2316],"product_tag":[],"class_list":{"0":"post-35863","1":"product","2":"type-product","3":"status-publish","4":"has-post-thumbnail","6":"product_cat-catalogo-numismatico","8":"first","9":"instock","10":"virtual","11":"product-type-simple"},"meta_box":{"ia_expediente":"","ia_ano":"","ia_fechas_de_actuacion":"","ia_municipios_comarcas":"","ia_directores":"","ia_periodos_culturales":"","ia_tipos_de_intervencion":"","ia_equipo_tecnico":"","ia_autores":"","ia_promotores":"","ia_deposito_de_materiales":"","ia_coordenadas_utm":""},"_links":{"self":[{"href":"https:\/\/marqalicante-admin.qwair.com\/en\/wp-json\/wp\/v2\/product\/35863","targetHints":{"allow":["GET"]}}],"collection":[{"href":"https:\/\/marqalicante-admin.qwair.com\/en\/wp-json\/wp\/v2\/product"}],"about":[{"href":"https:\/\/marqalicante-admin.qwair.com\/en\/wp-json\/wp\/v2\/types\/product"}],"wp:featuredmedia":[{"embeddable":true,"href":"https:\/\/marqalicante-admin.qwair.com\/en\/wp-json\/wp\/v2\/media\/35363"}],"wp:attachment":[{"href":"https:\/\/marqalicante-admin.qwair.com\/en\/wp-json\/wp\/v2\/media?parent=35863"}],"wp:term":[{"taxonomy":"product_brand","embeddable":true,"href":"https:\/\/marqalicante-admin.qwair.com\/en\/wp-json\/wp\/v2\/product_brand?post=35863"},{"taxonomy":"product_cat","embeddable":true,"href":"https:\/\/marqalicante-admin.qwair.com\/en\/wp-json\/wp\/v2\/product_cat?post=35863"},{"taxonomy":"product_tag","embeddable":true,"href":"https:\/\/marqalicante-admin.qwair.com\/en\/wp-json\/wp\/v2\/product_tag?post=35863"}],"curies":[{"name":"wp","href":"https:\/\/api.w.org\/{rel}","templated":true}]}}