{"id":35862,"date":"2025-03-05T18:24:36","date_gmt":"2025-03-05T18:24:36","guid":{"rendered":"https:\/\/marqalicante-admin.qwair.com\/item\/jeton-conmemorativo-de-la-boda-entre-augusto-iii-de-polonia-y-maria-josefa-de-austria-ano-1719\/"},"modified":"2025-03-05T18:27:45","modified_gmt":"2025-03-05T18:27:45","slug":"jeton-conmemorativo-de-la-boda-entre-augusto-iii-de-polonia-y-maria-josefa-de-austria-ano-1719","status":"publish","type":"product","link":"https:\/\/marqalicante-admin.qwair.com\/en\/product\/jeton-conmemorativo-de-la-boda-entre-augusto-iii-de-polonia-y-maria-josefa-de-austria-ano-1719\/","title":{"rendered":"<b>Jeton commemorating the wedding between Augustus III of Poland and Maria Josepha of Austria<\/b>   Year 1719."},"content":{"rendered":"","protected":false},"excerpt":{"rendered":"<h3>Modern age<\/h3>\n<p><b>Metal:<\/b> Brass.<br \/><b>Issuing entity: <\/b> Germany.<br \/><b>Mint:<\/b> Nuremberg (Germany).<br \/><b>Date:<\/b> Year 1719.<br \/><b>Obverse:<\/b><br \/> Crowned bust right. Legend: AUG III D(eo)G(ratia) POL.REX.<br \/><b>Reverse:<\/b><br \/> Crowned bust left. Legend: MARIA IOSEPHA - below STADTT.<br \/>\n<br \/><b>Weight:<\/b> 1.31 g - <b>Diameter:<\/b> 23 mm - <b>Axes:<\/b> 6 h.<br \/><b>Described in:<\/b> http:\/\/franckomas34.kazeo.com\/JETONS&#44;r231570.html<br \/><b>Published in:<\/b><br \/>Bayo Fuentes, S., Ram\u00f3n S\u00e1nchez, J.J., 2010: \"Cat\u00e1logo. Collections\", in Ram\u00f3n S\u00e1nchez, J.J. (ed.), Coins. Todas las caras de la Historia. Colecciones numism\u00e1ticas del MARQ, Alicante, p. 172.<br \/><b>Monetary Inventory Number:<\/b> 2446.<br \/>MARQ collection. Ancient Numismatic Collection<\/p>","protected":false},"featured_media":35360,"template":"","meta":{"kia_subtitle":""},"product_brand":[],"product_cat":[2316],"product_tag":[],"class_list":{"0":"post-35862","1":"product","2":"type-product","3":"status-publish","4":"has-post-thumbnail","6":"product_cat-catalogo-numismatico","8":"first","9":"instock","10":"virtual","11":"product-type-simple"},"meta_box":{"ia_expediente":"","ia_ano":"","ia_fechas_de_actuacion":"","ia_municipios_comarcas":"","ia_directores":"","ia_periodos_culturales":"","ia_tipos_de_intervencion":"","ia_equipo_tecnico":"","ia_autores":"","ia_promotores":"","ia_deposito_de_materiales":"","ia_coordenadas_utm":""},"_links":{"self":[{"href":"https:\/\/marqalicante-admin.qwair.com\/en\/wp-json\/wp\/v2\/product\/35862","targetHints":{"allow":["GET"]}}],"collection":[{"href":"https:\/\/marqalicante-admin.qwair.com\/en\/wp-json\/wp\/v2\/product"}],"about":[{"href":"https:\/\/marqalicante-admin.qwair.com\/en\/wp-json\/wp\/v2\/types\/product"}],"wp:featuredmedia":[{"embeddable":true,"href":"https:\/\/marqalicante-admin.qwair.com\/en\/wp-json\/wp\/v2\/media\/35360"}],"wp:attachment":[{"href":"https:\/\/marqalicante-admin.qwair.com\/en\/wp-json\/wp\/v2\/media?parent=35862"}],"wp:term":[{"taxonomy":"product_brand","embeddable":true,"href":"https:\/\/marqalicante-admin.qwair.com\/en\/wp-json\/wp\/v2\/product_brand?post=35862"},{"taxonomy":"product_cat","embeddable":true,"href":"https:\/\/marqalicante-admin.qwair.com\/en\/wp-json\/wp\/v2\/product_cat?post=35862"},{"taxonomy":"product_tag","embeddable":true,"href":"https:\/\/marqalicante-admin.qwair.com\/en\/wp-json\/wp\/v2\/product_tag?post=35862"}],"curies":[{"name":"wp","href":"https:\/\/api.w.org\/{rel}","templated":true}]}}