{"id":35861,"date":"2025-03-05T18:24:36","date_gmt":"2025-03-05T18:24:36","guid":{"rendered":"https:\/\/marqalicante-admin.qwair.com\/item\/duro-alicantino-falsificacion-de-epoca-de-cinco-pesetas-de-alfonso-xii-ano-1875\/"},"modified":"2025-03-05T18:27:45","modified_gmt":"2025-03-05T18:27:45","slug":"duro-alicantino-falsificacion-de-epoca-de-cinco-pesetas-de-alfonso-xii-ano-1875","status":"publish","type":"product","link":"https:\/\/marqalicante-admin.qwair.com\/en\/product\/duro-alicantino-falsificacion-de-epoca-de-cinco-pesetas-de-alfonso-xii-ano-1875\/","title":{"rendered":"<b>\"Duro alicantino\". Vintage counterfeit of five Alfonso XII pesetas.<\/b>   Year 1875."},"content":{"rendered":"","protected":false},"excerpt":{"rendered":"<h3>Contemporary age<\/h3>\n<p><b>Metal:<\/b> Silver.<br \/><b>Issuing entity: <\/b> Spain. Alfonso XII.<br \/><b>Mint:<\/b> Not specified.<br \/><b>Date:<\/b> Year 1875.<br \/><b>Obverse:<\/b><br \/> Head of Alfonso XII on the left. Caption: ALFONSO XII KING OF SPAIN 1875.<br \/>\n<br \/><b>Reverse:<\/b><br \/> Crowned shield of Spain, between the columns of Hercules. Legend: LEY 900 MILESIMAS - 40 PIECES IN KILOG 5 PESETAS. Marks of assayer and judge of scales: D E and M.<br \/>\n<br \/><b>Weight:<\/b> 21.33 g - <b>Diameter:<\/b> 37 mm - <b>Axes:<\/b> 6 h.<br \/><b>Described in:<\/b> Copy of Calic\u00f3 Estivill, F., Calic\u00f3 Estivill, X., Trigo Real, J., 1994: Spanish coins from Ferdinand and Isabella to Juan Carlos I. Years: 1474 to 1994, Barcelona, p. 668, type 5, no. 24.<br \/><b>Published in:<\/b><br \/>Ram\u00f3n S\u00e1nchez, J.J., Ib\u00e1\u00f1ez Sarri\u00f3, C., 2010: \"Cat\u00e1logo. Edad Moderna y contempor\u00e1nea\", in Ram\u00f3n S\u00e1nchez, J.J. (ed.), Monedas. Todas las caras de la Historia. Numismatic collections of the MARQ, Alicante, p. 169.<br \/><b>Monetary Inventory Number:<\/b> 6610.<br \/>Purchase. Enrique Llobregat Collection<\/p>","protected":false},"featured_media":35357,"template":"","meta":{"kia_subtitle":""},"product_brand":[],"product_cat":[2316],"product_tag":[],"class_list":{"0":"post-35861","1":"product","2":"type-product","3":"status-publish","4":"has-post-thumbnail","6":"product_cat-catalogo-numismatico","8":"first","9":"instock","10":"virtual","11":"product-type-simple"},"meta_box":{"ia_expediente":"","ia_ano":"","ia_fechas_de_actuacion":"","ia_municipios_comarcas":"","ia_directores":"","ia_periodos_culturales":"","ia_tipos_de_intervencion":"","ia_equipo_tecnico":"","ia_autores":"","ia_promotores":"","ia_deposito_de_materiales":"","ia_coordenadas_utm":""},"_links":{"self":[{"href":"https:\/\/marqalicante-admin.qwair.com\/en\/wp-json\/wp\/v2\/product\/35861","targetHints":{"allow":["GET"]}}],"collection":[{"href":"https:\/\/marqalicante-admin.qwair.com\/en\/wp-json\/wp\/v2\/product"}],"about":[{"href":"https:\/\/marqalicante-admin.qwair.com\/en\/wp-json\/wp\/v2\/types\/product"}],"wp:featuredmedia":[{"embeddable":true,"href":"https:\/\/marqalicante-admin.qwair.com\/en\/wp-json\/wp\/v2\/media\/35357"}],"wp:attachment":[{"href":"https:\/\/marqalicante-admin.qwair.com\/en\/wp-json\/wp\/v2\/media?parent=35861"}],"wp:term":[{"taxonomy":"product_brand","embeddable":true,"href":"https:\/\/marqalicante-admin.qwair.com\/en\/wp-json\/wp\/v2\/product_brand?post=35861"},{"taxonomy":"product_cat","embeddable":true,"href":"https:\/\/marqalicante-admin.qwair.com\/en\/wp-json\/wp\/v2\/product_cat?post=35861"},{"taxonomy":"product_tag","embeddable":true,"href":"https:\/\/marqalicante-admin.qwair.com\/en\/wp-json\/wp\/v2\/product_tag?post=35861"}],"curies":[{"name":"wp","href":"https:\/\/api.w.org\/{rel}","templated":true}]}}