{"id":35859,"date":"2025-03-05T18:24:35","date_gmt":"2025-03-05T18:24:35","guid":{"rendered":"https:\/\/marqalicante-admin.qwair.com\/item\/decima-de-real-ano-1853\/"},"modified":"2025-03-05T18:27:45","modified_gmt":"2025-03-05T18:27:45","slug":"decima-de-real-ano-1853","status":"publish","type":"product","link":"https:\/\/marqalicante-admin.qwair.com\/en\/product\/decima-de-real-ano-1853\/","title":{"rendered":"<b>Tenth of a real<\/b>   Year 1853."},"content":{"rendered":"","protected":false},"excerpt":{"rendered":"<h3>Contemporary age<\/h3>\n<p><b>Metal:<\/b> Copper.<br \/><b>Issuing entity: <\/b> Spain. Isabella II.<br \/><b>Mint:<\/b> Segovia.<br \/><b>Date:<\/b> Year 1853.<br \/><b>Obverse:<\/b><br \/> Shield crowned and quartered with the arms of Castile, Leon and Granada and in the centre escutcheon of the house of Bourbon. Legend: ISABEL 2\u00aa BY THE G OF GOD.<br \/>\n<br \/><b>Reverse:<\/b><br \/> In central border laurel wreath and DECIMA DE REAL. Legend: Y LA CONST REINA DE LAS ESPA\u00d1AS 1853. Mint mark: aqueduct.<br \/>\n<br \/><b>Weight:<\/b> 3.64 g - <b>Diameter:<\/b> 19 mm - <b>Axes:<\/b> 12 h.<br \/><b>Described in:<\/b> Calic\u00f3 Estivill, F., Calic\u00f3 Estivill, X., Trigo Real, J., 1994: Spanish coins from Ferdinand and Isabella to Juan Carlos I. Years: 1474 to 1994. Years: 1474 to 1994, Barcelona, p. 635, type 136, no. 572.<br \/>\n<br \/><b>Published in:<\/b><br \/>Ram\u00f3n S\u00e1nchez, J.J., Ib\u00e1\u00f1ez Sarri\u00f3, C., 2010: \"Cat\u00e1logo. Edad Moderna y contempor\u00e1nea\", in Ram\u00f3n S\u00e1nchez, J.J. (ed.), Monedas. Todas las caras de la Historia. Numismatic collections of the MARQ, Alicante, p. 168.<br \/><b>Monetary Inventory Number:<\/b> 2680.<br \/>MARQ collection. Ancient Numismatic Collection<\/p>","protected":false},"featured_media":35351,"template":"","meta":{"kia_subtitle":""},"product_brand":[],"product_cat":[2316],"product_tag":[],"class_list":{"0":"post-35859","1":"product","2":"type-product","3":"status-publish","4":"has-post-thumbnail","6":"product_cat-catalogo-numismatico","8":"first","9":"instock","10":"virtual","11":"product-type-simple"},"meta_box":{"ia_expediente":"","ia_ano":"","ia_fechas_de_actuacion":"","ia_municipios_comarcas":"","ia_directores":"","ia_periodos_culturales":"","ia_tipos_de_intervencion":"","ia_equipo_tecnico":"","ia_autores":"","ia_promotores":"","ia_deposito_de_materiales":"","ia_coordenadas_utm":""},"_links":{"self":[{"href":"https:\/\/marqalicante-admin.qwair.com\/en\/wp-json\/wp\/v2\/product\/35859","targetHints":{"allow":["GET"]}}],"collection":[{"href":"https:\/\/marqalicante-admin.qwair.com\/en\/wp-json\/wp\/v2\/product"}],"about":[{"href":"https:\/\/marqalicante-admin.qwair.com\/en\/wp-json\/wp\/v2\/types\/product"}],"wp:featuredmedia":[{"embeddable":true,"href":"https:\/\/marqalicante-admin.qwair.com\/en\/wp-json\/wp\/v2\/media\/35351"}],"wp:attachment":[{"href":"https:\/\/marqalicante-admin.qwair.com\/en\/wp-json\/wp\/v2\/media?parent=35859"}],"wp:term":[{"taxonomy":"product_brand","embeddable":true,"href":"https:\/\/marqalicante-admin.qwair.com\/en\/wp-json\/wp\/v2\/product_brand?post=35859"},{"taxonomy":"product_cat","embeddable":true,"href":"https:\/\/marqalicante-admin.qwair.com\/en\/wp-json\/wp\/v2\/product_cat?post=35859"},{"taxonomy":"product_tag","embeddable":true,"href":"https:\/\/marqalicante-admin.qwair.com\/en\/wp-json\/wp\/v2\/product_tag?post=35859"}],"curies":[{"name":"wp","href":"https:\/\/api.w.org\/{rel}","templated":true}]}}