{"id":35853,"date":"2025-03-05T18:24:33","date_gmt":"2025-03-05T18:24:33","guid":{"rendered":"https:\/\/marqalicante-admin.qwair.com\/item\/real-de-a-8-ano-1809\/"},"modified":"2025-03-05T18:27:44","modified_gmt":"2025-03-05T18:27:44","slug":"real-de-a-8-ano-1809","status":"publish","type":"product","link":"https:\/\/marqalicante-admin.qwair.com\/en\/product\/real-de-a-8-ano-1809\/","title":{"rendered":"<b>Real de a 8<\/b>   Year 1809."},"content":{"rendered":"","protected":false},"excerpt":{"rendered":"<h3>Contemporary age<\/h3>\n<p><b>Metal:<\/b> Silver.<br \/><b>Issuing entity: <\/b> Spain. Ferdinand VII.<br \/><b>Mint:<\/b> Mexico.<br \/><b>Date:<\/b> Year 1809.<br \/><b>Obverse:<\/b><br \/> Bust of Ferdinand VII laureate right with toupee, bow, cuirass and mantle. Legend: FERDIN VII DEI GRATIA 1809.<br \/>\n<br \/><b>Reverse:<\/b><br \/> Shield crowned and quartered with the arms of Castile, Leon and Granada and in the centre escutcheon of the house of Bourbon. On the sides columns of Hercules with scrolled ribbons and the legend PLUS ULTRA. Legend: HISPAN ET IND REX. M mintmark: M surmounted by O. Value mark: 8R. Assayers: T H.<br \/><b>Weight:<\/b> 27.10 g - <b>Diameter:<\/b> 39 mm - <b>Axes:<\/b> 12 h.<br \/><b>Described in:<\/b> Calic\u00f3 Estivill, F., Calic\u00f3 Estivill, X., Trigo Real, J., 1994: Spanish coins from Ferdinand and Isabella to Juan Carlos I. Years: 1474 to 1994. Years: 1474 to 1994, Barcelona, p. 565, type 122, no. 492.<br \/>\n<br \/><b>Published in:<\/b><br \/>Ram\u00f3n S\u00e1nchez, J.J., Ib\u00e1\u00f1ez Sarri\u00f3, C., 2010: \"Cat\u00e1logo. Edad Moderna y contempor\u00e1nea\", in Ram\u00f3n S\u00e1nchez, J.J. (ed.), Monedas. Todas las caras de la Historia. Colecciones numism\u00e1ticas del MARQ, Alicante, p. 165; Ram\u00f3n S\u00e1nchez, J.J., 2013: El tresor de Sant Joan d'Alacant, Alicante, 2013, p. 90 and 146 no. 463.<br \/><b>Monetary Inventory Number:<\/b> 3796.<br \/>A chance find. Treasure of Sant Joan d'Alacant<\/p>","protected":false},"featured_media":35333,"template":"","meta":{"kia_subtitle":""},"product_brand":[],"product_cat":[2316],"product_tag":[],"class_list":{"0":"post-35853","1":"product","2":"type-product","3":"status-publish","4":"has-post-thumbnail","6":"product_cat-catalogo-numismatico","8":"first","9":"instock","10":"virtual","11":"product-type-simple"},"meta_box":{"ia_expediente":"","ia_ano":"","ia_fechas_de_actuacion":"","ia_municipios_comarcas":"","ia_directores":"","ia_periodos_culturales":"","ia_tipos_de_intervencion":"","ia_equipo_tecnico":"","ia_autores":"","ia_promotores":"","ia_deposito_de_materiales":"","ia_coordenadas_utm":""},"_links":{"self":[{"href":"https:\/\/marqalicante-admin.qwair.com\/en\/wp-json\/wp\/v2\/product\/35853","targetHints":{"allow":["GET"]}}],"collection":[{"href":"https:\/\/marqalicante-admin.qwair.com\/en\/wp-json\/wp\/v2\/product"}],"about":[{"href":"https:\/\/marqalicante-admin.qwair.com\/en\/wp-json\/wp\/v2\/types\/product"}],"wp:featuredmedia":[{"embeddable":true,"href":"https:\/\/marqalicante-admin.qwair.com\/en\/wp-json\/wp\/v2\/media\/35333"}],"wp:attachment":[{"href":"https:\/\/marqalicante-admin.qwair.com\/en\/wp-json\/wp\/v2\/media?parent=35853"}],"wp:term":[{"taxonomy":"product_brand","embeddable":true,"href":"https:\/\/marqalicante-admin.qwair.com\/en\/wp-json\/wp\/v2\/product_brand?post=35853"},{"taxonomy":"product_cat","embeddable":true,"href":"https:\/\/marqalicante-admin.qwair.com\/en\/wp-json\/wp\/v2\/product_cat?post=35853"},{"taxonomy":"product_tag","embeddable":true,"href":"https:\/\/marqalicante-admin.qwair.com\/en\/wp-json\/wp\/v2\/product_tag?post=35853"}],"curies":[{"name":"wp","href":"https:\/\/api.w.org\/{rel}","templated":true}]}}