{"id":35848,"date":"2025-03-05T18:24:32","date_gmt":"2025-03-05T18:24:32","guid":{"rendered":"https:\/\/marqalicante-admin.qwair.com\/item\/real-de-a-4-ano-1767\/"},"modified":"2025-03-05T18:27:43","modified_gmt":"2025-03-05T18:27:43","slug":"real-de-a-4-ano-1767","status":"publish","type":"product","link":"https:\/\/marqalicante-admin.qwair.com\/en\/product\/real-de-a-4-ano-1767\/","title":{"rendered":"<b>Real de a 4<\/b>   Year 1767."},"content":{"rendered":"","protected":false},"excerpt":{"rendered":"<h3>Modern age<\/h3>\n<p><b>Metal:<\/b> Silver.<br \/><b>Issuing entity: <\/b> Spain. Carlos III.<br \/><b>Mint:<\/b> Lima (Peru).<br \/><b>Date:<\/b> Year 1767.<br \/><b>Obverse:<\/b><br \/> Shield crowned and quartered with the arms of Castile, Leon and Granada; in the centre, escutcheon of the House of Bourbon. Legend: CAROLUS III D G HISPAN ET IND REX. Assayer: J M. Value mark 4.<br \/><b>Reverse:<\/b><br \/> On sea waves two worlds crowned between the columns of Hercules crowned and with rolled ribbons with the motto PLUS ULTRA. Legend: VTRAQUE VNUM 1767. Mint mark: L M.<br \/>\n<br \/><b>Weight:<\/b> 13.28 g - <b>Diameter:<\/b> 33 mm - <b>Axes:<\/b> 12 h.<br \/><b>Described in:<\/b> Calic\u00f3 Estivill, F., Calic\u00f3 Estivill, X., Trigo Real, J., 1994: Las monedas espa\u00f1olas desde Fernando e Isabel a Juan Carlos I.. Years: 1474 to 1994, Barcelona, p.<br \/>\n474, type 107, No. 983.<br \/>\n<br \/><b>Published in:<\/b><br \/>Ram\u00f3n S\u00e1nchez, J.J., Ib\u00e1\u00f1ez Sarri\u00f3, C., 2010: \"Cat\u00e1logo. Edad Moderna y contempor\u00e1nea\", in Ram\u00f3n S\u00e1nchez, J.J. (ed.), Monedas. Todas las caras de la Historia. Numismatic collections of the MARQ, Alicante, p. 163.<br \/><b>Monetary Inventory Number:<\/b> 2335.<br \/>MARQ collection. Ancient Numismatic Collection<\/p>","protected":false},"featured_media":35318,"template":"","meta":{"kia_subtitle":""},"product_brand":[],"product_cat":[2316],"product_tag":[],"class_list":{"0":"post-35848","1":"product","2":"type-product","3":"status-publish","4":"has-post-thumbnail","6":"product_cat-catalogo-numismatico","8":"first","9":"instock","10":"virtual","11":"product-type-simple"},"meta_box":{"ia_expediente":"","ia_ano":"","ia_fechas_de_actuacion":"","ia_municipios_comarcas":"","ia_directores":"","ia_periodos_culturales":"","ia_tipos_de_intervencion":"","ia_equipo_tecnico":"","ia_autores":"","ia_promotores":"","ia_deposito_de_materiales":"","ia_coordenadas_utm":""},"_links":{"self":[{"href":"https:\/\/marqalicante-admin.qwair.com\/en\/wp-json\/wp\/v2\/product\/35848","targetHints":{"allow":["GET"]}}],"collection":[{"href":"https:\/\/marqalicante-admin.qwair.com\/en\/wp-json\/wp\/v2\/product"}],"about":[{"href":"https:\/\/marqalicante-admin.qwair.com\/en\/wp-json\/wp\/v2\/types\/product"}],"wp:featuredmedia":[{"embeddable":true,"href":"https:\/\/marqalicante-admin.qwair.com\/en\/wp-json\/wp\/v2\/media\/35318"}],"wp:attachment":[{"href":"https:\/\/marqalicante-admin.qwair.com\/en\/wp-json\/wp\/v2\/media?parent=35848"}],"wp:term":[{"taxonomy":"product_brand","embeddable":true,"href":"https:\/\/marqalicante-admin.qwair.com\/en\/wp-json\/wp\/v2\/product_brand?post=35848"},{"taxonomy":"product_cat","embeddable":true,"href":"https:\/\/marqalicante-admin.qwair.com\/en\/wp-json\/wp\/v2\/product_cat?post=35848"},{"taxonomy":"product_tag","embeddable":true,"href":"https:\/\/marqalicante-admin.qwair.com\/en\/wp-json\/wp\/v2\/product_tag?post=35848"}],"curies":[{"name":"wp","href":"https:\/\/api.w.org\/{rel}","templated":true}]}}