{"id":35847,"date":"2025-03-05T18:24:31","date_gmt":"2025-03-05T18:24:31","guid":{"rendered":"https:\/\/marqalicante-admin.qwair.com\/item\/cuatro-escudos-ano-1786\/"},"modified":"2025-03-05T18:27:43","modified_gmt":"2025-03-05T18:27:43","slug":"cuatro-escudos-ano-1786","status":"publish","type":"product","link":"https:\/\/marqalicante-admin.qwair.com\/en\/product\/cuatro-escudos-ano-1786\/","title":{"rendered":"<b>Four shields<\/b>   Year 1786."},"content":{"rendered":"","protected":false},"excerpt":{"rendered":"<h3>Modern age<\/h3>\n<p><b>Metal:<\/b> Gold.<br \/><b>Issuing entity: <\/b> Spain. Carlos III.<br \/><b>Mint:<\/b> Madrid.<br \/><b>Date:<\/b> Year 1786.<br \/><b>Obverse:<\/b><br \/> Bust of the monarch right with cuirass and mantle. Legend: CAROL III D G HISP ET IND R 1786.<br \/>\n<br \/><b>Reverse:<\/b><br \/> Crowned shield surrounded by the golden fleece. Interior divided into ten quarters with the arms of Aragon, Sicily, Austria, ancient and modern Burgundy, Parma, Tuscany, Flanders, Tyrol and Brabant. In the central part, shield<br \/>\nQuartered with arms of Castile and Leon with the coat of arms of the house of Bourbon in the centre. Legend: IND UTROQ FELIX AUSPICE DEO. Mint mark: M crowned. Assayers: D V. In field, value mark 4 S.<br \/>\n<br \/><b>Weight:<\/b> 13.49 g - <b>Diameter:<\/b> 30 mm - <b>Axes:<\/b> 12 h.<br \/><b>Described in:<\/b> Calic\u00f3 Estivill, F., Calic\u00f3 Estivill, X., Trigo Real, J., 1994: Spanish coins from Ferdinand and Isabella to Juan Carlos I. Years: 1474 to 1994. Years: 1474 to 1994, Barcelona, p. 455, type 26, no. 222.<br \/>\n<br \/><b>Published in:<\/b><br \/>Ram\u00f3n S\u00e1nchez, J.J., Ib\u00e1\u00f1ez Sarri\u00f3, C., 2010: \"Cat\u00e1logo. Edad Moderna y contempor\u00e1nea\", in Ram\u00f3n S\u00e1nchez, J.J. (ed.), Monedas. Todas las caras de la Historia. Colecciones numism\u00e1ticas del MARQ, Alicante, p. 162; Ram\u00f3n S\u00e1nchez, J.J., 2013: El tresor de Sant Joan d'Alacant, Alicante, 2013, p. 72 and 116 no. 213.<br \/><b>Monetary Inventory Number:<\/b> 3771.<br \/>A chance find. Treasure of Sant Joan d'Alacant<\/p>","protected":false},"featured_media":35315,"template":"","meta":{"kia_subtitle":""},"product_brand":[],"product_cat":[2316],"product_tag":[],"class_list":{"0":"post-35847","1":"product","2":"type-product","3":"status-publish","4":"has-post-thumbnail","6":"product_cat-catalogo-numismatico","8":"first","9":"instock","10":"virtual","11":"product-type-simple"},"meta_box":{"ia_expediente":"","ia_ano":"","ia_fechas_de_actuacion":"","ia_municipios_comarcas":"","ia_directores":"","ia_periodos_culturales":"","ia_tipos_de_intervencion":"","ia_equipo_tecnico":"","ia_autores":"","ia_promotores":"","ia_deposito_de_materiales":"","ia_coordenadas_utm":""},"_links":{"self":[{"href":"https:\/\/marqalicante-admin.qwair.com\/en\/wp-json\/wp\/v2\/product\/35847","targetHints":{"allow":["GET"]}}],"collection":[{"href":"https:\/\/marqalicante-admin.qwair.com\/en\/wp-json\/wp\/v2\/product"}],"about":[{"href":"https:\/\/marqalicante-admin.qwair.com\/en\/wp-json\/wp\/v2\/types\/product"}],"wp:featuredmedia":[{"embeddable":true,"href":"https:\/\/marqalicante-admin.qwair.com\/en\/wp-json\/wp\/v2\/media\/35315"}],"wp:attachment":[{"href":"https:\/\/marqalicante-admin.qwair.com\/en\/wp-json\/wp\/v2\/media?parent=35847"}],"wp:term":[{"taxonomy":"product_brand","embeddable":true,"href":"https:\/\/marqalicante-admin.qwair.com\/en\/wp-json\/wp\/v2\/product_brand?post=35847"},{"taxonomy":"product_cat","embeddable":true,"href":"https:\/\/marqalicante-admin.qwair.com\/en\/wp-json\/wp\/v2\/product_cat?post=35847"},{"taxonomy":"product_tag","embeddable":true,"href":"https:\/\/marqalicante-admin.qwair.com\/en\/wp-json\/wp\/v2\/product_tag?post=35847"}],"curies":[{"name":"wp","href":"https:\/\/api.w.org\/{rel}","templated":true}]}}