{"id":35845,"date":"2025-03-05T18:24:31","date_gmt":"2025-03-05T18:24:31","guid":{"rendered":"https:\/\/marqalicante-admin.qwair.com\/item\/ocho-escudos-ano-1748\/"},"modified":"2025-03-05T18:27:42","modified_gmt":"2025-03-05T18:27:42","slug":"ocho-escudos-ano-1748","status":"publish","type":"product","link":"https:\/\/marqalicante-admin.qwair.com\/en\/product\/ocho-escudos-ano-1748\/","title":{"rendered":"<b>Eight shields<\/b>   Year 1748."},"content":{"rendered":"","protected":false},"excerpt":{"rendered":"<h3>Modern age<\/h3>\n<p><b>Metal:<\/b> Gold.<br \/><b>Issuing entity: <\/b> Spain. Ferdinand VI.<br \/><b>Mint:<\/b> Mexico.<br \/><b>Date:<\/b> Year 1748.<br \/><b>Obverse:<\/b><br \/> Bust of Ferdinand VI right with cloak and cuirass. Legend: FERDND VI D G HISPAN ET IND REX 1748.<br \/>\n<br \/><b>Reverse:<\/b><br \/> Crowned shield surrounded by the golden fleece, quartered with the arms of Castile, Leon, Aragon, Sicily, Austria, ancient and modern Burgundy, Brabant, Flanders, Tyrol, and in the centre the escutcheon of the house of Bourbon. Legend: NOMINA MAGNA SEQUOR. Mint mark: M M surmounted by O. Assayers: M F. In field, value mark: 8 S.<br \/><b>Weight:<\/b> 27.06 g - <b>Diameter:<\/b> 36 mm - <b>Axes:<\/b> 12 h.<br \/><b>Described in:<\/b> Calic\u00f3 Estivill, F., Calic\u00f3 Estivill, X., Trigo Real, J., 1994: Spanish coins from Ferdinand and Isabella to Juan Carlos I. Years: 1474 to 1994. Years: 1474 to 1994, Barcelona, p. 422, type 12, no. 28.<br \/>\n<br \/><b>Published in:<\/b><br \/>Ram\u00f3n S\u00e1nchez, J.J., Ib\u00e1\u00f1ez Sarri\u00f3, C., 2010: \"Cat\u00e1logo. Edad Moderna y contempor\u00e1nea\", in Ram\u00f3n S\u00e1nchez, J.J. (ed.), Monedas. Todas las caras de la Historia. Colecciones numism\u00e1ticas del MARQ, Alicante, p. 162; Ram\u00f3n S\u00e1nchez, J.J., 2013: El tresor de Sant Joan d'Alacant, Alicante, 2013, p. 70 and 114 no. 192.<br \/><b>Monetary Inventory Number:<\/b> 3770.<br \/>A chance find. Treasure of Sant Joan d'Alacant<\/p>","protected":false},"featured_media":35309,"template":"","meta":{"kia_subtitle":""},"product_brand":[],"product_cat":[2316],"product_tag":[],"class_list":{"0":"post-35845","1":"product","2":"type-product","3":"status-publish","4":"has-post-thumbnail","6":"product_cat-catalogo-numismatico","8":"first","9":"instock","10":"virtual","11":"product-type-simple"},"meta_box":{"ia_expediente":"","ia_ano":"","ia_fechas_de_actuacion":"","ia_municipios_comarcas":"","ia_directores":"","ia_periodos_culturales":"","ia_tipos_de_intervencion":"","ia_equipo_tecnico":"","ia_autores":"","ia_promotores":"","ia_deposito_de_materiales":"","ia_coordenadas_utm":""},"_links":{"self":[{"href":"https:\/\/marqalicante-admin.qwair.com\/en\/wp-json\/wp\/v2\/product\/35845","targetHints":{"allow":["GET"]}}],"collection":[{"href":"https:\/\/marqalicante-admin.qwair.com\/en\/wp-json\/wp\/v2\/product"}],"about":[{"href":"https:\/\/marqalicante-admin.qwair.com\/en\/wp-json\/wp\/v2\/types\/product"}],"wp:featuredmedia":[{"embeddable":true,"href":"https:\/\/marqalicante-admin.qwair.com\/en\/wp-json\/wp\/v2\/media\/35309"}],"wp:attachment":[{"href":"https:\/\/marqalicante-admin.qwair.com\/en\/wp-json\/wp\/v2\/media?parent=35845"}],"wp:term":[{"taxonomy":"product_brand","embeddable":true,"href":"https:\/\/marqalicante-admin.qwair.com\/en\/wp-json\/wp\/v2\/product_brand?post=35845"},{"taxonomy":"product_cat","embeddable":true,"href":"https:\/\/marqalicante-admin.qwair.com\/en\/wp-json\/wp\/v2\/product_cat?post=35845"},{"taxonomy":"product_tag","embeddable":true,"href":"https:\/\/marqalicante-admin.qwair.com\/en\/wp-json\/wp\/v2\/product_tag?post=35845"}],"curies":[{"name":"wp","href":"https:\/\/api.w.org\/{rel}","templated":true}]}}