{"id":35833,"date":"2025-03-05T18:24:26","date_gmt":"2025-03-05T18:24:26","guid":{"rendered":"https:\/\/marqalicante-admin.qwair.com\/item\/real-de-a-1-anos-1474-1504\/"},"modified":"2025-03-05T18:27:40","modified_gmt":"2025-03-05T18:27:40","slug":"real-de-a-1-anos-1474-1504","status":"publish","type":"product","link":"https:\/\/marqalicante-admin.qwair.com\/en\/product\/real-de-a-1-anos-1474-1504\/","title":{"rendered":"<b>Real de a 1<\/b>   Years 1474-1504."},"content":{"rendered":"","protected":false},"excerpt":{"rendered":"<h3>Modern age<\/h3>\n<p><b>Metal:<\/b> Silver.<br \/><b>Issuing entity: <\/b> Spain. Catholic Monarchs.<br \/><b>Mint:<\/b> Toledo.<br \/><b>Date:<\/b> Years 1474-1504.<br \/><b>Obverse:<\/b><br \/> Shield crowned and quartered with arms of Castile, Leon, Aragon and Granada. Legend: FERNANDVS ET ELISABET D. Mintmark: T M.<br \/>\n<br \/><b>Reverse:<\/b><br \/> Bundle of arrows and decorated yoke. Legend: REX ET REGINA CAST LEGIONIS AR.<br \/>\n<br \/><b>Weight:<\/b> 3.1 g - <b>Diameter:<\/b> 25 mm - <b>Axes:<\/b> 12 h.<br \/><b>Described in:<\/b> Calic\u00f3 Estivill, F., Calic\u00f3 Estivill, X., Trigo Real, J., 1994: Spanish coins from Ferdinand and Isabella to Juan Carlos I. Years: 1474 to 1994. Years: 1474 to 1994, Barcelona, p. 52, type 174, no. 310.<br \/><b>Published in:<\/b><br \/>Ram\u00f3n S\u00e1nchez, J.J., Ib\u00e1\u00f1ez Sarri\u00f3, C., 2010: \"Cat\u00e1logo. Edad Moderna y contempor\u00e1nea\", in Ram\u00f3n S\u00e1nchez, J.J. (ed.), Monedas. Todas las caras de la Historia. Numismatic collections of the MARQ, Alicante, p. 154.<br \/><b>Monetary Inventory Number:<\/b> 436.<br \/>Purchase. Isidro Albert Collection<\/p>","protected":false},"featured_media":35273,"template":"","meta":{"kia_subtitle":""},"product_brand":[],"product_cat":[2316],"product_tag":[],"class_list":{"0":"post-35833","1":"product","2":"type-product","3":"status-publish","4":"has-post-thumbnail","6":"product_cat-catalogo-numismatico","8":"first","9":"instock","10":"virtual","11":"product-type-simple"},"meta_box":{"ia_expediente":"","ia_ano":"","ia_fechas_de_actuacion":"","ia_municipios_comarcas":"","ia_directores":"","ia_periodos_culturales":"","ia_tipos_de_intervencion":"","ia_equipo_tecnico":"","ia_autores":"","ia_promotores":"","ia_deposito_de_materiales":"","ia_coordenadas_utm":""},"_links":{"self":[{"href":"https:\/\/marqalicante-admin.qwair.com\/en\/wp-json\/wp\/v2\/product\/35833","targetHints":{"allow":["GET"]}}],"collection":[{"href":"https:\/\/marqalicante-admin.qwair.com\/en\/wp-json\/wp\/v2\/product"}],"about":[{"href":"https:\/\/marqalicante-admin.qwair.com\/en\/wp-json\/wp\/v2\/types\/product"}],"wp:featuredmedia":[{"embeddable":true,"href":"https:\/\/marqalicante-admin.qwair.com\/en\/wp-json\/wp\/v2\/media\/35273"}],"wp:attachment":[{"href":"https:\/\/marqalicante-admin.qwair.com\/en\/wp-json\/wp\/v2\/media?parent=35833"}],"wp:term":[{"taxonomy":"product_brand","embeddable":true,"href":"https:\/\/marqalicante-admin.qwair.com\/en\/wp-json\/wp\/v2\/product_brand?post=35833"},{"taxonomy":"product_cat","embeddable":true,"href":"https:\/\/marqalicante-admin.qwair.com\/en\/wp-json\/wp\/v2\/product_cat?post=35833"},{"taxonomy":"product_tag","embeddable":true,"href":"https:\/\/marqalicante-admin.qwair.com\/en\/wp-json\/wp\/v2\/product_tag?post=35833"}],"curies":[{"name":"wp","href":"https:\/\/api.w.org\/{rel}","templated":true}]}}