{"id":35831,"date":"2025-03-05T18:24:26","date_gmt":"2025-03-05T18:24:26","guid":{"rendered":"https:\/\/marqalicante-admin.qwair.com\/item\/carlin-anos-1416-1458\/"},"modified":"2025-03-05T18:27:39","modified_gmt":"2025-03-05T18:27:39","slug":"carlin-anos-1416-1458","status":"publish","type":"product","link":"https:\/\/marqalicante-admin.qwair.com\/en\/product\/carlin-anos-1416-1458\/","title":{"rendered":"<b>Carl\u00edn<\/b>   Years 1416-1458."},"content":{"rendered":"","protected":false},"excerpt":{"rendered":"<h3>Feudal<\/h3>\n<p><b>Metal:<\/b> Silver.<br \/><b>Issuing entity: <\/b> Crown of Aragon. Alfonso the Magnanimous.<br \/><b>Mint:<\/b> Naples.<br \/><b>Date:<\/b> Years 1416-1458.<br \/><b>Obverse:<\/b><br \/> Figure of the king seated on a throne with lions with sceptre and globe. Legend: D N S ADIVT ET EGO D I M. In field, S.<br \/>\n<br \/><b>Reverse:<\/b><br \/> Catalan-Napolitan arms quartered occupying the whole field. Legend. ALFONSVS D G R AR S C V FA.<br \/>\n<br \/><b>Weight:<\/b> 4.7 g - <b>Diameter:<\/b> 27 mm - <b>Axes:<\/b> 12 h.<br \/><b>Described in:<\/b> Crusafont Sabater, M., 1992: Coins of the Catalan-Aragonese Crown and the Kingdoms of Aragon and Navarre. Medievo y tr\u00e1nsito a la Edad Moderna, Cat\u00e1logo general de las monedas espa\u00f1olas, vol. IV, Madrid, p. 141, no. 889.<br \/>\n<br \/><b>Published in:<\/b><br \/>Dom\u00e9nech Belda, C., Ram\u00f3n S\u00e1nchez, J.J., Ahuir Dom\u00ednguez, J.A., 2010: \"Cat\u00e1logo. Edad Media\", in Ram\u00f3n S\u00e1nchez, J.J. (ed.), Coins. Todas las caras de la Historia. Numismatic collections of the MARQ, Alicante, p. 149.<br \/><b>Monetary Inventory Number:<\/b> 4529.<br \/>Purchase. <\/p>","protected":false},"featured_media":35267,"template":"","meta":{"kia_subtitle":""},"product_brand":[],"product_cat":[2316],"product_tag":[],"class_list":{"0":"post-35831","1":"product","2":"type-product","3":"status-publish","4":"has-post-thumbnail","6":"product_cat-catalogo-numismatico","8":"first","9":"instock","10":"virtual","11":"product-type-simple"},"meta_box":{"ia_expediente":"","ia_ano":"","ia_fechas_de_actuacion":"","ia_municipios_comarcas":"","ia_directores":"","ia_periodos_culturales":"","ia_tipos_de_intervencion":"","ia_equipo_tecnico":"","ia_autores":"","ia_promotores":"","ia_deposito_de_materiales":"","ia_coordenadas_utm":""},"_links":{"self":[{"href":"https:\/\/marqalicante-admin.qwair.com\/en\/wp-json\/wp\/v2\/product\/35831","targetHints":{"allow":["GET"]}}],"collection":[{"href":"https:\/\/marqalicante-admin.qwair.com\/en\/wp-json\/wp\/v2\/product"}],"about":[{"href":"https:\/\/marqalicante-admin.qwair.com\/en\/wp-json\/wp\/v2\/types\/product"}],"wp:featuredmedia":[{"embeddable":true,"href":"https:\/\/marqalicante-admin.qwair.com\/en\/wp-json\/wp\/v2\/media\/35267"}],"wp:attachment":[{"href":"https:\/\/marqalicante-admin.qwair.com\/en\/wp-json\/wp\/v2\/media?parent=35831"}],"wp:term":[{"taxonomy":"product_brand","embeddable":true,"href":"https:\/\/marqalicante-admin.qwair.com\/en\/wp-json\/wp\/v2\/product_brand?post=35831"},{"taxonomy":"product_cat","embeddable":true,"href":"https:\/\/marqalicante-admin.qwair.com\/en\/wp-json\/wp\/v2\/product_cat?post=35831"},{"taxonomy":"product_tag","embeddable":true,"href":"https:\/\/marqalicante-admin.qwair.com\/en\/wp-json\/wp\/v2\/product_tag?post=35831"}],"curies":[{"name":"wp","href":"https:\/\/api.w.org\/{rel}","templated":true}]}}