{"id":35829,"date":"2025-03-05T18:24:25","date_gmt":"2025-03-05T18:24:25","guid":{"rendered":"https:\/\/marqalicante-admin.qwair.com\/item\/ducado-anos-1356-1361\/"},"modified":"2025-03-05T18:27:39","modified_gmt":"2025-03-05T18:27:39","slug":"ducado-anos-1356-1361","status":"publish","type":"product","link":"https:\/\/marqalicante-admin.qwair.com\/en\/product\/ducado-anos-1356-1361\/","title":{"rendered":"<b>Duchy<\/b>   Years 1356-1361."},"content":{"rendered":"","protected":false},"excerpt":{"rendered":"<h3>Feudal<\/h3>\n<p><b>Metal:<\/b> Gold.<br \/><b>Issuing entity: <\/b> Republic of Venice (Italy). Duke Giovanni Dolfin.<br \/><b>Mint:<\/b> Venice.<br \/><b>Date:<\/b> Years 1356-1361.<br \/><b>Obverse:<\/b><br \/> St. Mark, standing left, gives a standard to the duke, kneeling right. Legend: IO - DELPHYNO - - S - M - VENETI - DVX.<br \/>\n<br \/><b>Reverse:<\/b><br \/> Christ within a mandorla with stars. Legend: - SIT - T - XPE - DAT' - Q - TV - REGIS - ISTE - DVCAT'.<br \/>\n<br \/><b>Weight:<\/b> 3.54 g - <b>Diameter:<\/b> 19 mm - <b>Axes:<\/b> 8 h.<br \/><b>Described in:<\/b> Corpus Nummorum Italicorum, vol.VII. Veneto (Venezia - Part I - Dalle origini a Marino Grimaldi), Rome, 1915, p. 86, no. 326.<br \/><b>Published in:<\/b><br \/>Dom\u00e9nech Belda, C., Ram\u00f3n S\u00e1nchez, J.J., Ahuir Dom\u00ednguez, J.A., 2010: \"Cat\u00e1logo. Edad Media\", in Ram\u00f3n S\u00e1nchez, J.J. (ed.), Coins. Todas las caras de la Historia. Numismatic collections of the MARQ, Alicante, p.149.<br \/><b>Monetary Inventory Number:<\/b> 6576.<br \/>Purchase. Enrique Llobregat Collection<\/p>","protected":false},"featured_media":35261,"template":"","meta":{"kia_subtitle":""},"product_brand":[],"product_cat":[2316],"product_tag":[],"class_list":{"0":"post-35829","1":"product","2":"type-product","3":"status-publish","4":"has-post-thumbnail","6":"product_cat-catalogo-numismatico","8":"first","9":"instock","10":"virtual","11":"product-type-simple"},"meta_box":{"ia_expediente":"","ia_ano":"","ia_fechas_de_actuacion":"","ia_municipios_comarcas":"","ia_directores":"","ia_periodos_culturales":"","ia_tipos_de_intervencion":"","ia_equipo_tecnico":"","ia_autores":"","ia_promotores":"","ia_deposito_de_materiales":"","ia_coordenadas_utm":""},"_links":{"self":[{"href":"https:\/\/marqalicante-admin.qwair.com\/en\/wp-json\/wp\/v2\/product\/35829","targetHints":{"allow":["GET"]}}],"collection":[{"href":"https:\/\/marqalicante-admin.qwair.com\/en\/wp-json\/wp\/v2\/product"}],"about":[{"href":"https:\/\/marqalicante-admin.qwair.com\/en\/wp-json\/wp\/v2\/types\/product"}],"wp:featuredmedia":[{"embeddable":true,"href":"https:\/\/marqalicante-admin.qwair.com\/en\/wp-json\/wp\/v2\/media\/35261"}],"wp:attachment":[{"href":"https:\/\/marqalicante-admin.qwair.com\/en\/wp-json\/wp\/v2\/media?parent=35829"}],"wp:term":[{"taxonomy":"product_brand","embeddable":true,"href":"https:\/\/marqalicante-admin.qwair.com\/en\/wp-json\/wp\/v2\/product_brand?post=35829"},{"taxonomy":"product_cat","embeddable":true,"href":"https:\/\/marqalicante-admin.qwair.com\/en\/wp-json\/wp\/v2\/product_cat?post=35829"},{"taxonomy":"product_tag","embeddable":true,"href":"https:\/\/marqalicante-admin.qwair.com\/en\/wp-json\/wp\/v2\/product_tag?post=35829"}],"curies":[{"name":"wp","href":"https:\/\/api.w.org\/{rel}","templated":true}]}}