{"id":35823,"date":"2025-03-05T18:24:23","date_gmt":"2025-03-05T18:24:23","guid":{"rendered":"https:\/\/marqalicante-admin.qwair.com\/item\/mancuso-ano-409-h-1018-1019-d-c\/"},"modified":"2025-03-05T18:27:38","modified_gmt":"2025-03-05T18:27:38","slug":"mancuso-ano-409-h-1018-1019-d-c","status":"publish","type":"product","link":"https:\/\/marqalicante-admin.qwair.com\/en\/product\/mancuso-ano-409-h-1018-1019-d-c\/","title":{"rendered":"<b>Mancuso<\/b>   Year 409 A.D. \/ 1018-1019 A.D."},"content":{"rendered":"","protected":false},"excerpt":{"rendered":"<h3>Medieval Islamic<\/h3>\n<p><b>Metal:<\/b> Gold.<br \/><b>Issuing entity: <\/b> County of Barcelona. Ramon Berenguer I.<br \/><b>Mint:<\/b> Barcelona.<br \/><b>Date:<\/b> Year 409 A.D. \/ 1018-1019 A.D.<br \/><b>Obverse:<\/b><br \/> IC: \u0627\u0644\u0642\u0627<br \/>\n     &#1604;&#1575; &#1575;&#1604;&#1607; &#1575;&#1604;&#1575;<br \/>\n     &#1604;&#1604;&#1607; &#1608;&#1581;&#1583;&#1607;<br \/>\n     &#1604;&#1575; &#1588;&#1585;&#1610;&#1603; &#1604;&#1607;<br \/>\n     &#1587;&#1605;<br \/>\nIM: Value, date and mint.<br \/><b>Reverse:<\/b><br \/> IIC: \u0648\u0644\u064a \u0627\u0644\u0639\u0647\u062f<br \/>\n      &#1575;&#1604;&#1575;&#1605;&#1575;&#1605; &#1610;&#1581;&#1610;&#1609;<br \/>\n      &#1575;&#1604;&#1605;&#1593;&#1578;&#1604;&#1609; &#1576;&#1575;&#1604;&#1604;&#1607;<br \/>\n      &#1575;&#1605;&#1610;&#1585; &#1575;&#1604;&#1605;&#1608;&#1605;&#1606;&#1610;&#1606;<br \/>\n      &#1575;&#1583;&#1610;&#1587;<br \/>\nIIM: RAIMVNDVS COMES (retrograde and outer; A without crossbar and S lying down)<br \/><b>Weight:<\/b> 1.90 g - <b>Diameter:<\/b> 20 mm - <b>Axes:<\/b> 9 h.<br \/><b>Described in:<\/b> Balaguer Prunes, A.M. 1993: Del manc\u00fas a la dobla. Or i p\u00e0ries de Hispania, Barcelona, no. 18.<br \/>\n<br \/><b>Published in:<\/b><br \/>Dom\u00e9nech Belda, C., Ram\u00f3n S\u00e1nchez, J.J., Ahuir Dom\u00ednguez, J.A., 2010: \"Cat\u00e1logo. Edad Media\", in Ram\u00f3n S\u00e1nchez, J.J. (ed.), Coins. Todas las caras de la Historia. Numismatic collections of the MARQ, Alicante, p. 145.<br \/><b>Monetary Inventory Number:<\/b> 7395.<br \/>Assignment. Julio Furg\u00fas Collection<\/p>","protected":false},"featured_media":35243,"template":"","meta":{"kia_subtitle":""},"product_brand":[],"product_cat":[2316],"product_tag":[],"class_list":{"0":"post-35823","1":"product","2":"type-product","3":"status-publish","4":"has-post-thumbnail","6":"product_cat-catalogo-numismatico","8":"first","9":"instock","10":"virtual","11":"product-type-simple"},"meta_box":{"ia_expediente":"","ia_ano":"","ia_fechas_de_actuacion":"","ia_municipios_comarcas":"","ia_directores":"","ia_periodos_culturales":"","ia_tipos_de_intervencion":"","ia_equipo_tecnico":"","ia_autores":"","ia_promotores":"","ia_deposito_de_materiales":"","ia_coordenadas_utm":""},"_links":{"self":[{"href":"https:\/\/marqalicante-admin.qwair.com\/en\/wp-json\/wp\/v2\/product\/35823","targetHints":{"allow":["GET"]}}],"collection":[{"href":"https:\/\/marqalicante-admin.qwair.com\/en\/wp-json\/wp\/v2\/product"}],"about":[{"href":"https:\/\/marqalicante-admin.qwair.com\/en\/wp-json\/wp\/v2\/types\/product"}],"wp:featuredmedia":[{"embeddable":true,"href":"https:\/\/marqalicante-admin.qwair.com\/en\/wp-json\/wp\/v2\/media\/35243"}],"wp:attachment":[{"href":"https:\/\/marqalicante-admin.qwair.com\/en\/wp-json\/wp\/v2\/media?parent=35823"}],"wp:term":[{"taxonomy":"product_brand","embeddable":true,"href":"https:\/\/marqalicante-admin.qwair.com\/en\/wp-json\/wp\/v2\/product_brand?post=35823"},{"taxonomy":"product_cat","embeddable":true,"href":"https:\/\/marqalicante-admin.qwair.com\/en\/wp-json\/wp\/v2\/product_cat?post=35823"},{"taxonomy":"product_tag","embeddable":true,"href":"https:\/\/marqalicante-admin.qwair.com\/en\/wp-json\/wp\/v2\/product_tag?post=35823"}],"curies":[{"name":"wp","href":"https:\/\/api.w.org\/{rel}","templated":true}]}}