{"id":35822,"date":"2025-03-05T18:24:23","date_gmt":"2025-03-05T18:24:23","guid":{"rendered":"https:\/\/marqalicante-admin.qwair.com\/item\/dobla-anos-647-675-h-1249-1277-d-c\/"},"modified":"2025-03-05T18:27:38","modified_gmt":"2025-03-05T18:27:38","slug":"dobla-anos-647-675-h-1249-1277-d-c","status":"publish","type":"product","link":"https:\/\/marqalicante-admin.qwair.com\/en\/product\/dobla-anos-647-675-h-1249-1277-d-c\/","title":{"rendered":"<b>Fold<\/b>   AH 647-675 \/ AD 1249-1277."},"content":{"rendered":"","protected":false},"excerpt":{"rendered":"<h3>Medieval Islamic<\/h3>\n<p><b>Metal:<\/b> Gold.<br \/><b>Issuing entity: <\/b> Hafsid Caliphate of Tunisia. Ab\u016b `Abd All\u0101h al-Musta\u1e47sir bi-llah.<br \/><b>Mint:<\/b> Not specified.<br \/><b>Date:<\/b> AH 647-675 \/ AD 1249-1277.<br \/><b>Obverse:<\/b><br \/> IAC: \u0627\u0644\u0645\u0647\u062f\u064a \u062e\u0644\u064a\u0641\u0629<br \/>\n        &#65165;&#65010; &#65165;&#65248;&#65208;&#65244;&#65198; &#65248;&#65248;&#65258;<br \/>\n        &#65262;&#65165;&#65248;&#65188;&#65262;&#65246; &#65262;&#65165;&#65248;&#65240;&#65262;&#65171; &#65170;&#65166;&#65010;<br \/>\nIAM: \u0628\u0633\u0645 \u0627\u0644\u0644\u0647 \u0627\u0644\u0631\u062d\u0645\u0646 \u0627\u0644\u0631\u062d\u0645\u0646 \u0627\u0644\u0631\u062d\u064a\u0645<br \/>\n        &#1589;&#1604;&#1609; &#1575;&#1604;&#1604;&#1607; &#1593;&#1604;&#1609; &#1587;&#1610;&#1583;&#1606;&#1575;<br \/>\n        &#1605;&#1581;&#1605;&#1583; &#1604;&#1575; &#1575;&#1604;&#1607; &#1575;&#1604;&#1575; &#1575;&#1604;&#1604;&#1607;<br \/>\n        &#1605;&#1581;&#1605;&#1583; &#1585;&#1587;&#1608;&#1604; &#1575;&#1604;&#1604;&#1607;<br \/>\n<br \/><b>Reverse:<\/b><br \/> IIAC: \u0627\u0628\u0648\u0639\u0628\u062f \u0627\u0644\u0644\u0647<br \/>\n        &#1605;&#1581;&#1605;&#1583; &#1576;&#1606; &#1575;&#1604;&#1575;&#1605;&#1585;&#1575;<br \/>\n        &#1575;&#1604;&#1585;&#1575;&#1588;&#1583;&#1610;&#1606;     <\/p>\n<p>IIAM: \u0627\u0644\u0645\u0633\u062a\u0635\u0631<br \/>\n         &#1576;&#1575;&#1604;&#1604;&#1607; &#1575;&#1604;&#1605;&#1606;&#1589;&#1608;&#1585;<br \/>\n         &#1576;&#1601;&#1590;&#1604; &#1575;&#1604;&#1604;&#1607;<br \/>\n         &#1575;&#1605;&#1610;&#1585; &#1575;&#1604;&#1605;&#1608;&#1605;&#1606;&#1610;&#1606;<br \/>\n<br \/><b>Weight:<\/b> 4.65 g - <b>Diameter:<\/b> 28 mm - <b>Axes:<\/b> 12 h.<br \/><b>Described in:<\/b> Lavoix No. 946.<br \/><b>Published in:<\/b><br \/>Dom\u00e9nech Belda, C., Ram\u00f3n S\u00e1nchez, J.J., Ahuir Dom\u00ednguez, J.A., 2010: \"Cat\u00e1logo. Edad Media\", in Ram\u00f3n S\u00e1nchez, J.J. (ed.), Coins. Todas las caras de la Historia. Numismatic collections of the MARQ, Alicante, p. 144.<br \/><b>Monetary Inventory Number:<\/b> 4528.<br \/>Purchase. <\/p>","protected":false},"featured_media":35240,"template":"","meta":{"kia_subtitle":""},"product_brand":[],"product_cat":[2316],"product_tag":[],"class_list":{"0":"post-35822","1":"product","2":"type-product","3":"status-publish","4":"has-post-thumbnail","6":"product_cat-catalogo-numismatico","8":"first","9":"instock","10":"virtual","11":"product-type-simple"},"meta_box":{"ia_expediente":"","ia_ano":"","ia_fechas_de_actuacion":"","ia_municipios_comarcas":"","ia_directores":"","ia_periodos_culturales":"","ia_tipos_de_intervencion":"","ia_equipo_tecnico":"","ia_autores":"","ia_promotores":"","ia_deposito_de_materiales":"","ia_coordenadas_utm":""},"_links":{"self":[{"href":"https:\/\/marqalicante-admin.qwair.com\/en\/wp-json\/wp\/v2\/product\/35822","targetHints":{"allow":["GET"]}}],"collection":[{"href":"https:\/\/marqalicante-admin.qwair.com\/en\/wp-json\/wp\/v2\/product"}],"about":[{"href":"https:\/\/marqalicante-admin.qwair.com\/en\/wp-json\/wp\/v2\/types\/product"}],"wp:featuredmedia":[{"embeddable":true,"href":"https:\/\/marqalicante-admin.qwair.com\/en\/wp-json\/wp\/v2\/media\/35240"}],"wp:attachment":[{"href":"https:\/\/marqalicante-admin.qwair.com\/en\/wp-json\/wp\/v2\/media?parent=35822"}],"wp:term":[{"taxonomy":"product_brand","embeddable":true,"href":"https:\/\/marqalicante-admin.qwair.com\/en\/wp-json\/wp\/v2\/product_brand?post=35822"},{"taxonomy":"product_cat","embeddable":true,"href":"https:\/\/marqalicante-admin.qwair.com\/en\/wp-json\/wp\/v2\/product_cat?post=35822"},{"taxonomy":"product_tag","embeddable":true,"href":"https:\/\/marqalicante-admin.qwair.com\/en\/wp-json\/wp\/v2\/product_tag?post=35822"}],"curies":[{"name":"wp","href":"https:\/\/api.w.org\/{rel}","templated":true}]}}