{"id":35821,"date":"2025-03-05T18:24:22","date_gmt":"2025-03-05T18:24:22","guid":{"rendered":"https:\/\/marqalicante-admin.qwair.com\/item\/dobla-anos-642-656-h-1244-1258-d-c\/"},"modified":"2025-03-05T18:27:38","modified_gmt":"2025-03-05T18:27:38","slug":"dobla-anos-642-656-h-1244-1258-d-c","status":"publish","type":"product","link":"https:\/\/marqalicante-admin.qwair.com\/en\/product\/dobla-anos-642-656-h-1244-1258-d-c\/","title":{"rendered":"<b>Fold<\/b>   AH 642-656 \/ AD 1244-1258."},"content":{"rendered":"","protected":false},"excerpt":{"rendered":"<h3>Medieval Islamic<\/h3>\n<p><b>Metal:<\/b> Gold.<br \/><b>Issuing entity: <\/b> Hafsid-style Marinid. Anonymous.<br \/><b>Mint:<\/b> Not specified.<br \/><b>Date:<\/b> AH 642-656 \/ AD 1244-1258.<br \/><b>Obverse:<\/b><br \/> IAC: \u0627\u0644\u0634\u0643\u0631 \u0644\u0644\u0647<br \/>\n        \u0648\u0627\u0644\u0645\u0646\u0629 \u0648\u0627\u0644\u0645\u0646\u0629 \u0644\u0644\u0647<br \/>\n       \u0648\u0627\u0644\u062d\u0648\u0644 \u0648\u0627\u0644\u0642\u0648\u0629 \u0628\u0627\u0644\u0644\u0644\u0647<br \/>\nIAM: Qur'an 57, 3.<br \/><b>Reverse:<\/b><br \/> IIAC: \u0627\u0644\u0648\u0627\u062d\u062f \u0627\u0644\u0644\u0647<br \/>\n         \u0645\u062d\u0645\u062f \u0631\u0633\u0648\u0644 \u0627\u0644\u0644\u0647<br \/>\n         \u0627\u0644\u0642\u0631\u0627\u0646 \u0643\u0644\u0627\u0645 \u0627\u0644\u0644\u0647<br \/>\nIIAM: \u0628\u0633\u0645 \u0627\u0644\u0644\u0647 \u0627\u0644\u0631\u062d\u0645\u0646 \u0627\u0644\u0631\u062d\u0645\u0646 \u0627\u0644\u0631\u062d\u064a\u0645<br \/>\n         \u0635\u0644\u0649 \u0635\u0644\u0649 \u0627\u0644\u0644\u0647 \u0639\u0644\u0649 \u0633\u064a\u062f\u0646\u0627 \u0645\u062d\u0645\u062f<br \/>\n         \u0648\u0627\u0644\u0647\u0643\u0645 \u0648\u0627\u0644\u0647\u0643\u0645 \u0648\u0627\u0644\u0647\u0643\u0645 \u0648\u0627\u062d\u062f<br \/>\n         \u0644\u0627 \u0627\u0644\u0647 \u0627\u0644\u0627 \u0647\u0648 \u0627\u0644\u0631\u062d\u0645\u0646 \u0627\u0644\u0631\u062d\u0645\u0646 \u0627\u0644\u0631\u062d\u064a\u0645<\/p>\n<p><b>Weight:<\/b> 4.30 g - <b>Diameter:<\/b> 12 mm - <b>Axes:<\/b> 12 h.<br \/><b>Described in:<\/b> Hazard, H.W. 1952: The Numismatic History of Late Medieval North Africa, New York, no. 674ff.<br \/>\n<br \/><b>Published in:<\/b><br \/>Dom\u00e9nech Belda, C., Ram\u00f3n S\u00e1nchez, J.J., Ahuir Dom\u00ednguez, J.A., 2010: \"Cat\u00e1logo. Edad Media\", in Ram\u00f3n S\u00e1nchez, J.J. (ed.), Coins. Todas las caras de la Historia. Numismatic collections of the MARQ, Alicante, p. 143.<br \/><b>Monetary Inventory Number:<\/b> 6570.<br \/>Purchase. Enrique Llobregat Collection<\/p>","protected":false},"featured_media":35237,"template":"","meta":{"kia_subtitle":""},"product_brand":[],"product_cat":[2316],"product_tag":[],"class_list":{"0":"post-35821","1":"product","2":"type-product","3":"status-publish","4":"has-post-thumbnail","6":"product_cat-catalogo-numismatico","8":"first","9":"instock","10":"virtual","11":"product-type-simple"},"meta_box":{"ia_expediente":"","ia_ano":"","ia_fechas_de_actuacion":"","ia_municipios_comarcas":"","ia_directores":"","ia_periodos_culturales":"","ia_tipos_de_intervencion":"","ia_equipo_tecnico":"","ia_autores":"","ia_promotores":"","ia_deposito_de_materiales":"","ia_coordenadas_utm":""},"_links":{"self":[{"href":"https:\/\/marqalicante-admin.qwair.com\/en\/wp-json\/wp\/v2\/product\/35821","targetHints":{"allow":["GET"]}}],"collection":[{"href":"https:\/\/marqalicante-admin.qwair.com\/en\/wp-json\/wp\/v2\/product"}],"about":[{"href":"https:\/\/marqalicante-admin.qwair.com\/en\/wp-json\/wp\/v2\/types\/product"}],"wp:featuredmedia":[{"embeddable":true,"href":"https:\/\/marqalicante-admin.qwair.com\/en\/wp-json\/wp\/v2\/media\/35237"}],"wp:attachment":[{"href":"https:\/\/marqalicante-admin.qwair.com\/en\/wp-json\/wp\/v2\/media?parent=35821"}],"wp:term":[{"taxonomy":"product_brand","embeddable":true,"href":"https:\/\/marqalicante-admin.qwair.com\/en\/wp-json\/wp\/v2\/product_brand?post=35821"},{"taxonomy":"product_cat","embeddable":true,"href":"https:\/\/marqalicante-admin.qwair.com\/en\/wp-json\/wp\/v2\/product_cat?post=35821"},{"taxonomy":"product_tag","embeddable":true,"href":"https:\/\/marqalicante-admin.qwair.com\/en\/wp-json\/wp\/v2\/product_tag?post=35821"}],"curies":[{"name":"wp","href":"https:\/\/api.w.org\/{rel}","templated":true}]}}