{"id":35820,"date":"2025-03-05T18:24:22","date_gmt":"2025-03-05T18:24:22","guid":{"rendered":"https:\/\/marqalicante-admin.qwair.com\/item\/dirham-anos-635-636-h-1238-d-c\/"},"modified":"2025-03-05T18:27:37","modified_gmt":"2025-03-05T18:27:37","slug":"dirham-anos-635-636-h-1238-d-c","status":"publish","type":"product","link":"https:\/\/marqalicante-admin.qwair.com\/en\/product\/dirham-anos-635-636-h-1238-d-c\/","title":{"rendered":"<b>Dirham<\/b>   Years 635-636 A.D.\/1238 A.D."},"content":{"rendered":"","protected":false},"excerpt":{"rendered":"<h3>Medieval Islamic<\/h3>\n<p><b>Metal:<\/b> Silver.<br \/><b>Issuing entity: <\/b> Hadi Kingdom of Murcia. Al-W\u0101tiq.<br \/><b>Mint:<\/b> Not specified.<br \/><b>Date:<\/b> Years 635-636 A.D.\/1238 A.D.<br \/><b>Obverse:<\/b><br \/> IA: \u0644\u0627 \u0627\u0644\u0627 \u0627\u0644\u0644\u0647 \u0627\u0644\u0627 \u0627\u0644\u0644\u0647<br \/>\n     &#1605;&#1581;&#1605;&#1583; &#1585;&#1587;&#1608;&#1604; &#1575;&#1604;&#1604;&#1607;<br \/>\n     &#1575;&#1604;&#1582;&#1604;&#1610;&#1601;&#1577; &#1575;&#1604;&#1593;&#1576;&#1575;&#1587;&#1610;<br \/>\n     &#1575;&#1605;&#1610;&#1585; &#1575;&#1604;&#1605;&#1608;&#1605;&#1606;&#1610;&#1606;<br \/><b>Reverse:<\/b><br \/> IIA: \u0627\u0644\u0648\u0627\u062b\u0642 \u0628\u0627\u0644\u0644\u0647<br \/>\n      &#1575;&#1604;&#1605;&#1593;&#1578;&#1589;&#1605; &#1576;&#1607; &#1605;&#1581;&#1605;&#1583;<br \/>\n      &#1608;&#1604;&#1609; &#1593;&#1607;&#1583;<br \/>\n      &#1575;&#1605;&#1610;&#1585;&#1575;&#1604;&#1605;&#1587;&#1604;&#1605;&#1610;&#1606;<br \/><b>Weight:<\/b> 1.54 g - <b>Diameter:<\/b> 17 mm - <b>Axes:<\/b> 12 h.<br \/><b>Described in:<\/b> Rodr\u00edguez Lorente n\u00ba 131. Rodr\u00edguez Lorente, J.J. 1984: Numismatics of Muslim Murcia, Madrid.<br \/>\n<br \/><b>Published in:<\/b><br \/>Dom\u00e9nech Belda, C., Ram\u00f3n S\u00e1nchez, J.J., Ahuir Dom\u00ednguez, J.A., 2010: \"Cat\u00e1logo. Edad Media\", in Ram\u00f3n S\u00e1nchez, J.J. (ed.), Coins. Todas las caras de la Historia. Numismatic collections of the MARQ, Alicante, p. 143.<br \/><b>Monetary Inventory Number:<\/b> 7439.<br \/>Assignment. Julio Furg\u00fas Collection<\/p>","protected":false},"featured_media":35234,"template":"","meta":{"kia_subtitle":""},"product_brand":[],"product_cat":[2316],"product_tag":[],"class_list":{"0":"post-35820","1":"product","2":"type-product","3":"status-publish","4":"has-post-thumbnail","6":"product_cat-catalogo-numismatico","8":"first","9":"instock","10":"virtual","11":"product-type-simple"},"meta_box":{"ia_expediente":"","ia_ano":"","ia_fechas_de_actuacion":"","ia_municipios_comarcas":"","ia_directores":"","ia_periodos_culturales":"","ia_tipos_de_intervencion":"","ia_equipo_tecnico":"","ia_autores":"","ia_promotores":"","ia_deposito_de_materiales":"","ia_coordenadas_utm":""},"_links":{"self":[{"href":"https:\/\/marqalicante-admin.qwair.com\/en\/wp-json\/wp\/v2\/product\/35820","targetHints":{"allow":["GET"]}}],"collection":[{"href":"https:\/\/marqalicante-admin.qwair.com\/en\/wp-json\/wp\/v2\/product"}],"about":[{"href":"https:\/\/marqalicante-admin.qwair.com\/en\/wp-json\/wp\/v2\/types\/product"}],"wp:featuredmedia":[{"embeddable":true,"href":"https:\/\/marqalicante-admin.qwair.com\/en\/wp-json\/wp\/v2\/media\/35234"}],"wp:attachment":[{"href":"https:\/\/marqalicante-admin.qwair.com\/en\/wp-json\/wp\/v2\/media?parent=35820"}],"wp:term":[{"taxonomy":"product_brand","embeddable":true,"href":"https:\/\/marqalicante-admin.qwair.com\/en\/wp-json\/wp\/v2\/product_brand?post=35820"},{"taxonomy":"product_cat","embeddable":true,"href":"https:\/\/marqalicante-admin.qwair.com\/en\/wp-json\/wp\/v2\/product_cat?post=35820"},{"taxonomy":"product_tag","embeddable":true,"href":"https:\/\/marqalicante-admin.qwair.com\/en\/wp-json\/wp\/v2\/product_tag?post=35820"}],"curies":[{"name":"wp","href":"https:\/\/api.w.org\/{rel}","templated":true}]}}