{"id":35816,"date":"2025-03-05T18:24:21","date_gmt":"2025-03-05T18:24:21","guid":{"rendered":"https:\/\/marqalicante-admin.qwair.com\/item\/dinar-ano-509-h-1115-1116-d-c\/"},"modified":"2025-03-05T18:27:37","modified_gmt":"2025-03-05T18:27:37","slug":"dinar-ano-509-h-1115-1116-d-c","status":"publish","type":"product","link":"https:\/\/marqalicante-admin.qwair.com\/en\/product\/dinar-ano-509-h-1115-1116-d-c\/","title":{"rendered":"<b>Dinar<\/b>   509 AH \/ 1115-1116 AD"},"content":{"rendered":"","protected":false},"excerpt":{"rendered":"<h3>Medieval Islamic<\/h3>\n<p><b>Metal:<\/b> Gold.<br \/><b>Issuing entity: <\/b> Almoravid. Ali ibn Yusuf.<br \/><b>Mint:<\/b> Grenada.<br \/><b>Date:<\/b> 509 AH \/ 1115-1116 AD<br \/><b>Obverse:<\/b><br \/> IAC: \u0644\u0627 \u0627\u0644\u0627 \u0627\u0644\u0644\u0647 \u0627\u0644\u0627 \u0627\u0644\u0644\u0647<br \/>\n       &#1605;&#1581;&#1605;&#1583; &#1585;&#1587;&#1608;&#1604; &#1575;&#1604;&#1604;&#1607;<br \/>\n       &#1575;&#1605;&#1610;&#1585; &#1575;&#1604;&#1605;&#1587;&#1604;&#1605;&#1610;&#1606; &#1593;&#1604;&#1610;<br \/>\n       &#1575;&#1576;&#1606; &#1610;&#1608;&#1587;&#1601;<br \/>\nIAM: Qur'an 3, 85.<br \/><b>Reverse:<\/b><br \/> IIAC: \u0627\u0644\u0627\u0645\u0627\u0645<br \/>\n         &#1593;&#1576;&#1583;<br \/>\n         &#1575;&#1604;&#1604;&#1607;<br \/>\n         &#1575;&#1605;&#1610;&#1585; &#1575;&#1604;&#1605;&#1608;&#1605;&#1606;&#1610;&#1606;<br \/>\nIIAM: Value, mint and date.<br \/><b>Weight:<\/b> 3.85 g - <b>Diameter:<\/b> 24 mm - <b>Axes:<\/b> 3 h.<br \/><b>Described in:<\/b> Vives 1610.<br \/><b>Published in:<\/b><br \/>Dom\u00e9nech Belda, C., Ram\u00f3n S\u00e1nchez, J.J., Ahuir Dom\u00ednguez, J.A., 2010: \"Cat\u00e1logo. Edad Media\", in Ram\u00f3n S\u00e1nchez, J.J. (ed.), Coins. Todas las caras de la Historia. Numismatic collections of the MARQ, Alicante, p. 140.<br \/><b>Monetary Inventory Number:<\/b> 6785.<br \/>Purchase. Enrique Llobregat Collection<\/p>","protected":false},"featured_media":35222,"template":"","meta":{"kia_subtitle":""},"product_brand":[],"product_cat":[2316],"product_tag":[],"class_list":{"0":"post-35816","1":"product","2":"type-product","3":"status-publish","4":"has-post-thumbnail","6":"product_cat-catalogo-numismatico","8":"first","9":"instock","10":"virtual","11":"product-type-simple"},"meta_box":{"ia_expediente":"","ia_ano":"","ia_fechas_de_actuacion":"","ia_municipios_comarcas":"","ia_directores":"","ia_periodos_culturales":"","ia_tipos_de_intervencion":"","ia_equipo_tecnico":"","ia_autores":"","ia_promotores":"","ia_deposito_de_materiales":"","ia_coordenadas_utm":""},"_links":{"self":[{"href":"https:\/\/marqalicante-admin.qwair.com\/en\/wp-json\/wp\/v2\/product\/35816","targetHints":{"allow":["GET"]}}],"collection":[{"href":"https:\/\/marqalicante-admin.qwair.com\/en\/wp-json\/wp\/v2\/product"}],"about":[{"href":"https:\/\/marqalicante-admin.qwair.com\/en\/wp-json\/wp\/v2\/types\/product"}],"wp:featuredmedia":[{"embeddable":true,"href":"https:\/\/marqalicante-admin.qwair.com\/en\/wp-json\/wp\/v2\/media\/35222"}],"wp:attachment":[{"href":"https:\/\/marqalicante-admin.qwair.com\/en\/wp-json\/wp\/v2\/media?parent=35816"}],"wp:term":[{"taxonomy":"product_brand","embeddable":true,"href":"https:\/\/marqalicante-admin.qwair.com\/en\/wp-json\/wp\/v2\/product_brand?post=35816"},{"taxonomy":"product_cat","embeddable":true,"href":"https:\/\/marqalicante-admin.qwair.com\/en\/wp-json\/wp\/v2\/product_cat?post=35816"},{"taxonomy":"product_tag","embeddable":true,"href":"https:\/\/marqalicante-admin.qwair.com\/en\/wp-json\/wp\/v2\/product_tag?post=35816"}],"curies":[{"name":"wp","href":"https:\/\/api.w.org\/{rel}","templated":true}]}}