{"id":35813,"date":"2025-03-05T18:24:20","date_gmt":"2025-03-05T18:24:20","guid":{"rendered":"https:\/\/marqalicante-admin.qwair.com\/item\/dirham-ano-441-h-1049-1050-d-c\/"},"modified":"2025-03-05T18:27:36","modified_gmt":"2025-03-05T18:27:36","slug":"dirham-ano-441-h-1049-1050-d-c","status":"publish","type":"product","link":"https:\/\/marqalicante-admin.qwair.com\/en\/product\/dirham-ano-441-h-1049-1050-d-c\/","title":{"rendered":"<b>Dirham<\/b>   441 AH \/ 1049-1050 AD"},"content":{"rendered":"","protected":false},"excerpt":{"rendered":"<h3>Medieval Islamic<\/h3>\n<p><b>Metal:<\/b> Fleece.<br \/><b>Issuing entity: <\/b> Taifa of Tortosa. Muq\u0101til.<br \/><b>Mint:<\/b> Tortosa (Tarragona).<br \/><b>Date:<\/b> 441 AH \/ 1049-1050 AD<br \/><b>Obverse:<\/b><br \/> IC:<br \/>\n     &#65227;&#65170;&#65194; &#65165;&#65248;&#65252;&#65248;&#65244;<br \/>\n     &#65275; &#65165;&#65248;&#65258; &#65165;&#65275;<br \/>\n     &#1604;&#1604;&#1607; &#1608;&#1581;&#1583;&#1607;<br \/>\n     &#1604;&#1575; &#1588;&#1585;&#1610;&#1603; &#1604;&#1607;<br \/>\n     &#1575;&#1576;&#1606; &#1585;&#1590;&#1609;<br \/>\nIM: Value, date and mint.<br \/>\n<br \/><b>Reverse:<\/b><br \/> IIC:<br \/>\n      &#1587;&#1610;&#1601; &#1575;&#1604;&#1605;&#1575;&#1604;&#1577;<br \/>\n      &#1575;&#1604;&#1575;&#1605;&#1575;&#1605; &#1607;&#1588;&#1575;&#1605;<br \/>\n      &#1575;&#1604;&#1605;&#1608;&#1610;&#1583; &#1576;&#1575;&#1604;&#1604;&#1607;<br \/>\n      &#1605;&#1602;&#1575;&#1578;&#1604;<\/p>\n<p>IIM:<br \/>\n       &#1605;&#1581;&#1605;&#1583;&#1585;&#1587;&#1608;&#1604; &#1575;&#1604;&#1604;&#1607; &#1575;&#1585;&#1587;&#1604;&#1726; &#1576;&#1575;&#1604;&#1607;&#1583;&#1610; &#1608;&#1583;&#65268;&#65254; &#1575;&#65247;&#65188;&#1602;<br \/>\n       &#1604;&#1610;&#1592;&#1607;&#1585;&#1607;&#1593;&#1604;&#1740; &#1575;&#1604;&#1583;&#65268;&#65254; &#1603;&#1604;&#1726; &#1608;&#1604;&#1608;&#1603;&#1585;&#1607; &#1575;&#65247;&#65252;&#1588;&#1585;&#1603;&#1608;&#1606;<br \/>\n<br \/><b>Weight:<\/b> 3.05 g - <b>Diameter:<\/b> 24 mm - <b>Axes:<\/b> 1 h.<br \/><b>Described in:<\/b> Prieto y Vives, A. 1926: Los Reyes de Taifas: Estudio hist\u00f3rico-numism\u00e1tico de los musulmanes espa\u00f1oles en el siglo V de la H\u00e9gira (XI de J.C.), Madrid, 187 a.<br \/><b>Published in:<\/b><br \/>Dom\u00e9nech Belda, C., Ram\u00f3n S\u00e1nchez, J.J., Ahuir Dom\u00ednguez, J.A., 2010: \"Cat\u00e1logo. Edad Media\", in Ram\u00f3n S\u00e1nchez, J.J. (ed.), Coins. Todas las caras de la Historia. Numismatic collections of the MARQ, Alicante, p. 138.<br \/><b>Monetary Inventory Number:<\/b> 326.<br \/>Purchase. Isidro Albert Collection<\/p>","protected":false},"featured_media":35213,"template":"","meta":{"kia_subtitle":""},"product_brand":[],"product_cat":[2316],"product_tag":[],"class_list":{"0":"post-35813","1":"product","2":"type-product","3":"status-publish","4":"has-post-thumbnail","6":"product_cat-catalogo-numismatico","8":"first","9":"instock","10":"virtual","11":"product-type-simple"},"meta_box":{"ia_expediente":"","ia_ano":"","ia_fechas_de_actuacion":"","ia_municipios_comarcas":"","ia_directores":"","ia_periodos_culturales":"","ia_tipos_de_intervencion":"","ia_equipo_tecnico":"","ia_autores":"","ia_promotores":"","ia_deposito_de_materiales":"","ia_coordenadas_utm":""},"_links":{"self":[{"href":"https:\/\/marqalicante-admin.qwair.com\/en\/wp-json\/wp\/v2\/product\/35813","targetHints":{"allow":["GET"]}}],"collection":[{"href":"https:\/\/marqalicante-admin.qwair.com\/en\/wp-json\/wp\/v2\/product"}],"about":[{"href":"https:\/\/marqalicante-admin.qwair.com\/en\/wp-json\/wp\/v2\/types\/product"}],"wp:featuredmedia":[{"embeddable":true,"href":"https:\/\/marqalicante-admin.qwair.com\/en\/wp-json\/wp\/v2\/media\/35213"}],"wp:attachment":[{"href":"https:\/\/marqalicante-admin.qwair.com\/en\/wp-json\/wp\/v2\/media?parent=35813"}],"wp:term":[{"taxonomy":"product_brand","embeddable":true,"href":"https:\/\/marqalicante-admin.qwair.com\/en\/wp-json\/wp\/v2\/product_brand?post=35813"},{"taxonomy":"product_cat","embeddable":true,"href":"https:\/\/marqalicante-admin.qwair.com\/en\/wp-json\/wp\/v2\/product_cat?post=35813"},{"taxonomy":"product_tag","embeddable":true,"href":"https:\/\/marqalicante-admin.qwair.com\/en\/wp-json\/wp\/v2\/product_tag?post=35813"}],"curies":[{"name":"wp","href":"https:\/\/api.w.org\/{rel}","templated":true}]}}