{"id":35804,"date":"2025-03-05T18:24:16","date_gmt":"2025-03-05T18:24:16","guid":{"rendered":"https:\/\/marqalicante-admin.qwair.com\/item\/nummus-anos-527-565-d-c\/"},"modified":"2025-03-05T18:27:34","modified_gmt":"2025-03-05T18:27:34","slug":"nummus-anos-527-565-d-c","status":"publish","type":"product","link":"https:\/\/marqalicante-admin.qwair.com\/en\/product\/nummus-anos-527-565-d-c\/","title":{"rendered":"<b>Nummus<\/b>   AD 527-565."},"content":{"rendered":"","protected":false},"excerpt":{"rendered":"<h3>Late Antiquity<\/h3>\n<p><b>Metal:<\/b> Bronze.<br \/><b>Issuing entity: <\/b> Byzantium. Justinian I.<br \/><b>Mint:<\/b> Carthage (Tunisia).<br \/><b>Date:<\/b> AD 527-565.<br \/><b>Obverse:<\/b><br \/> Head to the right. Legend illegible.<br \/><b>Reverse:<\/b><br \/> Legend VOT XIII.<br \/><b>Weight:<\/b> 0.63 g - <b>Diameter:<\/b> 10 mm - <b>Axes:<\/b> 12 h.<br \/><b>Described in:<\/b> Morrison, 1970, no. 65.<br \/><b>Published in:<\/b><br \/>Marot Salsas, T., Sala Sell\u00e9s, F. and Llorens Forcada, M. M., 2000: \"Contextos monetarios del siglo VI: las monedas procedentes de los vertederos del barrio de Benal\u00faa (Alicante)\", V Reuni\u00f3n de Arqueolog\u00eda Cristiana Hisp\u00e1nica: Cartagena, 16-19 April 1998, pp. 513, 516, plate 2 no. 17; Ram\u00f3n S\u00e1nchez, J.J., Garc\u00eda Barrachina, A., Verd\u00fa Parra, E., Bayo Fuentes, S., 2010: \"Cat\u00e1logo. Antig\u00fcedad\", in Ram\u00f3n S\u00e1nchez, J.J. (ed.), Monedas. Todas las caras de la Historia. Numismatic collections of the MARQ, Alicante, p. 127.<br \/><b>Monetary Inventory Number:<\/b> 4719.<br \/>Excavation. P\u00e9rez Medina Street<\/p>","protected":false},"featured_media":35186,"template":"","meta":{"kia_subtitle":""},"product_brand":[],"product_cat":[2316],"product_tag":[],"class_list":{"0":"post-35804","1":"product","2":"type-product","3":"status-publish","4":"has-post-thumbnail","6":"product_cat-catalogo-numismatico","8":"first","9":"instock","10":"virtual","11":"product-type-simple"},"meta_box":{"ia_expediente":"","ia_ano":"","ia_fechas_de_actuacion":"","ia_municipios_comarcas":"","ia_directores":"","ia_periodos_culturales":"","ia_tipos_de_intervencion":"","ia_equipo_tecnico":"","ia_autores":"","ia_promotores":"","ia_deposito_de_materiales":"","ia_coordenadas_utm":""},"_links":{"self":[{"href":"https:\/\/marqalicante-admin.qwair.com\/en\/wp-json\/wp\/v2\/product\/35804","targetHints":{"allow":["GET"]}}],"collection":[{"href":"https:\/\/marqalicante-admin.qwair.com\/en\/wp-json\/wp\/v2\/product"}],"about":[{"href":"https:\/\/marqalicante-admin.qwair.com\/en\/wp-json\/wp\/v2\/types\/product"}],"wp:featuredmedia":[{"embeddable":true,"href":"https:\/\/marqalicante-admin.qwair.com\/en\/wp-json\/wp\/v2\/media\/35186"}],"wp:attachment":[{"href":"https:\/\/marqalicante-admin.qwair.com\/en\/wp-json\/wp\/v2\/media?parent=35804"}],"wp:term":[{"taxonomy":"product_brand","embeddable":true,"href":"https:\/\/marqalicante-admin.qwair.com\/en\/wp-json\/wp\/v2\/product_brand?post=35804"},{"taxonomy":"product_cat","embeddable":true,"href":"https:\/\/marqalicante-admin.qwair.com\/en\/wp-json\/wp\/v2\/product_cat?post=35804"},{"taxonomy":"product_tag","embeddable":true,"href":"https:\/\/marqalicante-admin.qwair.com\/en\/wp-json\/wp\/v2\/product_tag?post=35804"}],"curies":[{"name":"wp","href":"https:\/\/api.w.org\/{rel}","templated":true}]}}