{"id":35801,"date":"2025-03-05T18:24:15","date_gmt":"2025-03-05T18:24:15","guid":{"rendered":"https:\/\/marqalicante-admin.qwair.com\/item\/moneda-ae2-anos-392-395-d-c-2\/"},"modified":"2025-03-05T18:27:34","modified_gmt":"2025-03-05T18:27:34","slug":"moneda-ae2-anos-392-395-d-c-2","status":"publish","type":"product","link":"https:\/\/marqalicante-admin.qwair.com\/en\/product\/moneda-ae2-anos-392-395-d-c-2\/","title":{"rendered":"<b>Currency (Ae2)<\/b>   392-395 AD"},"content":{"rendered":"","protected":false},"excerpt":{"rendered":"<h3>Roman Empire<\/h3>\n<p><b>Metal:<\/b> Bronze.<br \/><b>Issuing entity: <\/b> Rome. Arcadius.<br \/><b>Mint:<\/b> Antioch (Syria).<br \/><b>Date:<\/b> 392-395 AD<br \/><b>Obverse:<\/b><br \/> Pearl-diademed and draped bust right. Legend: DN ARCADI - VS PF AVG.<br \/><b>Reverse:<\/b><br \/> Emperor standing, facing, head right holding standard and globe. Legend: GLORIA - ROMANORVM. Mint mark: ANTB.<br \/><b>Weight:<\/b> 4.73 g - <b>Diameter:<\/b> 22 mm - <b>Axes:<\/b> 12 h.<br \/><b>Described in:<\/b> RIC IX 68 c.<br \/><b>Published in:<\/b><br \/>Rosell\u00f3 Cremades, N., 1990: \"Cataloguing of the Iberian and Roman numismatic collections of the collections of: D. Isidro Albert, D. Ram\u00f3n Quiles and a hoard of late Roman coins\", Ayudas a la investigaci\u00f3n 1986-1987. Instituto de Cultura Juan Gil-Albert, p. 197, n\u00ba 14; Ram\u00f3n S\u00e1nchez, J.J., Garc\u00eda Barrachina, A., Verd\u00fa Parra, E., Bayo Fuentes, S., 2010: \"Cat\u00e1logo. Antig\u00fcedad\", in Ram\u00f3n S\u00e1nchez, J.J. (ed.), Monedas. Todas las caras de la Historia. Colecciones numism\u00e1ticas del MARQ, Alicante, p. 126.<br \/><b>Monetary Inventory Number:<\/b> 612.<br \/>Purchase. Late Imperial treasure of unknown provenance.<\/p>","protected":false},"featured_media":35177,"template":"","meta":{"kia_subtitle":""},"product_brand":[],"product_cat":[2316],"product_tag":[],"class_list":{"0":"post-35801","1":"product","2":"type-product","3":"status-publish","4":"has-post-thumbnail","6":"product_cat-catalogo-numismatico","8":"first","9":"instock","10":"virtual","11":"product-type-simple"},"meta_box":{"ia_expediente":"","ia_ano":"","ia_fechas_de_actuacion":"","ia_municipios_comarcas":"","ia_directores":"","ia_periodos_culturales":"","ia_tipos_de_intervencion":"","ia_equipo_tecnico":"","ia_autores":"","ia_promotores":"","ia_deposito_de_materiales":"","ia_coordenadas_utm":""},"_links":{"self":[{"href":"https:\/\/marqalicante-admin.qwair.com\/en\/wp-json\/wp\/v2\/product\/35801","targetHints":{"allow":["GET"]}}],"collection":[{"href":"https:\/\/marqalicante-admin.qwair.com\/en\/wp-json\/wp\/v2\/product"}],"about":[{"href":"https:\/\/marqalicante-admin.qwair.com\/en\/wp-json\/wp\/v2\/types\/product"}],"wp:featuredmedia":[{"embeddable":true,"href":"https:\/\/marqalicante-admin.qwair.com\/en\/wp-json\/wp\/v2\/media\/35177"}],"wp:attachment":[{"href":"https:\/\/marqalicante-admin.qwair.com\/en\/wp-json\/wp\/v2\/media?parent=35801"}],"wp:term":[{"taxonomy":"product_brand","embeddable":true,"href":"https:\/\/marqalicante-admin.qwair.com\/en\/wp-json\/wp\/v2\/product_brand?post=35801"},{"taxonomy":"product_cat","embeddable":true,"href":"https:\/\/marqalicante-admin.qwair.com\/en\/wp-json\/wp\/v2\/product_cat?post=35801"},{"taxonomy":"product_tag","embeddable":true,"href":"https:\/\/marqalicante-admin.qwair.com\/en\/wp-json\/wp\/v2\/product_tag?post=35801"}],"curies":[{"name":"wp","href":"https:\/\/api.w.org\/{rel}","templated":true}]}}