{"id":35797,"date":"2025-03-05T18:24:14","date_gmt":"2025-03-05T18:24:14","guid":{"rendered":"https:\/\/marqalicante-admin.qwair.com\/item\/nummus-anos-353-355-d-c\/"},"modified":"2025-03-05T18:27:33","modified_gmt":"2025-03-05T18:27:33","slug":"nummus-anos-353-355-d-c","status":"publish","type":"product","link":"https:\/\/marqalicante-admin.qwair.com\/en\/product\/nummus-anos-353-355-d-c\/","title":{"rendered":"<b>Nummus<\/b>   353-355 AD"},"content":{"rendered":"","protected":false},"excerpt":{"rendered":"<h3>Imperio romano<\/h3>\n<p><b>Metal:<\/b> Bronce.<br \/><b>Entidad emisora: <\/b> Roma. Constancio II.<br \/><b>Ceca:<\/b> Arelate (Arl\u00e9s&#44; Francia).<br \/><b>Fecha:<\/b> A\u00f1os 353-355 d. C.<br \/><b>Anverso:<\/b><br \/> Busto drapeado y diademado a derecha. Leyenda: D N CONSTAN &#8211; TIVS P F AVG.<br \/>\n<br \/><b>Reverso:<\/b><br \/> Soldado con casco de pie a izquierda con escudo en mano izquierda lanceando jinete ca\u00eddo. El jinete vuelve la cabeza y extiende su brazo derecho. Leyenda: FEL TEMP &#8211; REPA[ratio]. Marca de ceca: D\/PCON.<br \/>\n<br \/><b>Peso:<\/b> 2.23 g &#8211; <b>Di\u00e1metro:<\/b> 18 mm &#8211; <b>Ejes:<\/b> 12 h.<br \/><b>Descrita en:<\/b> RIC VIII 215.<br \/><b>Publicada en:<\/b><br \/>Ram\u00f3n S\u00e1nchez&#44; J.J.&#44; Garc\u00eda Barrachina&#44; A.&#44; Verd\u00fa Parra&#44; E.&#44; Bayo Fuentes&#44; S.&#44; 2010: \u00abCat\u00e1logo. Antig\u00fcedad\u00bb&#44; en Ram\u00f3n S\u00e1nchez&#44; J.J. (ed.)&#44; Monedas. Todas las caras de la Historia. Colecciones numism\u00e1ticas del MARQ&#44; Alicante&#44; p. 123.<br \/><b>N\u00famero Inventario Monetario:<\/b> 227.<br \/>Compra. Colecci\u00f3n Isidro Albert<\/p>\n","protected":false},"featured_media":35165,"template":"","meta":{"kia_subtitle":""},"product_brand":[],"product_cat":[2316],"product_tag":[],"class_list":{"0":"post-35797","1":"product","2":"type-product","3":"status-publish","4":"has-post-thumbnail","6":"product_cat-catalogo-numismatico","8":"first","9":"instock","10":"virtual","11":"product-type-simple"},"meta_box":{"ia_expediente":"","ia_ano":"","ia_fechas_de_actuacion":"","ia_municipios_comarcas":"","ia_directores":"","ia_periodos_culturales":"","ia_tipos_de_intervencion":"","ia_equipo_tecnico":"","ia_autores":"","ia_promotores":"","ia_deposito_de_materiales":"","ia_coordenadas_utm":""},"_links":{"self":[{"href":"https:\/\/marqalicante-admin.qwair.com\/en\/wp-json\/wp\/v2\/product\/35797","targetHints":{"allow":["GET"]}}],"collection":[{"href":"https:\/\/marqalicante-admin.qwair.com\/en\/wp-json\/wp\/v2\/product"}],"about":[{"href":"https:\/\/marqalicante-admin.qwair.com\/en\/wp-json\/wp\/v2\/types\/product"}],"wp:featuredmedia":[{"embeddable":true,"href":"https:\/\/marqalicante-admin.qwair.com\/en\/wp-json\/wp\/v2\/media\/35165"}],"wp:attachment":[{"href":"https:\/\/marqalicante-admin.qwair.com\/en\/wp-json\/wp\/v2\/media?parent=35797"}],"wp:term":[{"taxonomy":"product_brand","embeddable":true,"href":"https:\/\/marqalicante-admin.qwair.com\/en\/wp-json\/wp\/v2\/product_brand?post=35797"},{"taxonomy":"product_cat","embeddable":true,"href":"https:\/\/marqalicante-admin.qwair.com\/en\/wp-json\/wp\/v2\/product_cat?post=35797"},{"taxonomy":"product_tag","embeddable":true,"href":"https:\/\/marqalicante-admin.qwair.com\/en\/wp-json\/wp\/v2\/product_tag?post=35797"}],"curies":[{"name":"wp","href":"https:\/\/api.w.org\/{rel}","templated":true}]}}