{"id":35795,"date":"2025-03-05T18:24:13","date_gmt":"2025-03-05T18:24:13","guid":{"rendered":"https:\/\/marqalicante-admin.qwair.com\/item\/nummus-anos-330-333-d-c\/"},"modified":"2025-03-05T18:27:33","modified_gmt":"2025-03-05T18:27:33","slug":"nummus-anos-330-333-d-c","status":"publish","type":"product","link":"https:\/\/marqalicante-admin.qwair.com\/en\/product\/nummus-anos-330-333-d-c\/","title":{"rendered":"<b>Nummus<\/b>   330-333 AD"},"content":{"rendered":"","protected":false},"excerpt":{"rendered":"<h3>Roman Empire<\/h3>\n<p><b>Metal:<\/b> Bronze.<br \/><b>Issuing entity: <\/b> Rome. Constantine II.<br \/><b>Mint:<\/b> Constantinople (Istanbul, Turkey).<br \/><b>Date:<\/b> 330-333 AD<br \/><b>Obverse:<\/b><br \/> Draped and diademed bust right. Caption:<br \/>\nCONSTANTINVS IVN NOB C.<br \/>\n<br \/><b>Reverse:<\/b><br \/> Two helmeted soldiers facing each other holding spear and leaning on shield; between them, two banners. Legend: GLOR - IA EXERC - ITVS. Mint mark: CONS\u04e8.<br \/>\n<br \/><b>Weight:<\/b> 2.11 g - <b>Diameter:<\/b> 19 mm - <b>Axes:<\/b> 12 h.<br \/><b>Described in:<\/b> RIC VII 60.<br \/><b>Published in:<\/b><br \/>Arroyo Ilera, R., 1988: \"Estudio numism\u00e1tico del yacimiento<br \/>\ntardorromano del Albir (Altea-Alacant)\", Acta Numism\u00e0tica, 17-18, p. 165, n\u00ba 5; Ram\u00f3n S\u00e1nchez, J.J., Garc\u00eda Barrachina, A., Verd\u00fa Parra, E., Bayo Fuentes, S., 2010: \"Cat\u00e1logo. Antig\u00fcedad\", in Ram\u00f3n S\u00e1nchez, J.J. (ed.), Monedas. Todas las caras de la Historia. Colecciones numism\u00e1ticas del MARQ, Alicante, p. 122.<br \/><b>Monetary Inventory Number:<\/b> 4318.<br \/>Excavation. Necropolis of El Albir<\/p>","protected":false},"featured_media":35159,"template":"","meta":{"kia_subtitle":""},"product_brand":[],"product_cat":[2316],"product_tag":[],"class_list":{"0":"post-35795","1":"product","2":"type-product","3":"status-publish","4":"has-post-thumbnail","6":"product_cat-catalogo-numismatico","8":"first","9":"instock","10":"virtual","11":"product-type-simple"},"meta_box":{"ia_expediente":"","ia_ano":"","ia_fechas_de_actuacion":"","ia_municipios_comarcas":"","ia_directores":"","ia_periodos_culturales":"","ia_tipos_de_intervencion":"","ia_equipo_tecnico":"","ia_autores":"","ia_promotores":"","ia_deposito_de_materiales":"","ia_coordenadas_utm":""},"_links":{"self":[{"href":"https:\/\/marqalicante-admin.qwair.com\/en\/wp-json\/wp\/v2\/product\/35795","targetHints":{"allow":["GET"]}}],"collection":[{"href":"https:\/\/marqalicante-admin.qwair.com\/en\/wp-json\/wp\/v2\/product"}],"about":[{"href":"https:\/\/marqalicante-admin.qwair.com\/en\/wp-json\/wp\/v2\/types\/product"}],"wp:featuredmedia":[{"embeddable":true,"href":"https:\/\/marqalicante-admin.qwair.com\/en\/wp-json\/wp\/v2\/media\/35159"}],"wp:attachment":[{"href":"https:\/\/marqalicante-admin.qwair.com\/en\/wp-json\/wp\/v2\/media?parent=35795"}],"wp:term":[{"taxonomy":"product_brand","embeddable":true,"href":"https:\/\/marqalicante-admin.qwair.com\/en\/wp-json\/wp\/v2\/product_brand?post=35795"},{"taxonomy":"product_cat","embeddable":true,"href":"https:\/\/marqalicante-admin.qwair.com\/en\/wp-json\/wp\/v2\/product_cat?post=35795"},{"taxonomy":"product_tag","embeddable":true,"href":"https:\/\/marqalicante-admin.qwair.com\/en\/wp-json\/wp\/v2\/product_tag?post=35795"}],"curies":[{"name":"wp","href":"https:\/\/api.w.org\/{rel}","templated":true}]}}