{"id":35793,"date":"2025-03-05T18:24:12","date_gmt":"2025-03-05T18:24:12","guid":{"rendered":"https:\/\/marqalicante-admin.qwair.com\/item\/nummus-anos-317-318-d-c\/"},"modified":"2025-03-05T18:27:32","modified_gmt":"2025-03-05T18:27:32","slug":"nummus-anos-317-318-d-c","status":"publish","type":"product","link":"https:\/\/marqalicante-admin.qwair.com\/en\/product\/nummus-anos-317-318-d-c\/","title":{"rendered":"<b>Nummus<\/b>   317-318 AD"},"content":{"rendered":"","protected":false},"excerpt":{"rendered":"<h3>Roman Empire<\/h3>\n<p><b>Metal:<\/b> Bronze.<br \/><b>Issuing entity: <\/b> Rome. Crispo (Caesar).<br \/><b>Mint:<\/b> Ticinum (Pavia, Italy).<br \/><b>Date:<\/b> 317-318 AD<br \/><b>Obverse:<\/b><br \/> Laureate and cuirassed bust right. Legend: IVL CRISPVS NOB CAES.<br \/>\n<br \/><b>Reverse:<\/b><br \/> Prince in military dress standing left, holding inverted spear in left hand and right hand resting on shield. A chlamys falls from his left shoulder. Legend: PRINCIPIA IV - VENTVTIS. Mint mark: P\/PT.<br \/><b>Weight:<\/b> 2.55 g - <b>Diameter:<\/b> 20 mm - <b>Axes:<\/b> 6 h.<br \/><b>Described in:<\/b> RIC VII 74.<br \/><b>Published in:<\/b><br \/>Ram\u00f3n S\u00e1nchez, J.J., Garc\u00eda Barrachina, A., Verd\u00fa Parra, E., Bayo Fuentes, S., 2010: \"Cat\u00e1logo. Antig\u00fcedad\", in Ram\u00f3n S\u00e1nchez, J.J. (ed.), Monedas. Todas las caras de la Historia. Numismatic collections of the MARQ, Alicante, p. 121.<br \/><b>Monetary Inventory Number:<\/b> 216.<br \/>Purchase. Isidro Albert Collection<\/p>","protected":false},"featured_media":35153,"template":"","meta":{"kia_subtitle":""},"product_brand":[],"product_cat":[2316],"product_tag":[],"class_list":{"0":"post-35793","1":"product","2":"type-product","3":"status-publish","4":"has-post-thumbnail","6":"product_cat-catalogo-numismatico","8":"first","9":"instock","10":"virtual","11":"product-type-simple"},"meta_box":{"ia_expediente":"","ia_ano":"","ia_fechas_de_actuacion":"","ia_municipios_comarcas":"","ia_directores":"","ia_periodos_culturales":"","ia_tipos_de_intervencion":"","ia_equipo_tecnico":"","ia_autores":"","ia_promotores":"","ia_deposito_de_materiales":"","ia_coordenadas_utm":""},"_links":{"self":[{"href":"https:\/\/marqalicante-admin.qwair.com\/en\/wp-json\/wp\/v2\/product\/35793","targetHints":{"allow":["GET"]}}],"collection":[{"href":"https:\/\/marqalicante-admin.qwair.com\/en\/wp-json\/wp\/v2\/product"}],"about":[{"href":"https:\/\/marqalicante-admin.qwair.com\/en\/wp-json\/wp\/v2\/types\/product"}],"wp:featuredmedia":[{"embeddable":true,"href":"https:\/\/marqalicante-admin.qwair.com\/en\/wp-json\/wp\/v2\/media\/35153"}],"wp:attachment":[{"href":"https:\/\/marqalicante-admin.qwair.com\/en\/wp-json\/wp\/v2\/media?parent=35793"}],"wp:term":[{"taxonomy":"product_brand","embeddable":true,"href":"https:\/\/marqalicante-admin.qwair.com\/en\/wp-json\/wp\/v2\/product_brand?post=35793"},{"taxonomy":"product_cat","embeddable":true,"href":"https:\/\/marqalicante-admin.qwair.com\/en\/wp-json\/wp\/v2\/product_cat?post=35793"},{"taxonomy":"product_tag","embeddable":true,"href":"https:\/\/marqalicante-admin.qwair.com\/en\/wp-json\/wp\/v2\/product_tag?post=35793"}],"curies":[{"name":"wp","href":"https:\/\/api.w.org\/{rel}","templated":true}]}}