{"id":35792,"date":"2025-03-05T18:24:12","date_gmt":"2025-03-05T18:24:12","guid":{"rendered":"https:\/\/marqalicante-admin.qwair.com\/item\/nummus-anos-315-316-d-c\/"},"modified":"2025-03-05T18:27:32","modified_gmt":"2025-03-05T18:27:32","slug":"nummus-anos-315-316-d-c","status":"publish","type":"product","link":"https:\/\/marqalicante-admin.qwair.com\/en\/product\/nummus-anos-315-316-d-c\/","title":{"rendered":"<b>Nummus<\/b>   315-316 AD"},"content":{"rendered":"","protected":false},"excerpt":{"rendered":"<h3>Roman Empire<\/h3>\n<p><b>Metal:<\/b> Bronze.<br \/><b>Issuing entity: <\/b> Rome. Constantine I.<br \/><b>Mint:<\/b> Arelate (Arles, France).<br \/><b>Date:<\/b> 315-316 AD<br \/><b>Obverse:<\/b><br \/> Laureate, draped and cuirassed bust right. Legend: IMP CONSTANTINVS P F AVG.<br \/>\n<br \/><b>Reverse:<\/b><br \/> Sun standing right facing left, chlamys folded under left arm. Globe in left hand and right hand raised. Legend: SOLI INV-I-CTO COMITI. Mint mark: SF\/PARL.<br \/>\n<br \/><b>Weight:<\/b> 3.72 g - <b>Diameter:<\/b> 20 mm - <b>Axes:<\/b> 12 h.<br \/><b>Described in:<\/b> RIC VII 57.<br \/><b>Published in:<\/b><br \/>Ram\u00f3n S\u00e1nchez, J.J., Garc\u00eda Barrachina, A., Verd\u00fa Parra, E., Bayo Fuentes, S., 2010: \"Cat\u00e1logo. Antig\u00fcedad\", in Ram\u00f3n S\u00e1nchez, J.J. (ed.), Monedas. Todas las caras de la Historia. Numismatic collections of the MARQ, Alicante, p. 121.<br \/><b>Monetary Inventory Number:<\/b> 1211.<br \/>MARQ collection. Ancient Numismatic Collection<\/p>","protected":false},"featured_media":35150,"template":"","meta":{"kia_subtitle":""},"product_brand":[],"product_cat":[2316],"product_tag":[],"class_list":{"0":"post-35792","1":"product","2":"type-product","3":"status-publish","4":"has-post-thumbnail","6":"product_cat-catalogo-numismatico","8":"first","9":"instock","10":"virtual","11":"product-type-simple"},"meta_box":{"ia_expediente":"","ia_ano":"","ia_fechas_de_actuacion":"","ia_municipios_comarcas":"","ia_directores":"","ia_periodos_culturales":"","ia_tipos_de_intervencion":"","ia_equipo_tecnico":"","ia_autores":"","ia_promotores":"","ia_deposito_de_materiales":"","ia_coordenadas_utm":""},"_links":{"self":[{"href":"https:\/\/marqalicante-admin.qwair.com\/en\/wp-json\/wp\/v2\/product\/35792","targetHints":{"allow":["GET"]}}],"collection":[{"href":"https:\/\/marqalicante-admin.qwair.com\/en\/wp-json\/wp\/v2\/product"}],"about":[{"href":"https:\/\/marqalicante-admin.qwair.com\/en\/wp-json\/wp\/v2\/types\/product"}],"wp:featuredmedia":[{"embeddable":true,"href":"https:\/\/marqalicante-admin.qwair.com\/en\/wp-json\/wp\/v2\/media\/35150"}],"wp:attachment":[{"href":"https:\/\/marqalicante-admin.qwair.com\/en\/wp-json\/wp\/v2\/media?parent=35792"}],"wp:term":[{"taxonomy":"product_brand","embeddable":true,"href":"https:\/\/marqalicante-admin.qwair.com\/en\/wp-json\/wp\/v2\/product_brand?post=35792"},{"taxonomy":"product_cat","embeddable":true,"href":"https:\/\/marqalicante-admin.qwair.com\/en\/wp-json\/wp\/v2\/product_cat?post=35792"},{"taxonomy":"product_tag","embeddable":true,"href":"https:\/\/marqalicante-admin.qwair.com\/en\/wp-json\/wp\/v2\/product_tag?post=35792"}],"curies":[{"name":"wp","href":"https:\/\/api.w.org\/{rel}","templated":true}]}}