{"id":35778,"date":"2025-03-05T18:24:07","date_gmt":"2025-03-05T18:24:07","guid":{"rendered":"https:\/\/marqalicante-admin.qwair.com\/item\/denario-ano-118-d-c\/"},"modified":"2025-03-05T18:27:29","modified_gmt":"2025-03-05T18:27:29","slug":"denario-ano-118-d-c","status":"publish","type":"product","link":"https:\/\/marqalicante-admin.qwair.com\/en\/product\/denario-ano-118-d-c\/","title":{"rendered":"<b>Denarius<\/b>   118 A.D."},"content":{"rendered":"","protected":false},"excerpt":{"rendered":"<h3>Roman Empire<\/h3>\n<p><b>Metal:<\/b> Silver.<br \/><b>Issuing entity: <\/b> Rome. Hadrian.<br \/><b>Mint:<\/b> Rome.<br \/><b>Date:<\/b> 118 A.D.<br \/><b>Obverse:<\/b><br \/> Laureate and draped bust of Hadrian right. Legend: IMP CAESAR TRAIAN TRAIAN HADRIANVS AVG<br \/>\n<br \/><b>Reverse:<\/b><br \/> Concordia seated left on throne, holding paulette in right hand and statuette of Spes in left hand. Cornucopia under the throne. Legend: P M TRP COS II, in exergue: CONCOR.<br \/><b>Weight:<\/b> 3.48 g - <b>Diameter:<\/b> 19 mm - <b>Axes:<\/b> 6 h.<br \/><b>Described in:<\/b> RIC II 39b.<br \/><b>Published in:<\/b><br \/>Ram\u00f3n S\u00e1nchez, J.J., Garc\u00eda Barrachina, A., Verd\u00fa Parra, E., Bayo Fuentes, S., 2010: \"Cat\u00e1logo. Antig\u00fcedad\", in Ram\u00f3n S\u00e1nchez, J.J. (ed.), Monedas. Todas las caras de la Historia. Numismatic collections of the MARQ, Alicante, p. 113.<br \/><b>Monetary Inventory Number:<\/b> 6354.<br \/>Purchase. Enrique Llobregat Collection<\/p>","protected":false},"featured_media":35108,"template":"","meta":{"kia_subtitle":""},"product_brand":[],"product_cat":[2316],"product_tag":[],"class_list":{"0":"post-35778","1":"product","2":"type-product","3":"status-publish","4":"has-post-thumbnail","6":"product_cat-catalogo-numismatico","8":"first","9":"instock","10":"virtual","11":"product-type-simple"},"meta_box":{"ia_expediente":"","ia_ano":"","ia_fechas_de_actuacion":"","ia_municipios_comarcas":"","ia_directores":"","ia_periodos_culturales":"","ia_tipos_de_intervencion":"","ia_equipo_tecnico":"","ia_autores":"","ia_promotores":"","ia_deposito_de_materiales":"","ia_coordenadas_utm":""},"_links":{"self":[{"href":"https:\/\/marqalicante-admin.qwair.com\/en\/wp-json\/wp\/v2\/product\/35778","targetHints":{"allow":["GET"]}}],"collection":[{"href":"https:\/\/marqalicante-admin.qwair.com\/en\/wp-json\/wp\/v2\/product"}],"about":[{"href":"https:\/\/marqalicante-admin.qwair.com\/en\/wp-json\/wp\/v2\/types\/product"}],"wp:featuredmedia":[{"embeddable":true,"href":"https:\/\/marqalicante-admin.qwair.com\/en\/wp-json\/wp\/v2\/media\/35108"}],"wp:attachment":[{"href":"https:\/\/marqalicante-admin.qwair.com\/en\/wp-json\/wp\/v2\/media?parent=35778"}],"wp:term":[{"taxonomy":"product_brand","embeddable":true,"href":"https:\/\/marqalicante-admin.qwair.com\/en\/wp-json\/wp\/v2\/product_brand?post=35778"},{"taxonomy":"product_cat","embeddable":true,"href":"https:\/\/marqalicante-admin.qwair.com\/en\/wp-json\/wp\/v2\/product_cat?post=35778"},{"taxonomy":"product_tag","embeddable":true,"href":"https:\/\/marqalicante-admin.qwair.com\/en\/wp-json\/wp\/v2\/product_tag?post=35778"}],"curies":[{"name":"wp","href":"https:\/\/api.w.org\/{rel}","templated":true}]}}