{"id":35776,"date":"2025-03-05T18:24:06","date_gmt":"2025-03-05T18:24:06","guid":{"rendered":"https:\/\/marqalicante-admin.qwair.com\/item\/denario-ano-76-d-c\/"},"modified":"2025-03-05T18:27:29","modified_gmt":"2025-03-05T18:27:29","slug":"denario-ano-76-d-c","status":"publish","type":"product","link":"https:\/\/marqalicante-admin.qwair.com\/en\/product\/denario-ano-76-d-c\/","title":{"rendered":"<b>Denarius<\/b>   76 A.D."},"content":{"rendered":"","protected":false},"excerpt":{"rendered":"<h3>Roman Empire<\/h3>\n<p><b>Metal:<\/b> Silver.<br \/><b>Issuing entity: <\/b> Rome. Vespasian (in the name of Titus).<br \/><b>Mint:<\/b> Rome.<br \/><b>Date:<\/b> 76 A.D.<br \/><b>Obverse:<\/b><br \/> Laureate head right. Legend: T CAESAR IMP VESPASIANVS.<br \/><b>Reverse:<\/b><br \/> Eagle standing left on cipher with wings spread and legend COS - V on both sides.<br \/><b>Weight:<\/b> 3.15 g - <b>Diameter:<\/b> 20 mm - <b>Axes:<\/b> 6 h.<br \/><b>Described in:<\/b> RIC II 191.<br \/><b>Published in:<\/b><br \/>Rosell\u00f3 Cremades, N., 1990: \"Cataloguing of the Iberian and Roman numismatic collections of the collections of: D. Isidro Albert, D. Ram\u00f3n Quiles and a hoard of late Roman coins\", Ayudas a la investigaci\u00f3n 1986-1987. Instituto de Cultura Juan Gil-Albert, p. 178, 182, n\u00ba 278; Ram\u00f3n S\u00e1nchez, J.J., Garc\u00eda Barrachina, A., Verd\u00fa Parra, E., Bayo Fuentes, S., 2010: \"Cat\u00e1logo. Antig\u00fcedad\", in Ram\u00f3n S\u00e1nchez, J.J. (ed.), Monedas. Todas las caras de la Historia. Numismatic collections of the MARQ, Alicante, p. 111.<br \/><b>Monetary Inventory Number:<\/b> 279.<br \/>Purchase. Isidro Albert Collection<\/p>","protected":false},"featured_media":35102,"template":"","meta":{"kia_subtitle":""},"product_brand":[],"product_cat":[2316],"product_tag":[],"class_list":{"0":"post-35776","1":"product","2":"type-product","3":"status-publish","4":"has-post-thumbnail","6":"product_cat-catalogo-numismatico","8":"first","9":"instock","10":"virtual","11":"product-type-simple"},"meta_box":{"ia_expediente":"","ia_ano":"","ia_fechas_de_actuacion":"","ia_municipios_comarcas":"","ia_directores":"","ia_periodos_culturales":"","ia_tipos_de_intervencion":"","ia_equipo_tecnico":"","ia_autores":"","ia_promotores":"","ia_deposito_de_materiales":"","ia_coordenadas_utm":""},"_links":{"self":[{"href":"https:\/\/marqalicante-admin.qwair.com\/en\/wp-json\/wp\/v2\/product\/35776","targetHints":{"allow":["GET"]}}],"collection":[{"href":"https:\/\/marqalicante-admin.qwair.com\/en\/wp-json\/wp\/v2\/product"}],"about":[{"href":"https:\/\/marqalicante-admin.qwair.com\/en\/wp-json\/wp\/v2\/types\/product"}],"wp:featuredmedia":[{"embeddable":true,"href":"https:\/\/marqalicante-admin.qwair.com\/en\/wp-json\/wp\/v2\/media\/35102"}],"wp:attachment":[{"href":"https:\/\/marqalicante-admin.qwair.com\/en\/wp-json\/wp\/v2\/media?parent=35776"}],"wp:term":[{"taxonomy":"product_brand","embeddable":true,"href":"https:\/\/marqalicante-admin.qwair.com\/en\/wp-json\/wp\/v2\/product_brand?post=35776"},{"taxonomy":"product_cat","embeddable":true,"href":"https:\/\/marqalicante-admin.qwair.com\/en\/wp-json\/wp\/v2\/product_cat?post=35776"},{"taxonomy":"product_tag","embeddable":true,"href":"https:\/\/marqalicante-admin.qwair.com\/en\/wp-json\/wp\/v2\/product_tag?post=35776"}],"curies":[{"name":"wp","href":"https:\/\/api.w.org\/{rel}","templated":true}]}}