{"id":35773,"date":"2025-03-05T18:24:05","date_gmt":"2025-03-05T18:24:05","guid":{"rendered":"https:\/\/marqalicante-admin.qwair.com\/item\/semis-anos-14-37-d-c\/"},"modified":"2025-03-05T18:27:29","modified_gmt":"2025-03-05T18:27:29","slug":"semis-anos-14-37-d-c","status":"publish","type":"product","link":"https:\/\/marqalicante-admin.qwair.com\/en\/product\/semis-anos-14-37-d-c\/","title":{"rendered":"<b>Semis<\/b>   14-37 AD"},"content":{"rendered":"","protected":false},"excerpt":{"rendered":"<h3>Roman Empire<\/h3>\n<p><b>Metal:<\/b> Copper.<br \/><b>Issuing entity: <\/b> Ilici (l'Alc\u00fadia, Elche). Tiberius.<br \/><b>Mint:<\/b> Ilici (l'Alc\u00fadia, Elche).<br \/><b>Date:<\/b> 14-37 AD<br \/><b>Obverse:<\/b><br \/> Naked head of Tiberius left. Legend: TI CAESAR DIVI AVG F AVG P M.<br \/>\n<br \/><b>Reverse:<\/b><br \/> Altar with inscription in two lines. Legend: M IVL SETTAL L SESTI CELER II VIR. Inside ara: SAL AVG, on the sides: C I I A.<br \/><b>Weight:<\/b> 4.7 g - <b>Diameter:<\/b> 21 mm - <b>Axes:<\/b> 12 h.<br \/><b>Described in:<\/b> RPC 197; Vives, 133, 11; Llorens Forcada, M. M., 1987: La ceca de Ilici, Valencia, n\u00ba 135-139; Ripoll\u00e8s Alegre, P. P., 2010: Las acu\u00f1aciones provinciales romanas de Hispania, Madrid, p. 145.<br \/><b>Published in:<\/b><br \/>Ripoll\u00e8s Alegre, P. P., 1982: La circulaci\u00f3n monetaria en la Tarraconense Mediterr\u00e1nea, Valencia, p. 227, plate 39, no. 233; Ram\u00f3n S\u00e1nchez, J.J., Garc\u00eda Barrachina, A., Verd\u00fa Parra, E., Bayo Fuentes, S., 2010: \"Cat\u00e1logo. Antig\u00fcedad\", in Ram\u00f3n S\u00e1nchez, J.J. (ed.), Monedas. Todas las caras de la Historia. Numismatic collections of the MARQ, Alicante, p. 108.<br \/><b>Monetary Inventory Number:<\/b> 62.<br \/>Purchase. Isidro Albert Collection<\/p>","protected":false},"featured_media":35093,"template":"","meta":{"kia_subtitle":""},"product_brand":[],"product_cat":[2316],"product_tag":[],"class_list":{"0":"post-35773","1":"product","2":"type-product","3":"status-publish","4":"has-post-thumbnail","6":"product_cat-catalogo-numismatico","8":"first","9":"instock","10":"virtual","11":"product-type-simple"},"meta_box":{"ia_expediente":"","ia_ano":"","ia_fechas_de_actuacion":"","ia_municipios_comarcas":"","ia_directores":"","ia_periodos_culturales":"","ia_tipos_de_intervencion":"","ia_equipo_tecnico":"","ia_autores":"","ia_promotores":"","ia_deposito_de_materiales":"","ia_coordenadas_utm":""},"_links":{"self":[{"href":"https:\/\/marqalicante-admin.qwair.com\/en\/wp-json\/wp\/v2\/product\/35773","targetHints":{"allow":["GET"]}}],"collection":[{"href":"https:\/\/marqalicante-admin.qwair.com\/en\/wp-json\/wp\/v2\/product"}],"about":[{"href":"https:\/\/marqalicante-admin.qwair.com\/en\/wp-json\/wp\/v2\/types\/product"}],"wp:featuredmedia":[{"embeddable":true,"href":"https:\/\/marqalicante-admin.qwair.com\/en\/wp-json\/wp\/v2\/media\/35093"}],"wp:attachment":[{"href":"https:\/\/marqalicante-admin.qwair.com\/en\/wp-json\/wp\/v2\/media?parent=35773"}],"wp:term":[{"taxonomy":"product_brand","embeddable":true,"href":"https:\/\/marqalicante-admin.qwair.com\/en\/wp-json\/wp\/v2\/product_brand?post=35773"},{"taxonomy":"product_cat","embeddable":true,"href":"https:\/\/marqalicante-admin.qwair.com\/en\/wp-json\/wp\/v2\/product_cat?post=35773"},{"taxonomy":"product_tag","embeddable":true,"href":"https:\/\/marqalicante-admin.qwair.com\/en\/wp-json\/wp\/v2\/product_tag?post=35773"}],"curies":[{"name":"wp","href":"https:\/\/api.w.org\/{rel}","templated":true}]}}