{"id":35769,"date":"2025-03-05T18:24:04","date_gmt":"2025-03-05T18:24:04","guid":{"rendered":"https:\/\/marqalicante-admin.qwair.com\/item\/as-anos-27-a-c-14-d-c-2\/"},"modified":"2025-03-05T18:27:28","modified_gmt":"2025-03-05T18:27:28","slug":"as-anos-27-a-c-14-d-c-2","status":"publish","type":"product","link":"https:\/\/marqalicante-admin.qwair.com\/en\/product\/as-anos-27-a-c-14-d-c-2\/","title":{"rendered":"<b>As<\/b>   27 B.C.-14 A.D."},"content":{"rendered":"","protected":false},"excerpt":{"rendered":"<h3>Roman Empire<\/h3>\n<p><b>Metal:<\/b> Copper.<br \/><b>Issuing entity: <\/b> Calagurris (Calahorra, La Rioja). Augustus.<br \/><b>Mint:<\/b> Calagurris (Calahorra, La Rioja).<br \/><b>Date:<\/b> 27 B.C.-14 A.D.<br \/><b>Obverse:<\/b><br \/> Laureate head of Augustus to right. Legend: AVGVSTVS MV CAL IVLIA.<br \/>\n<br \/><b>Reverse:<\/b><br \/> Bull standing right. Legend: L BAEB PRISCO C GRAN BROC IIVIR.<br \/>\n<br \/><b>Weight:<\/b> 11.83 g - <b>Diameter:<\/b> 30 mm - <b>Axes:<\/b> 12 h.<br \/><b>Described in:<\/b> RPC 441; Vives, 143, 8 and 9; Hill, 36-5; Ruiz Trapero, M., 1968: Las acu\u00f1aciones hispano-romanas de Calagurris, Barcelona, type 16 and 18; Ripoll\u00e8s Alegre, P. P., 2010: Las acu\u00f1aciones provinciales romanas de Hispania, Madrid, p. 265.<br \/><b>Published in:<\/b><br \/>Ram\u00f3n S\u00e1nchez, J.J., Garc\u00eda Barrachina, A., Verd\u00fa Parra, E., Bayo Fuentes, S., 2010: \"Cat\u00e1logo. Antiquity\", in Ram\u00f3n S\u00e1nchez, J.J. (ed.), Coins. Todas las caras de la Historia. Colecciones numism\u00e1ticas del MARQ, Alicante, p. 106.<br \/><b>Monetary Inventory Number:<\/b> 66.<br \/>Purchase. Isidro Albert Collection<\/p>","protected":false},"featured_media":35081,"template":"","meta":{"kia_subtitle":""},"product_brand":[],"product_cat":[2316],"product_tag":[],"class_list":{"0":"post-35769","1":"product","2":"type-product","3":"status-publish","4":"has-post-thumbnail","6":"product_cat-catalogo-numismatico","8":"first","9":"instock","10":"virtual","11":"product-type-simple"},"meta_box":{"ia_expediente":"","ia_ano":"","ia_fechas_de_actuacion":"","ia_municipios_comarcas":"","ia_directores":"","ia_periodos_culturales":"","ia_tipos_de_intervencion":"","ia_equipo_tecnico":"","ia_autores":"","ia_promotores":"","ia_deposito_de_materiales":"","ia_coordenadas_utm":""},"_links":{"self":[{"href":"https:\/\/marqalicante-admin.qwair.com\/en\/wp-json\/wp\/v2\/product\/35769","targetHints":{"allow":["GET"]}}],"collection":[{"href":"https:\/\/marqalicante-admin.qwair.com\/en\/wp-json\/wp\/v2\/product"}],"about":[{"href":"https:\/\/marqalicante-admin.qwair.com\/en\/wp-json\/wp\/v2\/types\/product"}],"wp:featuredmedia":[{"embeddable":true,"href":"https:\/\/marqalicante-admin.qwair.com\/en\/wp-json\/wp\/v2\/media\/35081"}],"wp:attachment":[{"href":"https:\/\/marqalicante-admin.qwair.com\/en\/wp-json\/wp\/v2\/media?parent=35769"}],"wp:term":[{"taxonomy":"product_brand","embeddable":true,"href":"https:\/\/marqalicante-admin.qwair.com\/en\/wp-json\/wp\/v2\/product_brand?post=35769"},{"taxonomy":"product_cat","embeddable":true,"href":"https:\/\/marqalicante-admin.qwair.com\/en\/wp-json\/wp\/v2\/product_cat?post=35769"},{"taxonomy":"product_tag","embeddable":true,"href":"https:\/\/marqalicante-admin.qwair.com\/en\/wp-json\/wp\/v2\/product_tag?post=35769"}],"curies":[{"name":"wp","href":"https:\/\/api.w.org\/{rel}","templated":true}]}}