{"id":35768,"date":"2025-03-05T18:24:03","date_gmt":"2025-03-05T18:24:03","guid":{"rendered":"https:\/\/marqalicante-admin.qwair.com\/item\/as-anos-27-a-c-14-d-c\/"},"modified":"2025-03-05T18:27:28","modified_gmt":"2025-03-05T18:27:28","slug":"as-anos-27-a-c-14-d-c","status":"publish","type":"product","link":"https:\/\/marqalicante-admin.qwair.com\/en\/product\/as-anos-27-a-c-14-d-c\/","title":{"rendered":"<b>As<\/b>   27 B.C.-14 A.D."},"content":{"rendered":"","protected":false},"excerpt":{"rendered":"<h3>Roman Empire<\/h3>\n<p><b>Metal:<\/b> Copper.<br \/><b>Issuing entity: <\/b> Carthago Noua (Cartagena). Augustus.<br \/><b>Mint:<\/b> Carthago Noua (Cartagena).<br \/><b>Date:<\/b> 27 B.C.-14 A.D.<br \/><b>Obverse:<\/b><br \/> Laureate head of Augustus right. Legend: AVGVSTVS DIVI F.<br \/>\n<br \/><b>Reverse:<\/b><br \/> Priestly attributes (sympullum, aspergillum, securis and apex). Legend: C VAR RVF SEX IVL POL II VIR Q.<br \/><b>Weight:<\/b> 14.03 g - <b>Diameter:<\/b> 29 mm - <b>Axes:<\/b> 12 h.<br \/><b>Described in:<\/b> RPC 167; Vives, 131, n\u00ba 10-11; Llorens Forcada, M. M., 1994: La ciudad de Carthago Nova: las emisiones romanas, Universidad de Murcia, XIIA; Ripoll\u00e8s Alegre, P. P., 2010: Las acu\u00f1aciones provinciales romanas de Hispania, Madrid, p. 130.<br \/><b>Published in:<\/b><br \/>Ripoll\u00e8s Alegre, P. P., 1982: La circulaci\u00f3n monetaria en la Tarraconense Mediterr\u00e1nea, Valencia, p. 228, plate 41, no. 255; Ram\u00f3n S\u00e1nchez, J.J., Garc\u00eda Barrachina, A., Verd\u00fa Parra, E., Bayo Fuentes, S., 2010: \"Cat\u00e1logo. Antig\u00fcedad\", in Ram\u00f3n S\u00e1nchez, J.J. (ed.), Monedas. Todas las caras de la Historia. Colecciones numism\u00e1ticas del MARQ, Alicante, p. 105.<br \/><b>Monetary Inventory Number:<\/b> 7.<br \/>Purchase. Isidro Albert Collection<\/p>","protected":false},"featured_media":35078,"template":"","meta":{"kia_subtitle":""},"product_brand":[],"product_cat":[2316],"product_tag":[],"class_list":{"0":"post-35768","1":"product","2":"type-product","3":"status-publish","4":"has-post-thumbnail","6":"product_cat-catalogo-numismatico","8":"first","9":"instock","10":"virtual","11":"product-type-simple"},"meta_box":{"ia_expediente":"","ia_ano":"","ia_fechas_de_actuacion":"","ia_municipios_comarcas":"","ia_directores":"","ia_periodos_culturales":"","ia_tipos_de_intervencion":"","ia_equipo_tecnico":"","ia_autores":"","ia_promotores":"","ia_deposito_de_materiales":"","ia_coordenadas_utm":""},"_links":{"self":[{"href":"https:\/\/marqalicante-admin.qwair.com\/en\/wp-json\/wp\/v2\/product\/35768","targetHints":{"allow":["GET"]}}],"collection":[{"href":"https:\/\/marqalicante-admin.qwair.com\/en\/wp-json\/wp\/v2\/product"}],"about":[{"href":"https:\/\/marqalicante-admin.qwair.com\/en\/wp-json\/wp\/v2\/types\/product"}],"wp:featuredmedia":[{"embeddable":true,"href":"https:\/\/marqalicante-admin.qwair.com\/en\/wp-json\/wp\/v2\/media\/35078"}],"wp:attachment":[{"href":"https:\/\/marqalicante-admin.qwair.com\/en\/wp-json\/wp\/v2\/media?parent=35768"}],"wp:term":[{"taxonomy":"product_brand","embeddable":true,"href":"https:\/\/marqalicante-admin.qwair.com\/en\/wp-json\/wp\/v2\/product_brand?post=35768"},{"taxonomy":"product_cat","embeddable":true,"href":"https:\/\/marqalicante-admin.qwair.com\/en\/wp-json\/wp\/v2\/product_cat?post=35768"},{"taxonomy":"product_tag","embeddable":true,"href":"https:\/\/marqalicante-admin.qwair.com\/en\/wp-json\/wp\/v2\/product_tag?post=35768"}],"curies":[{"name":"wp","href":"https:\/\/api.w.org\/{rel}","templated":true}]}}