{"id":35766,"date":"2025-03-05T18:24:03","date_gmt":"2025-03-05T18:24:03","guid":{"rendered":"https:\/\/marqalicante-admin.qwair.com\/item\/unidad-finales-del-siglo-ii-a-c\/"},"modified":"2025-03-05T18:27:28","modified_gmt":"2025-03-05T18:27:28","slug":"unidad-finales-del-siglo-ii-a-c","status":"publish","type":"product","link":"https:\/\/marqalicante-admin.qwair.com\/en\/product\/unidad-finales-del-siglo-ii-a-c\/","title":{"rendered":"<b>Unit<\/b>   Late 2nd century BC"},"content":{"rendered":"","protected":false},"excerpt":{"rendered":"<h3>Late Iberian or Late Republican<\/h3>\n<p><b>Metal:<\/b> Bronze.<br \/><b>Issuing entity: <\/b> C\u00e1stulo (Linares, Ja\u00e9n).<br \/><b>Mint:<\/b> C\u00e1stulo (Linares, Ja\u00e9n).<br \/><b>Date:<\/b> Late 2nd century BC<br \/><b>Obverse:<\/b><br \/> Virile head diademed with infulas to right, in front hand. Border of dots around.<br \/><b>Reverse:<\/b><br \/> Sphinx right; in front, star. Exergue: Iberian inscription KASTILO. Surrounding border of dots.<br \/><b>Weight:<\/b> 13.63 g - <b>Diameter:<\/b> 27 mm - <b>Axes:<\/b> 11 h.<br \/><b>Described in:<\/b> CNH, 335, no. 38; Vives, 70-8.<br \/><b>Published in:<\/b><br \/>Ripoll\u00e8s Alegre, P. P., 1982: La circulaci\u00f3n monetaria en la Tarraconense Mediterr\u00e1nea, Valencia, p. 221, plate 32, no. 124; Ram\u00f3n S\u00e1nchez, J.J., Garc\u00eda Barrachina, A., Verd\u00fa Parra, E., Bayo Fuentes, S., 2010: \"Cat\u00e1logo. Antig\u00fcedad\", in Ram\u00f3n S\u00e1nchez, J.J. (ed.), Monedas. Todas las caras de la Historia. Colecciones numism\u00e1ticas del MARQ, Alicante, p. 103.<br \/><b>Monetary Inventory Number:<\/b> 83.<br \/>Purchase. Isidro Albert Collection<\/p>","protected":false},"featured_media":35072,"template":"","meta":{"kia_subtitle":""},"product_brand":[],"product_cat":[2316],"product_tag":[],"class_list":{"0":"post-35766","1":"product","2":"type-product","3":"status-publish","4":"has-post-thumbnail","6":"product_cat-catalogo-numismatico","8":"first","9":"instock","10":"virtual","11":"product-type-simple"},"meta_box":{"ia_expediente":"","ia_ano":"","ia_fechas_de_actuacion":"","ia_municipios_comarcas":"","ia_directores":"","ia_periodos_culturales":"","ia_tipos_de_intervencion":"","ia_equipo_tecnico":"","ia_autores":"","ia_promotores":"","ia_deposito_de_materiales":"","ia_coordenadas_utm":""},"_links":{"self":[{"href":"https:\/\/marqalicante-admin.qwair.com\/en\/wp-json\/wp\/v2\/product\/35766","targetHints":{"allow":["GET"]}}],"collection":[{"href":"https:\/\/marqalicante-admin.qwair.com\/en\/wp-json\/wp\/v2\/product"}],"about":[{"href":"https:\/\/marqalicante-admin.qwair.com\/en\/wp-json\/wp\/v2\/types\/product"}],"wp:featuredmedia":[{"embeddable":true,"href":"https:\/\/marqalicante-admin.qwair.com\/en\/wp-json\/wp\/v2\/media\/35072"}],"wp:attachment":[{"href":"https:\/\/marqalicante-admin.qwair.com\/en\/wp-json\/wp\/v2\/media?parent=35766"}],"wp:term":[{"taxonomy":"product_brand","embeddable":true,"href":"https:\/\/marqalicante-admin.qwair.com\/en\/wp-json\/wp\/v2\/product_brand?post=35766"},{"taxonomy":"product_cat","embeddable":true,"href":"https:\/\/marqalicante-admin.qwair.com\/en\/wp-json\/wp\/v2\/product_cat?post=35766"},{"taxonomy":"product_tag","embeddable":true,"href":"https:\/\/marqalicante-admin.qwair.com\/en\/wp-json\/wp\/v2\/product_tag?post=35766"}],"curies":[{"name":"wp","href":"https:\/\/api.w.org\/{rel}","templated":true}]}}