{"id":35764,"date":"2025-03-05T18:24:02","date_gmt":"2025-03-05T18:24:02","guid":{"rendered":"https:\/\/marqalicante-admin.qwair.com\/item\/unidad-ultimo-tercio-del-siglo-ii-y-primero-del-i-a-c\/"},"modified":"2025-03-05T18:27:27","modified_gmt":"2025-03-05T18:27:27","slug":"unidad-ultimo-tercio-del-siglo-ii-y-primero-del-i-a-c","status":"publish","type":"product","link":"https:\/\/marqalicante-admin.qwair.com\/en\/product\/unidad-ultimo-tercio-del-siglo-ii-y-primero-del-i-a-c\/","title":{"rendered":"<b>Unit<\/b>   Last third of the 2nd and first third of the 1st century BC."},"content":{"rendered":"","protected":false},"excerpt":{"rendered":"<h3>Late Iberian or Late Republican<\/h3>\n<p><b>Metal:<\/b> Bronze.<br \/><b>Issuing entity: <\/b> Bolskan (Huesca).<br \/><b>Mint:<\/b> Bolskan (Huesca).<br \/><b>Date:<\/b> Last third of the 2nd and first third of the 1st century BC.<br \/><b>Obverse:<\/b><br \/> Bearded head right, dolphin behind.<br \/><b>Reverse:<\/b><br \/> Lancer horseman right, behind head star and below, on line, Iberian inscription BOLSKAN.<br \/><b>Weight:<\/b> 10.17 g - <b>Diameter:<\/b> 24 mm - <b>Axes:<\/b> 12 h.<br \/><b>Described in:<\/b> CNH, 211, no. 4.<br \/><b>Published in:<\/b><br \/>Ripoll\u00e8s Alegre, P. P., 1982: La circulaci\u00f3n monetaria en la Tarraconense Mediterr\u00e1nea, Valencia, p. 219, plate 28, no. 74; Ram\u00f3n S\u00e1nchez, J.J., Garc\u00eda Barrachina, A., Verd\u00fa Parra, E., Bayo Fuentes, S., 2010: \"Cat\u00e1logo. Antig\u00fcedad\", in Ram\u00f3n S\u00e1nchez, J.J. (ed.), Monedas. Todas las caras de la Historia. Numismatic collections of the MARQ, Alicante, p. 101.<br \/><b>Monetary Inventory Number:<\/b> 119.<br \/>Purchase. Isidro Albert Collection<\/p>","protected":false},"featured_media":35066,"template":"","meta":{"kia_subtitle":""},"product_brand":[],"product_cat":[2316],"product_tag":[],"class_list":{"0":"post-35764","1":"product","2":"type-product","3":"status-publish","4":"has-post-thumbnail","6":"product_cat-catalogo-numismatico","8":"first","9":"instock","10":"virtual","11":"product-type-simple"},"meta_box":{"ia_expediente":"","ia_ano":"","ia_fechas_de_actuacion":"","ia_municipios_comarcas":"","ia_directores":"","ia_periodos_culturales":"","ia_tipos_de_intervencion":"","ia_equipo_tecnico":"","ia_autores":"","ia_promotores":"","ia_deposito_de_materiales":"","ia_coordenadas_utm":""},"_links":{"self":[{"href":"https:\/\/marqalicante-admin.qwair.com\/en\/wp-json\/wp\/v2\/product\/35764","targetHints":{"allow":["GET"]}}],"collection":[{"href":"https:\/\/marqalicante-admin.qwair.com\/en\/wp-json\/wp\/v2\/product"}],"about":[{"href":"https:\/\/marqalicante-admin.qwair.com\/en\/wp-json\/wp\/v2\/types\/product"}],"wp:featuredmedia":[{"embeddable":true,"href":"https:\/\/marqalicante-admin.qwair.com\/en\/wp-json\/wp\/v2\/media\/35066"}],"wp:attachment":[{"href":"https:\/\/marqalicante-admin.qwair.com\/en\/wp-json\/wp\/v2\/media?parent=35764"}],"wp:term":[{"taxonomy":"product_brand","embeddable":true,"href":"https:\/\/marqalicante-admin.qwair.com\/en\/wp-json\/wp\/v2\/product_brand?post=35764"},{"taxonomy":"product_cat","embeddable":true,"href":"https:\/\/marqalicante-admin.qwair.com\/en\/wp-json\/wp\/v2\/product_cat?post=35764"},{"taxonomy":"product_tag","embeddable":true,"href":"https:\/\/marqalicante-admin.qwair.com\/en\/wp-json\/wp\/v2\/product_tag?post=35764"}],"curies":[{"name":"wp","href":"https:\/\/api.w.org\/{rel}","templated":true}]}}