{"id":35762,"date":"2025-03-05T18:24:01","date_gmt":"2025-03-05T18:24:01","guid":{"rendered":"https:\/\/marqalicante-admin.qwair.com\/item\/denario-segunda-mitad-del-siglo-ii-a-c\/"},"modified":"2025-03-05T18:27:27","modified_gmt":"2025-03-05T18:27:27","slug":"denario-segunda-mitad-del-siglo-ii-a-c","status":"publish","type":"product","link":"https:\/\/marqalicante-admin.qwair.com\/en\/product\/denario-segunda-mitad-del-siglo-ii-a-c\/","title":{"rendered":"<b>Denarius<\/b>   Second half of the 2nd century BC."},"content":{"rendered":"","protected":false},"excerpt":{"rendered":"<h3>Late Iberian or Late Republican<\/h3>\n<p><b>Metal:<\/b> Silver.<br \/><b>Issuing entity: <\/b> Bolskan (Huesca).<br \/><b>Mint:<\/b> Bolskan (Huesca).<br \/><b>Date:<\/b> Second half of the 2nd century BC.<br \/><b>Obverse:<\/b><br \/> Bearded head to right, some hooked curls, with dotted collar. On the back, Iberian inscription BON.<br \/><b>Reverse:<\/b><br \/> Lancer horseman to right. Below, on line, Iberian inscription BOLSKAN.<br \/><b>Weight:<\/b> 4.46 g - <b>Diameter:<\/b> 18 mm - <b>Axes:<\/b> 12 h.<br \/><b>Described in:<\/b> CNH, 211, no. 2.<br \/><b>Published in:<\/b><br \/>Rosell\u00f3 Cremades, N., 1990: \"Cataloguing of the Iberian and Roman numismatic collections of the collections of: D. Isidro Albert, D. Ram\u00f3n Quiles and of a hoard of late Roman coins\",Ayudas a la investigaci\u00f3n 1986-1987. Instituto de Cultura Juan Gil-Albert, 178, 179, no. 156; Ram\u00f3n S\u00e1nchez, J.J., Garc\u00eda Barrachina, A., Verd\u00fa Parra, E., Bayo Fuentes, S., 2010: \"Cat\u00e1logo. Antig\u00fcedad\", in Ram\u00f3n S\u00e1nchez, J.J. (ed.), Monedas. Todas las caras de la Historia. Numismatic collections of the MARQ, Alicante, p. 101.<br \/><b>Monetary Inventory Number:<\/b> 157.<br \/>Purchase. Isidro Albert Collection<\/p>","protected":false},"featured_media":35060,"template":"","meta":{"kia_subtitle":""},"product_brand":[],"product_cat":[2316],"product_tag":[],"class_list":{"0":"post-35762","1":"product","2":"type-product","3":"status-publish","4":"has-post-thumbnail","6":"product_cat-catalogo-numismatico","8":"first","9":"instock","10":"virtual","11":"product-type-simple"},"meta_box":{"ia_expediente":"","ia_ano":"","ia_fechas_de_actuacion":"","ia_municipios_comarcas":"","ia_directores":"","ia_periodos_culturales":"","ia_tipos_de_intervencion":"","ia_equipo_tecnico":"","ia_autores":"","ia_promotores":"","ia_deposito_de_materiales":"","ia_coordenadas_utm":""},"_links":{"self":[{"href":"https:\/\/marqalicante-admin.qwair.com\/en\/wp-json\/wp\/v2\/product\/35762","targetHints":{"allow":["GET"]}}],"collection":[{"href":"https:\/\/marqalicante-admin.qwair.com\/en\/wp-json\/wp\/v2\/product"}],"about":[{"href":"https:\/\/marqalicante-admin.qwair.com\/en\/wp-json\/wp\/v2\/types\/product"}],"wp:featuredmedia":[{"embeddable":true,"href":"https:\/\/marqalicante-admin.qwair.com\/en\/wp-json\/wp\/v2\/media\/35060"}],"wp:attachment":[{"href":"https:\/\/marqalicante-admin.qwair.com\/en\/wp-json\/wp\/v2\/media?parent=35762"}],"wp:term":[{"taxonomy":"product_brand","embeddable":true,"href":"https:\/\/marqalicante-admin.qwair.com\/en\/wp-json\/wp\/v2\/product_brand?post=35762"},{"taxonomy":"product_cat","embeddable":true,"href":"https:\/\/marqalicante-admin.qwair.com\/en\/wp-json\/wp\/v2\/product_cat?post=35762"},{"taxonomy":"product_tag","embeddable":true,"href":"https:\/\/marqalicante-admin.qwair.com\/en\/wp-json\/wp\/v2\/product_tag?post=35762"}],"curies":[{"name":"wp","href":"https:\/\/api.w.org\/{rel}","templated":true}]}}