{"id":35761,"date":"2025-03-05T18:24:01","date_gmt":"2025-03-05T18:24:01","guid":{"rendered":"https:\/\/marqalicante-admin.qwair.com\/item\/unidad-mitad-uncial-reducida-segunda-mitad-del-siglo-ii-a-c\/"},"modified":"2025-03-05T18:27:27","modified_gmt":"2025-03-05T18:27:27","slug":"unidad-mitad-uncial-reducida-segunda-mitad-del-siglo-ii-a-c","status":"publish","type":"product","link":"https:\/\/marqalicante-admin.qwair.com\/en\/product\/unidad-mitad-uncial-reducida-segunda-mitad-del-siglo-ii-a-c\/","title":{"rendered":"<b>Unit\/unit half reduced<\/b>   Second half of the 2nd century BC."},"content":{"rendered":"","protected":false},"excerpt":{"rendered":"<h3>Late Iberian or Late Republican<\/h3>\n<p><b>Metal:<\/b> Bronze.<br \/><b>Issuing entity: <\/b> Saitabi (X\u00e0tiva, Valencia).<br \/><b>Mint:<\/b> Saitabi (X\u00e0tiva).<br \/><b>Date:<\/b> Second half of the 2nd century BC.<br \/><b>Obverse:<\/b><br \/> Diademed male head right, with mantle and ring-shaped fibula with central point on the neck, palm behind.<br \/><b>Reverse:<\/b><br \/> Lancer horseman right; below, on line, Iberian inscription SAITI.<br \/><b>Weight:<\/b> 13.22 g - <b>Diameter:<\/b> 26 mm - <b>Axes:<\/b> 3 h.<br \/><b>Described in:<\/b> CNH, 315, n\u00ba 3; Vives, 20-2; Ripoll\u00e8s Alegre, P. P., 2007: Saitabi, Valencia, pp. 103, 136.<br \/><b>Published in:<\/b><br \/>Tarradell i Mateu, M., 1985: \"El poblat ib\u00e8ric del Tossal de la Cala de Benidorm. Notes d'excavaci\u00f3\", Fonaments, 5, p. 115, n\u00ba 2, plate 3.2; Bayo Fuentes, S., 2010: \"El yacimiento ib\u00e9rico de \"El Tossal de la Cala\", Museo Arqueol\u00f3gico de Alicante, Serie Trabajos de Arqueolog\u00eda I, Alicante, pp. 132, 133, 162; Ram\u00f3n S\u00e1nchez, J.J., Garc\u00eda Barrachina, A., Verd\u00fa Parra, E., Bayo Fuentes, S., 2010: \"Cat\u00e1logo. Antig\u00fcedad\", in Ram\u00f3n S\u00e1nchez, J.J. (ed.), Monedas. Todas las caras de la Historia. Numismatic collections of the MARQ, Alicante, p. 100.<br \/><b>Monetary Inventory Number:<\/b> 4629.<br \/>Excavation. Tossal de la Cala<\/p>","protected":false},"featured_media":35057,"template":"","meta":{"kia_subtitle":""},"product_brand":[],"product_cat":[2316],"product_tag":[],"class_list":{"0":"post-35761","1":"product","2":"type-product","3":"status-publish","4":"has-post-thumbnail","6":"product_cat-catalogo-numismatico","8":"first","9":"instock","10":"virtual","11":"product-type-simple"},"meta_box":{"ia_expediente":"","ia_ano":"","ia_fechas_de_actuacion":"","ia_municipios_comarcas":"","ia_directores":"","ia_periodos_culturales":"","ia_tipos_de_intervencion":"","ia_equipo_tecnico":"","ia_autores":"","ia_promotores":"","ia_deposito_de_materiales":"","ia_coordenadas_utm":""},"_links":{"self":[{"href":"https:\/\/marqalicante-admin.qwair.com\/en\/wp-json\/wp\/v2\/product\/35761","targetHints":{"allow":["GET"]}}],"collection":[{"href":"https:\/\/marqalicante-admin.qwair.com\/en\/wp-json\/wp\/v2\/product"}],"about":[{"href":"https:\/\/marqalicante-admin.qwair.com\/en\/wp-json\/wp\/v2\/types\/product"}],"wp:featuredmedia":[{"embeddable":true,"href":"https:\/\/marqalicante-admin.qwair.com\/en\/wp-json\/wp\/v2\/media\/35057"}],"wp:attachment":[{"href":"https:\/\/marqalicante-admin.qwair.com\/en\/wp-json\/wp\/v2\/media?parent=35761"}],"wp:term":[{"taxonomy":"product_brand","embeddable":true,"href":"https:\/\/marqalicante-admin.qwair.com\/en\/wp-json\/wp\/v2\/product_brand?post=35761"},{"taxonomy":"product_cat","embeddable":true,"href":"https:\/\/marqalicante-admin.qwair.com\/en\/wp-json\/wp\/v2\/product_cat?post=35761"},{"taxonomy":"product_tag","embeddable":true,"href":"https:\/\/marqalicante-admin.qwair.com\/en\/wp-json\/wp\/v2\/product_tag?post=35761"}],"curies":[{"name":"wp","href":"https:\/\/api.w.org\/{rel}","templated":true}]}}