{"id":35757,"date":"2025-03-05T18:23:59","date_gmt":"2025-03-05T18:23:59","guid":{"rendered":"https:\/\/marqalicante-admin.qwair.com\/item\/felus-ano-108-h-726-727-d-c\/"},"modified":"2025-03-05T18:27:26","modified_gmt":"2025-03-05T18:27:26","slug":"felus-ano-108-h-726-727-d-c","status":"publish","type":"product","link":"https:\/\/marqalicante-admin.qwair.com\/en\/product\/felus-ano-108-h-726-727-d-c\/","title":{"rendered":"<b>Fel\u00fas<\/b>   Year 108 A.D. \/ 726-727 A.D."},"content":{"rendered":"","protected":false},"excerpt":{"rendered":"<h3>Medieval Islamic<\/h3>\n<p><b>Metal:<\/b> Copper.<br \/><b>Issuing entity: <\/b> Dependent Emirate.<br \/><b>Mint:<\/b> Al-Andalus.<br \/><b>Date:<\/b> Year 108 A.D. \/ 726-727 A.D.<br \/><b>Obverse:<\/b><br \/> IC: \u0645\u062d\u0645\u062f \u0631<br \/>\n      &#1585;&#1587;&#1608;&#1604; &#1604;&#1604;&#1607;<br \/>\nIM: \u0636\u0631\u0628 \u0647\u0630\u0627 \u0627\u0644\u0641\u0644\u0633<br \/><b>Reverse:<\/b><br \/> IIC: \u0644\u0627 \u0627\u0644\u0647 \u0627<br \/>\n       &#1604;&#1575; &#1604;&#1604;&#1607;<br \/>\nIM: \u0628\u0627\u0644\u0627\u0646\u062f\u0644\u0633 \u0633\u0646\u0629 \u062b\u0645\u0627\u0646 \u0648\u0645\u064a\u0629<br \/><b>Weight:<\/b> 5.27 g - <b>Diameter:<\/b> 19 mm - <b>Axes:<\/b> 9 h.<br \/><b>Described in:<\/b> Vives 42; Frochoso, 2001, XIX-b.<br \/><b>Published in:<\/b><br \/>Dom\u00e9nech Belda, C., Ram\u00f3n S\u00e1nchez, J.J., Ahuir Dom\u00ednguez, J.A., 2010: \"Cat\u00e1logo. Edad Media\", in Ram\u00f3n S\u00e1nchez, J.J. (ed.), Coins. Todas las caras de la Historia. Numismatic collections of the MARQ, Alicante, p. 130.<br \/><b>Monetary Inventory Number:<\/b> 5421.<br \/>Purchase. P\u00e9rez Cort\u00e9s Collection<\/p>","protected":false},"featured_media":35045,"template":"","meta":{"kia_subtitle":""},"product_brand":[],"product_cat":[2316],"product_tag":[],"class_list":{"0":"post-35757","1":"product","2":"type-product","3":"status-publish","4":"has-post-thumbnail","6":"product_cat-catalogo-numismatico","8":"first","9":"instock","10":"virtual","11":"product-type-simple"},"meta_box":{"ia_expediente":"","ia_ano":"","ia_fechas_de_actuacion":"","ia_municipios_comarcas":"","ia_directores":"","ia_periodos_culturales":"","ia_tipos_de_intervencion":"","ia_equipo_tecnico":"","ia_autores":"","ia_promotores":"","ia_deposito_de_materiales":"","ia_coordenadas_utm":""},"_links":{"self":[{"href":"https:\/\/marqalicante-admin.qwair.com\/en\/wp-json\/wp\/v2\/product\/35757","targetHints":{"allow":["GET"]}}],"collection":[{"href":"https:\/\/marqalicante-admin.qwair.com\/en\/wp-json\/wp\/v2\/product"}],"about":[{"href":"https:\/\/marqalicante-admin.qwair.com\/en\/wp-json\/wp\/v2\/types\/product"}],"wp:featuredmedia":[{"embeddable":true,"href":"https:\/\/marqalicante-admin.qwair.com\/en\/wp-json\/wp\/v2\/media\/35045"}],"wp:attachment":[{"href":"https:\/\/marqalicante-admin.qwair.com\/en\/wp-json\/wp\/v2\/media?parent=35757"}],"wp:term":[{"taxonomy":"product_brand","embeddable":true,"href":"https:\/\/marqalicante-admin.qwair.com\/en\/wp-json\/wp\/v2\/product_brand?post=35757"},{"taxonomy":"product_cat","embeddable":true,"href":"https:\/\/marqalicante-admin.qwair.com\/en\/wp-json\/wp\/v2\/product_cat?post=35757"},{"taxonomy":"product_tag","embeddable":true,"href":"https:\/\/marqalicante-admin.qwair.com\/en\/wp-json\/wp\/v2\/product_tag?post=35757"}],"curies":[{"name":"wp","href":"https:\/\/api.w.org\/{rel}","templated":true}]}}